{"id":1684,"date":"2022-01-21T08:01:04","date_gmt":"2022-01-21T07:01:04","guid":{"rendered":"https:\/\/websrv.saske.sk\/imr\/?page_id=1684"},"modified":"2024-12-18T11:02:22","modified_gmt":"2024-12-18T10:02:22","slug":"plan-rodovej-rovnosti-umv-sav-2","status":"publish","type":"page","link":"https:\/\/websrv.saske.sk\/imr\/dokumenty\/plan-rodovej-rovnosti-umv-sav-2\/","title":{"rendered":"P\u00e1n rodovej rovnosti"},"content":{"rendered":"<h2><a href=\"https:\/\/websrv.saske.sk\/imr\/wp-content\/uploads\/2022\/01\/Plan-rodovej-rovnosti-UMV-SAV.pdf\" target=\"_blank\" rel=\"noopener\"><span style=\"color: #0000ff;\">Pl\u00e1n rodovej rovnosti \u00daMV SAV, v.v.i. 2022<\/span><\/a><\/h2>\n<h2><a href=\"https:\/\/websrv.saske.sk\/imr\/wp-content\/uploads\/2022\/12\/PRR-21-24.pdf\" target=\"_blank\" rel=\"noopener\"><span style=\"color: #0000ff;\">Pl\u00e1n rodovej rovnosti \u00daMV SAV, v.v.i. 2023<\/span><\/a><\/h2>\n<h2><a href=\"https:\/\/websrv.saske.sk\/imr\/wp-content\/uploads\/2024\/12\/Plan-rodovej-rovnosti-UMVSAV-2025.pdf\"><span style=\"color: #0000ff;\">Pl\u00e1n rodovej rovnosti Slovenskej akad\u00e9mie vied 2025 \u2013 2029<\/span><\/a><\/h2>\n","protected":false},"excerpt":{"rendered":"<p>Pl\u00e1n rodovej rovnosti \u00daMV SAV, v.v.i. 2022 Pl\u00e1n rodovej rovnosti \u00daMV SAV, v.v.i. 2023 Pl\u00e1n rodovej rovnosti Slovenskej akad\u00e9mie vied 2025 \u2013 2029<\/p>\n","protected":false},"author":1,"featured_media":0,"parent":43,"menu_order":5,"comment_status":"closed","ping_status":"closed","template":"","meta":{"footnotes":""},"class_list":["post-1684","page","type-page","status-publish","hentry"],"_links":{"self":[{"href":"https:\/\/websrv.saske.sk\/imr\/wp-json\/wp\/v2\/pages\/1684","targetHints":{"allow":["GET"]}}],"collection":[{"href":"https:\/\/websrv.saske.sk\/imr\/wp-json\/wp\/v2\/pages"}],"about":[{"href":"https:\/\/websrv.saske.sk\/imr\/wp-json\/wp\/v2\/types\/page"}],"author":[{"embeddable":true,"href":"https:\/\/websrv.saske.sk\/imr\/wp-json\/wp\/v2\/users\/1"}],"replies":[{"embeddable":true,"href":"https:\/\/websrv.saske.sk\/imr\/wp-json\/wp\/v2\/comments?post=1684"}],"version-history":[{"count":12,"href":"https:\/\/websrv.saske.sk\/imr\/wp-json\/wp\/v2\/pages\/1684\/revisions"}],"predecessor-version":[{"id":2134,"href":"https:\/\/websrv.saske.sk\/imr\/wp-json\/wp\/v2\/pages\/1684\/revisions\/2134"}],"up":[{"embeddable":true,"href":"https:\/\/websrv.saske.sk\/imr\/wp-json\/wp\/v2\/pages\/43"}],"wp:attachment":[{"href":"https:\/\/websrv.saske.sk\/imr\/wp-json\/wp\/v2\/media?parent=1684"}],"curies":[{"name":"wp","href":"https:\/\/api.w.org\/{rel}","templated":true}]}}