{"id":165,"date":"2019-02-13T08:15:56","date_gmt":"2019-02-13T07:15:56","guid":{"rendered":"http:\/\/websrv.saske.sk\/imr\/?page_id=165"},"modified":"2019-06-07T10:45:26","modified_gmt":"2019-06-07T08:45:26","slug":"expertizy","status":"publish","type":"page","link":"https:\/\/websrv.saske.sk\/imr\/vedecke-divizie\/divizia-keramickych-a-nekovovych-systemov\/expertizy\/","title":{"rendered":"Expert\u00edzy"},"content":{"rendered":"<ul>\n<li>Sk\u00fa\u0161ky trenia a\u00a0opotrebenia s\u00a0n\u00e1sledn\u00fdm ur\u010den\u00edm mechanick\u00e9ho opotrebenia s\u00fa\u010diastok.<\/li>\n<\/ul>\n<p style=\"padding-left: 30px\">(kontakt: phvizdos@saske.sk)<\/p>\n<ul>\n<li>Detailn\u00e1 fraktografick\u00e1 anal\u00fdza lomov\u00fdch pl\u00f4ch testovan\u00fdch materi\u00e1lov a s\u00fa\u010diastok.<\/li>\n<\/ul>\n<p style=\"padding-left: 30px\">(kontakt: akovalcikova@saske.sk)<\/p>\n<ul>\n<li>Detailn\u00e1 mikro\u0161trukt\u00farna anal\u00fdza materi\u00e1lov, ich chemick\u00e9 prvkov\u00e9 a\u00a0f\u00e1zov\u00e9 zlo\u017eenie.<\/li>\n<\/ul>\n<p style=\"padding-left: 30px\">(kontakt: akovalcikova@saske.sk)<\/p>\n","protected":false},"excerpt":{"rendered":"<p>Sk\u00fa\u0161ky trenia a\u00a0opotrebenia s\u00a0n\u00e1sledn\u00fdm ur\u010den\u00edm mechanick\u00e9ho opotrebenia s\u00fa\u010diastok. (kontakt: phvizdos@saske.sk) Detailn\u00e1 fraktografick\u00e1 anal\u00fdza lomov\u00fdch pl\u00f4ch testovan\u00fdch materi\u00e1lov a s\u00fa\u010diastok. (kontakt: akovalcikova@saske.sk) Detailn\u00e1 mikro\u0161trukt\u00farna anal\u00fdza materi\u00e1lov,&#8230;<\/p>\n","protected":false},"author":1,"featured_media":0,"parent":108,"menu_order":70,"comment_status":"closed","ping_status":"closed","template":"","meta":{"footnotes":""},"class_list":["post-165","page","type-page","status-publish","hentry"],"_links":{"self":[{"href":"https:\/\/websrv.saske.sk\/imr\/wp-json\/wp\/v2\/pages\/165","targetHints":{"allow":["GET"]}}],"collection":[{"href":"https:\/\/websrv.saske.sk\/imr\/wp-json\/wp\/v2\/pages"}],"about":[{"href":"https:\/\/websrv.saske.sk\/imr\/wp-json\/wp\/v2\/types\/page"}],"author":[{"embeddable":true,"href":"https:\/\/websrv.saske.sk\/imr\/wp-json\/wp\/v2\/users\/1"}],"replies":[{"embeddable":true,"href":"https:\/\/websrv.saske.sk\/imr\/wp-json\/wp\/v2\/comments?post=165"}],"version-history":[{"count":5,"href":"https:\/\/websrv.saske.sk\/imr\/wp-json\/wp\/v2\/pages\/165\/revisions"}],"predecessor-version":[{"id":1141,"href":"https:\/\/websrv.saske.sk\/imr\/wp-json\/wp\/v2\/pages\/165\/revisions\/1141"}],"up":[{"embeddable":true,"href":"https:\/\/websrv.saske.sk\/imr\/wp-json\/wp\/v2\/pages\/108"}],"wp:attachment":[{"href":"https:\/\/websrv.saske.sk\/imr\/wp-json\/wp\/v2\/media?parent=165"}],"curies":[{"name":"wp","href":"https:\/\/api.w.org\/{rel}","templated":true}]}}