{"id":161,"date":"2019-02-13T08:15:31","date_gmt":"2019-02-13T07:15:31","guid":{"rendered":"http:\/\/websrv.saske.sk\/imr\/?page_id=161"},"modified":"2019-06-06T13:18:35","modified_gmt":"2019-06-06T11:18:35","slug":"ocenenia","status":"publish","type":"page","link":"https:\/\/websrv.saske.sk\/imr\/vedecke-divizie\/divizia-keramickych-a-nekovovych-systemov\/ocenenia\/","title":{"rendered":"Ocenenia"},"content":{"rendered":"<p><span style=\"color: #ff6600\"><strong>J\u00e1n Dusza<\/strong><\/span><\/p>\n<ul>\n<li>2018 &#8211; Uvedenie do <strong>Siene sl\u00e1vy vr\u00e1mci ocenenia Ko\u0161i\u010dan roka 2017<\/strong><\/li>\n<li>2017 &#8211; Podpredseda Ma\u010farskej akademickej rady na Slovensku<\/li>\n<li>2016 &#8211; Mimoriadny profesor, NWPU, XI\u00b4AN, CHINA<\/li>\n<li>2016 &#8211; Cena Jedlik Anyos, Slovensko<\/li>\n<li>2015 &#8211; \u010clen Eur\u00f3pskej keramickej spolo\u010dnosti<\/li>\n<li>2014 &#8211; Cena Dennis Gabor, Budape\u0161\u0165, Ma\u010farsko<\/li>\n<li>2012 &#8211; Academician of the World Academy of Ceramics,<\/li>\n<li>2012 &#8211; Cena SAV za budovanie infra\u0161trukt\u00fary pre vedu \u2013 \u010dlen ocenen\u00e9ho kolekt\u00edvu<\/li>\n<li>2008 &#8211; Cena SAV za pr\u00edspevok k v\u00fdskumu a v\u00fdvoju progres\u00edvnych keramick\u00fdch materi\u00e1lov &#8211; \u010dlen kolekt\u00edvu<\/li>\n<li>2008 &#8211; V\u00fdskumn\u00edk roka 2008 za medzin\u00e1rodn\u00fa spolupr\u00e1cu<\/li>\n<li>2009 &#8211; \u010clen Slovenskej u\u010denej spolo\u010dnosti, Slovensko<\/li>\n<li>2008 &#8211; Academician of the Hungarian Academy of Sciences, Ma\u010farsko<\/li>\n<li>1999 &#8211; 2000 &#8211; Hertha Filnberg fellowship, Austrian Research Center Seibersdorf, Austria<\/li>\n<li>1998 &#8211; 99 &#8211; EC Fellow, Institute for Advanced Materials Petten, JRC, The Netherlands<\/li>\n<li>1994 &#8211; 95 &#8211; Lisa Meitner fellowship, University of Vienna, Austria<\/li>\n<li>1989 &#8211; 90 &#8211; Alexander von Humboldt Fellowship, Max Planck Institute, Stuttgart, Germany<\/li>\n<\/ul>\n<p>&nbsp;<\/p>\n<p><span style=\"color: #ff6600\"><strong>Pavol Hvizdo\u0161<\/strong><\/span><\/p>\n<ul>\n<li>2018 &#8211; Pam\u00e4tn\u00e1 medaila Vedecko-v\u00fdskumn\u00e9ho centra \u017deleziarn\u00ed Podbrezov\u00e1 s.r.o,<\/li>\n<li>2017 &#8211; Pam\u00e4tn\u00e1 minca Fakulty metalurgie, materi\u00e1lov a recykl\u00e1cie TU Ko\u0161ice<\/li>\n<li>2017 &#8211; Platinov\u00e1 medaila Strojn\u00edckej fakulty TU Ko\u0161ice<\/li>\n<li>2017 &#8211; Ve\u013ek\u00e1 medaila Fakulty v\u00fdrobn\u00fdch technol\u00f3gi\u00ed so s\u00eddlom v Pre\u0161ove, TU Ko\u0161ice<\/li>\n<li>2012 &#8211; Cena SAV za budovanie infra\u0161trukt\u00fary pre vedu \u2013 \u010dlen ocenen\u00e9ho kolekt\u00edvu<\/li>\n<li>2008 &#8211; Cena SAV &#8211; V\u00fdskumn\u00edk roka 2008<\/li>\n<li>2003-05 &#8211; Ramon y Cajal Fellowship, \u0160panielsko<\/li>\n<li>2000-02 &#8211; Marie Curie Fellowship, Ve\u013ek\u00e1 Brit\u00e1nia<\/li>\n<li>1998 &#8211; NATO Fellowship, Ve\u013ek\u00e1 Brit\u00e1nia<\/li>\n<\/ul>\n<p>&nbsp;<\/p>\n<p><span style=\"color: #ff6600\"><strong>Franti\u0161ek Lofaj<\/strong><\/span><\/p>\n<ul>\n<li>2012 &#8211; Cena SAV za budovanie infra\u0161trukt\u00fary pre vedu \u2013 \u010dlen ocenen\u00e9ho kolekt\u00edvu<\/li>\n<li>2008 &#8211; Cena SAV za pr\u00edspevok k v\u00fdskumu a v\u00fdvoju progres\u00edvnych keramick\u00fdch materi\u00e1lov &#8211; \u010dlen kolekt\u00edvu<\/li>\n<li>2005 &#8211; JRC Fellowship, Holandsko<\/li>\n<li>2003 &#8211; Europa Fellowship od A. von Humboldt Foundation, Franc\u00fazsko<\/li>\n<li>2002-03 &#8211; Alexander von Humboldt Fellowship, SRN<\/li>\n<li>2001 &#8211; United Engineering Foundation Fellowship (2001) USA<\/li>\n<li>2000 &#8211; J.W. Fulbright Fellowship USA<\/li>\n<li>1999 &#8211; NIST Visiting Researcher Fellowship, USA<\/li>\n<li>1999 &#8211; Iketani Science Foundation Fellowship, Japonsko<\/li>\n<li>1998 &#8211; Deutsche Forschungsgemeinschaft Stiftung v r\u00e1mci projektu SFB 371, SRN<\/li>\n<li>1996-97 &#8211; Japan Fine Ceramic Center, Fellowship, Japonsko<\/li>\n<li>1994-95 a\u00a01997 &#8211; Science and Technology Agency Fellowship, Japonsko<\/li>\n<\/ul>\n<p>&nbsp;<\/p>\n<p><span style=\"color: #ff6600\"><strong>Alexandra Koval\u010d\u00edkov\u00e1<\/strong><\/span><\/p>\n<ul>\n<li>2017 &#8211; Cena SAV v\u00a0kateg\u00f3rii:\u00a0 Mlad\u00fd vedeck\u00fd kolekt\u00edv<\/li>\n<li>2012 &#8211; Ocenenie prezidenta SR mlad\u00fdm vedcom: Za v\u00fdskum v\u00a0oblasti chemick\u00e9ho zlo\u017eenia tepeln\u00e9ho spracovania modern\u00fdch keramick\u00fdch kompozitn\u00fdch materi\u00e1lov<\/li>\n<li>2012 &#8211; 3. miesto v\u00a0I. oddelen\u00ed vied v\u00a0s\u00fa\u0165a\u017ei Mlad\u00fd vedeck\u00fd pracovn\u00edk SAV do 35 rokov<\/li>\n<li>2008 &#8211; Z\u00edskanie \u0161tipendia z\u00a0Podporn\u00e9ho\u00a0 Fondu \u0160tefana Schwarza na vytv\u00e1ranie postdoktorandsk\u00fdch miest v\u00a0SAV<\/li>\n<\/ul>\n<p>&nbsp;<\/p>\n<p><span style=\"color: #ff6600\"><strong>Tam\u00e1s Csan\u00e1di<\/strong><\/span><\/p>\n<ul>\n<li>2018 &#8211; Acta Student Award (Columbus, Ohio, USA)<\/li>\n<li>2018 &#8211; Fund of \u0160tefan Schwarz awarded by the Slovak Academy of Sciences (Bratislava, Slovakia)<\/li>\n<li>2017 &#8211; Prize of the Slovak Academy of Sciences for a team of young scientists (Smolenice, Slovakia)<\/li>\n<li>2015 &#8211; 3<sup>rd<\/sup> place on ECERS (European Ceramic Society) Student Speech Contest (ECERS, Toledo, Spain)<\/li>\n<li>2015 &#8211; 1<sup>st<\/sup> place on Competition of Young Scientists under the age of 35 years (Slovak Academy of Sciences, Bratislava, Slovakia)<\/li>\n<li>2014 &#8211; 1<sup>st<\/sup> place on Competition of Seminar of PhD Students (IMR-SAS, Ko\u0161ice, Slovakia)<\/li>\n<li>2007 &#8211; Excellent student of Faculty of Science Award (ELTE, Budapest, Hungary)<\/li>\n<li>2006 &#8211; Scientific Student Society Acknowledgement (ELTE, Budapest, Hungary)<\/li>\n<li>2005 &#8211; 2<sup>nd<\/sup> place on Conference of Scientific Student Society (ELTE, Budapest, Hungary)<\/li>\n<\/ul>\n<p>&nbsp;<\/p>\n<p><span style=\"color: #ff6600\"><strong>Richard Sedl\u00e1k<\/strong><\/span><\/p>\n<ul>\n<li>2018 &#8211; 2<sup>nd<\/sup> place on Competition of Young Scientists under the age of 35 years (Slovak Academy of Sciences, Bratislava, Slovakia)<\/li>\n<li>2017 &#8211; 1<sup>st<\/sup> place on Competition of Seminar of PhD Students (IMR-SAS, Ko\u0161ice, Slovakia)<\/li>\n<\/ul>\n","protected":false},"excerpt":{"rendered":"<p>J\u00e1n Dusza 2018 &#8211; Uvedenie do Siene sl\u00e1vy vr\u00e1mci ocenenia Ko\u0161i\u010dan roka 2017 2017 &#8211; Podpredseda Ma\u010farskej akademickej rady na Slovensku 2016 &#8211; Mimoriadny profesor,&#8230;<\/p>\n","protected":false},"author":1,"featured_media":0,"parent":108,"menu_order":50,"comment_status":"closed","ping_status":"closed","template":"","meta":{"footnotes":""},"class_list":["post-161","page","type-page","status-publish","hentry"],"_links":{"self":[{"href":"https:\/\/websrv.saske.sk\/imr\/wp-json\/wp\/v2\/pages\/161","targetHints":{"allow":["GET"]}}],"collection":[{"href":"https:\/\/websrv.saske.sk\/imr\/wp-json\/wp\/v2\/pages"}],"about":[{"href":"https:\/\/websrv.saske.sk\/imr\/wp-json\/wp\/v2\/types\/page"}],"author":[{"embeddable":true,"href":"https:\/\/websrv.saske.sk\/imr\/wp-json\/wp\/v2\/users\/1"}],"replies":[{"embeddable":true,"href":"https:\/\/websrv.saske.sk\/imr\/wp-json\/wp\/v2\/comments?post=161"}],"version-history":[{"count":7,"href":"https:\/\/websrv.saske.sk\/imr\/wp-json\/wp\/v2\/pages\/161\/revisions"}],"predecessor-version":[{"id":1132,"href":"https:\/\/websrv.saske.sk\/imr\/wp-json\/wp\/v2\/pages\/161\/revisions\/1132"}],"up":[{"embeddable":true,"href":"https:\/\/websrv.saske.sk\/imr\/wp-json\/wp\/v2\/pages\/108"}],"wp:attachment":[{"href":"https:\/\/websrv.saske.sk\/imr\/wp-json\/wp\/v2\/media?parent=161"}],"curies":[{"name":"wp","href":"https:\/\/api.w.org\/{rel}","templated":true}]}}