{"id":159,"date":"2019-02-13T08:15:18","date_gmt":"2019-02-13T07:15:18","guid":{"rendered":"http:\/\/websrv.saske.sk\/imr\/?page_id=159"},"modified":"2019-06-06T12:02:04","modified_gmt":"2019-06-06T10:02:04","slug":"spolupraca","status":"publish","type":"page","link":"https:\/\/websrv.saske.sk\/imr\/vedecke-divizie\/divizia-keramickych-a-nekovovych-systemov\/spolupraca\/","title":{"rendered":"Spolupr\u00e1ca"},"content":{"rendered":"<ul>\n<li>Queen Mary University, London, UK<\/li>\n<li>Hungarian Academy of Sciences Centre for Energy Research (MTA EK), Ma\u010farsko Fraunhofer IKTS, Nemecko<\/li>\n<li>Northwestern polytechnical university Xi&#8217;an, China<\/li>\n<li>The Institute of Advanced Manufacturing Technology (IOS), Po\u013esko<\/li>\n<li>Tallinn University of Technology (TUT), Est\u00f3nsko<\/li>\n<li>Institute of Electronic Materials Technology, Poland<\/li>\n<li>Institute of Fundamental Technological Research, Polish Academy of Sciences, Poland<\/li>\n<li>Warsaw University of Technology, Poland<\/li>\n<li>SEFAKO S.A., Poland<\/li>\n<li>Missouri University of Science and Technology, Rolla MO, United States<\/li>\n<li>Laboratory for Mechanics for Materials and Nanostructures at Empa, Thun, Switzerland<\/li>\n<li>E\u00f6tv\u00f6s Lor\u00e1nd University, Budapest, Hungary<\/li>\n<li>Centre for Energy Research &#8211; Hungarian Academy of Sciences, Budapest, Hungary<\/li>\n<li>Research Center in Industrial Technologies (CRTI), Ch\u00e9raga, Algeria<\/li>\n<li>Universitat Polit\u00e9cnica de Catalunya, Barcelona, Spain<\/li>\n<li>Institute of Inorganic Chemistry &#8211; Slovak Academy of Sciences, Bratislava, Slovakia<\/li>\n<\/ul>\n","protected":false},"excerpt":{"rendered":"<p>Queen Mary University, London, UK Hungarian Academy of Sciences Centre for Energy Research (MTA EK), Ma\u010farsko Fraunhofer IKTS, Nemecko Northwestern polytechnical university Xi&#8217;an, China The&#8230;<\/p>\n","protected":false},"author":1,"featured_media":0,"parent":108,"menu_order":40,"comment_status":"closed","ping_status":"closed","template":"","meta":{"footnotes":""},"class_list":["post-159","page","type-page","status-publish","hentry"],"_links":{"self":[{"href":"https:\/\/websrv.saske.sk\/imr\/wp-json\/wp\/v2\/pages\/159","targetHints":{"allow":["GET"]}}],"collection":[{"href":"https:\/\/websrv.saske.sk\/imr\/wp-json\/wp\/v2\/pages"}],"about":[{"href":"https:\/\/websrv.saske.sk\/imr\/wp-json\/wp\/v2\/types\/page"}],"author":[{"embeddable":true,"href":"https:\/\/websrv.saske.sk\/imr\/wp-json\/wp\/v2\/users\/1"}],"replies":[{"embeddable":true,"href":"https:\/\/websrv.saske.sk\/imr\/wp-json\/wp\/v2\/comments?post=159"}],"version-history":[{"count":3,"href":"https:\/\/websrv.saske.sk\/imr\/wp-json\/wp\/v2\/pages\/159\/revisions"}],"predecessor-version":[{"id":1129,"href":"https:\/\/websrv.saske.sk\/imr\/wp-json\/wp\/v2\/pages\/159\/revisions\/1129"}],"up":[{"embeddable":true,"href":"https:\/\/websrv.saske.sk\/imr\/wp-json\/wp\/v2\/pages\/108"}],"wp:attachment":[{"href":"https:\/\/websrv.saske.sk\/imr\/wp-json\/wp\/v2\/media?parent=159"}],"curies":[{"name":"wp","href":"https:\/\/api.w.org\/{rel}","templated":true}]}}