{"id":141,"date":"2019-02-13T08:12:09","date_gmt":"2019-02-13T07:12:09","guid":{"rendered":"http:\/\/websrv.saske.sk\/imr\/?page_id=141"},"modified":"2019-03-18T10:21:39","modified_gmt":"2019-03-18T09:21:39","slug":"expertizy","status":"publish","type":"page","link":"https:\/\/websrv.saske.sk\/imr\/vedecke-divizie\/divizia-kovovych-systemov\/expertizy\/","title":{"rendered":"Expert\u00edzy"},"content":{"rendered":"<p>(kontaktn\u00e9 osoby: Ing. K. Saksl, DrSc., RNDr. M. D\u017eupon, PhD., RNDr. F. Kov\u00e1\u010d, CSc.)<\/p>\n<p>V\u00fdskumn\u00e9 aktivity odborn\u00fdch a vedeck\u00fdch pracovn\u00edkov Div\u00edzie kovov\u00fdch syst\u00e9mov \u00dastavu materi\u00e1lov\u00e9ho v\u00fdskumu SAV zahr\u0148uj\u00fa aj oblas\u0165 realiz\u00e1cie komplexn\u00fdch materi\u00e1lov\u00fdch expert\u00edz, zameran\u00fdch na anal\u00fdzu a\u00a0rie\u0161enie probl\u00e9mov t\u00fdkaj\u00facich sa pou\u017eitia kovov\u00fdch materi\u00e1lov (napr. kon\u0161truk\u010dn\u00fdch, n\u00e1strojov\u00fdch a antikor\u00f3znych ocel\u00ed, ne\u017eelezn\u00fdch kovov na b\u00e1ze hlin\u00edka, hor\u010d\u00edka, medi, Ni-superzliatin, odliatkov liatych met\u00f3dou tlakov\u00e9ho liatia, zvarov\u00fdch spojov, n\u00e1varov, at\u010f.). Konkr\u00e9tnu expert\u00edzu na po\u017eiadanie z\u00e1ujemcu realizuje sk\u00fasen\u00fd t\u00edm odborn\u00edkov, veden\u00fd zodpovedn\u00fdm rie\u0161ite\u013eom v\u00fdskumnej \u00falohy, s\u00a0najlep\u0161\u00edmi znalos\u0165ami v\u00a0danej materi\u00e1lovej oblasti. Expert\u00edzna \u010dinnos\u0165 sa opiera o\u00a0vyu\u017eitie modern\u00fdch analytick\u00fdch met\u00f3d\u00a0 charakteriz\u00e1cie mikro\u0161trukt\u00fary, chemick\u00e9ho a\u00a0f\u00e1zov\u00e9ho zlo\u017eenia a stanovenia mechanick\u00fdch vlastnost\u00ed vr\u00e1tane fraktografickej anal\u00fdzy. Hlavn\u00e9 oblasti realizovan\u00fdch expert\u00edz zahr\u0148uj\u00fa:<\/p>\n<ul>\n<li>anal\u00fdzu pr\u00ed\u010din poru\u0161enia resp. straty funk\u010dn\u00fdch vlastnost\u00ed kon\u0161truk\u010dn\u00fdch prvkov a\u00a0s\u00fa\u010diastok a\u00a0n\u00e1vrh vhodn\u00fdch opatren\u00ed pre rie\u0161enie analyzovan\u00e9ho probl\u00e9mu<\/li>\n<li>n\u00e1vrh a optimaliz\u00e1ciu tepeln\u00e9ho spracovania kovov\u00fdch v\u00fdrobkov z h\u013eadiska zlep\u0161enia funk\u010dn\u00fdch vlastnost\u00ed<\/li>\n<li>operat\u00edvne anal\u00fdzy kvality kovov\u00fdch v\u00fdrobkov pod\u013ea vypracovan\u00fdch sk\u00fa\u0161obn\u00fdch postupov<\/li>\n<\/ul>\n<p><strong>\u00a0<\/strong><\/p>\n<p><strong>EXPERT\u00cdZNA A KONZULTA\u010cNO-PORADENSK\u00c1 \u010cINNOS\u0164:<\/strong><\/p>\n<p>T\u00edm odborn\u00edkov \u00dastavu materi\u00e1lov\u00e9ho v\u00fdskumu pre oblas\u0165 kovov\u00fdch materi\u00e1lov na po\u017eiadanie spracuje a\u00a0poskytne materi\u00e1lov\u00fa expert\u00edzu, ktor\u00e1 pod\u013ea po\u017eiadaviek z\u00e1ujemcu m\u00f4\u017ee zah\u0155\u0148a\u0165:<\/p>\n<ul>\n<li>pos\u00fadenie dan\u00e9ho probl\u00e9mu z\u00a0h\u013eadiska identifik\u00e1cie mo\u017en\u00fdch pr\u00ed\u010din jeho vzniku (napr. rozbor degrada\u010dn\u00fdch mechanizmov podmie\u0148uj\u00facich vznik dan\u00e9ho probl\u00e9mu)<\/li>\n<li>komplexn\u00fa materi\u00e1lov\u00fa anal\u00fdzu zahr\u0148uj\u00facu anal\u00fdzy mikro\u0161trukt\u00fary, chemick\u00e9ho a\u00a0f\u00e1zov\u00e9ho zlo\u017eenia, stanovenie mechanick\u00fdch vlastnost\u00ed vr\u00e1tane fraktografickej anal\u00fdzy lomov\u00fdch povrchov<\/li>\n<li>n\u00e1vrh mo\u017enost\u00ed rie\u0161enia dan\u00e9ho probl\u00e9mu, pr\u00edpadne aj overenie rie\u0161enia v laborat\u00f3rnych podmienkach<\/li>\n<\/ul>\n","protected":false},"excerpt":{"rendered":"<p>(kontaktn\u00e9 osoby: Ing. K. Saksl, DrSc., RNDr. M. D\u017eupon, PhD., RNDr. F. Kov\u00e1\u010d, CSc.) V\u00fdskumn\u00e9 aktivity odborn\u00fdch a vedeck\u00fdch pracovn\u00edkov Div\u00edzie kovov\u00fdch syst\u00e9mov \u00dastavu materi\u00e1lov\u00e9ho&#8230;<\/p>\n","protected":false},"author":1,"featured_media":0,"parent":106,"menu_order":70,"comment_status":"closed","ping_status":"closed","template":"","meta":{"footnotes":""},"class_list":["post-141","page","type-page","status-publish","hentry"],"_links":{"self":[{"href":"https:\/\/websrv.saske.sk\/imr\/wp-json\/wp\/v2\/pages\/141","targetHints":{"allow":["GET"]}}],"collection":[{"href":"https:\/\/websrv.saske.sk\/imr\/wp-json\/wp\/v2\/pages"}],"about":[{"href":"https:\/\/websrv.saske.sk\/imr\/wp-json\/wp\/v2\/types\/page"}],"author":[{"embeddable":true,"href":"https:\/\/websrv.saske.sk\/imr\/wp-json\/wp\/v2\/users\/1"}],"replies":[{"embeddable":true,"href":"https:\/\/websrv.saske.sk\/imr\/wp-json\/wp\/v2\/comments?post=141"}],"version-history":[{"count":3,"href":"https:\/\/websrv.saske.sk\/imr\/wp-json\/wp\/v2\/pages\/141\/revisions"}],"predecessor-version":[{"id":758,"href":"https:\/\/websrv.saske.sk\/imr\/wp-json\/wp\/v2\/pages\/141\/revisions\/758"}],"up":[{"embeddable":true,"href":"https:\/\/websrv.saske.sk\/imr\/wp-json\/wp\/v2\/pages\/106"}],"wp:attachment":[{"href":"https:\/\/websrv.saske.sk\/imr\/wp-json\/wp\/v2\/media?parent=141"}],"curies":[{"name":"wp","href":"https:\/\/api.w.org\/{rel}","templated":true}]}}