{"id":135,"date":"2019-02-13T08:11:21","date_gmt":"2019-02-13T07:11:21","guid":{"rendered":"http:\/\/websrv.saske.sk\/imr\/?page_id=135"},"modified":"2019-03-18T10:15:24","modified_gmt":"2019-03-18T09:15:24","slug":"spolupraca","status":"publish","type":"page","link":"https:\/\/websrv.saske.sk\/imr\/vedecke-divizie\/divizia-kovovych-systemov\/spolupraca\/","title":{"rendered":"Spolupr\u00e1ca"},"content":{"rendered":"<p><strong>\u00a0\u00a0\u00a0 <\/strong><strong><span style=\"color: #ff6600\">Akademick\u00fd sektor<\/span> <\/strong><\/p>\n<ul>\n<li>Technick\u00e1 univerzita v Ko\u0161iciach, <a href=\"http:\/\/www.tuke.sk\">www.tuke.sk<\/a><\/li>\n<li>Univerzita Pavla Jozefa \u0160af\u00e1rika v Ko\u0161iciach, <a href=\"http:\/\/www.upjs.sk\">www.upjs.sk<\/a><\/li>\n<li>\u00dastav experiment\u00e1lnej fyziky SAV, <a href=\"http:\/\/websrv.saske.sk\/uef\/\">http:\/\/websrv.saske.sk\/uef\/<\/a><\/li>\n<li>\u00dastav materi\u00e1lov a mechaniky strojov SAV, <a href=\"http:\/\/www.umms.sav.sk\/\">http:\/\/www.umms.sav.sk\/<\/a><\/li>\n<li>EMPA, Thun, \u0160vaj\u010diarsko, <a href=\"https:\/\/www.empa.ch\">https:\/\/www.empa.ch<\/a><\/li>\n<li>TU Braunschweig, Nemecko, <a href=\"https:\/\/www.tu-braunschweig.de\/\">https:\/\/www.tu-braunschweig.de\/<\/a><\/li>\n<li>Politechnika Warszawska Po\u013esko, <a href=\"https:\/\/www.pw.edu.pl\/\">https:\/\/www.pw.edu.pl\/<\/a><\/li>\n<li>Innovation Center Iceland, Iceland, <a href=\"https:\/\/www.nmi.is\/en\">https:\/\/www.nmi.is\/en<\/a><\/li>\n<li>DESY Hamburg, Nemecko, <a href=\"http:\/\/www.desy.de\/\">http:\/\/www.desy.de\/<\/a><\/li>\n<li>ESRF Grenoble, Franc\u00fazsko, <a href=\"https:\/\/www.esrf.eu\/\">https:\/\/www.esrf.eu\/<\/a><\/li>\n<li>ILL Grenoble, Franc\u00fazsko, <a href=\"https:\/\/www.ill.eu\/\">https:\/\/www.ill.eu\/<\/a><\/li>\n<li>\u00daFM AV\u010cR, Brno, \u010cesk\u00e1 republika, <a href=\"https:\/\/www.ipm.cz\/\">https:\/\/www.ipm.cz\/<\/a><\/li>\n<li>\u00daFE AV\u010cR, Praha, \u010cesk\u00e1 republika, <a href=\"https:\/\/www.ufe.cz\/cs\">https:\/\/www.ufe.cz\/cs<\/a><\/li>\n<li>IMT Ljubljana, Slovinsko, <a href=\"https:\/\/www.imt.si\/\">https:\/\/www.imt.si\/<\/a><\/li>\n<li>IMP NASU, Kyiv, Ukraine, <a href=\"https:\/\/www.imp.kiev.ua\/\">https:\/\/www.imp.kiev.ua\/<\/a><\/li>\n<li>Technick\u00e1 univerzita vo Zvolene, <a href=\"https:\/\/www.tuzvo.sk\/\">https:\/\/www.tuzvo.sk\/<\/a><\/li>\n<li>Slovensk\u00e1 po\u013enohospod\u00e1rska univerzita v\u00a0Nitre, <a href=\"http:\/\/www.uniag.sk\/sk\/\">http:\/\/www.uniag.sk\/sk\/<\/a><\/li>\n<li>Technick\u00e1 univerzita v Liberci, \u010cesk\u00e1 republika, <a href=\"https:\/\/www.tul.cz\/\">https:\/\/www.tul.cz\/<\/a><\/li>\n<li>Tampere University of Technology, F\u00ednsko, <a href=\"https:\/\/www.tuni.fi\">https:\/\/www.tuni.fi<\/a><\/li>\n<li>AGH University of Science and Technology, Po\u013esko, <a href=\"https:\/\/www.agh.edu.pl\/\">https:\/\/www.agh.edu.pl\/<\/a><\/li>\n<li>Univerzita Karlova, Praha, \u010cesk\u00e1 republika, <a href=\"https:\/\/www.cuni.cz\/\">https:\/\/www.cuni.cz\/<\/a><\/li>\n<li>\u010cesk\u00e9 vysok\u00e9 u\u010den\u00ed technick\u00e9 v\u00a0Praze, \u010cesk\u00e1 republika, <a href=\"https:\/\/www.cvut.cz\/\">https:\/\/www.cvut.cz\/<\/a><\/li>\n<li>National Taiwan University of Science and Technology, <a href=\"https:\/\/www.ntust.edu.tw\/\">https:\/\/www.ntust.edu.tw\/<\/a><\/li>\n<li>APDIC &#8211; Associated Committee: Associated Phase Diagram and Thermodynamics Committee, <a href=\"http:\/\/www.apdic.info\/\">http:\/\/www.apdic.info\/<\/a><\/li>\n<li>KMM.VIN &#8211; The European Virtual Institute on Knowledge-based Multifunctional Materials AISBL, <a href=\"http:\/\/www.kmm-vin.eu\">http:\/\/www.kmm-vin.eu<\/a><\/li>\n<\/ul>\n<p><span style=\"color: #ff6600\"><strong>Priemyseln\u00fd sektor:<\/strong><\/span><\/p>\n<ul>\n<li>US Steel Ko\u0161ice, s.r.o., <a href=\"https:\/\/www.usske.sk\/\">https:\/\/www.usske.sk\/<\/a><\/li>\n<li>EMBRACO SLOVAKIA, s.r.o., <a href=\"http:\/\/www.embraco.sk\/\">http:\/\/www.embraco.sk\/<\/a><\/li>\n<li>TRUMPF Slovakia, s.r.o., <a href=\"https:\/\/www.trumpf.com\/sk_SK\/\">https:\/\/www.trumpf.com\/sk_SK\/<\/a><\/li>\n<li>MASAM s.r.o., Vr\u00e1ble, <a href=\"https:\/\/www.masam.sk\/\">https:\/\/www.masam.sk\/<\/a><\/li>\n<li>\u017deleziarne Podbrezov\u00e1, a.s., <a href=\"https:\/\/www.zelpo.sk\/\">https:\/\/www.zelpo.sk\/<\/a><\/li>\n<li>Mops Press s.r.o., Snina, <a href=\"http:\/\/www.mopspress.sk\/\">http:\/\/www.mopspress.sk\/<\/a><\/li>\n<li>ZVS holding a.s., Dubnica nad V\u00e1hom, <a href=\"https:\/\/www.msm.sk\/msm-group\/zvs\/\">https:\/\/www.msm.sk\/msm-group\/zvs\/<\/a><\/li>\n<li>ELBA, a.s., Kremnica, <a href=\"http:\/\/www.elba.sk\/\">http:\/\/www.elba.sk\/<\/a><\/li>\n<li>SPINEA s.r.o., Pre\u0161ov, <a href=\"https:\/\/www.spinea.com\/sk\/\">https:\/\/www.spinea.com\/sk\/<\/a><\/li>\n<li>KON\u0160TRUKTA-Defence, a.s., Dubnica nad V\u00e1hom, <a href=\"https:\/\/www.kotadef.sk\/\">https:\/\/www.kotadef.sk\/<\/a><\/li>\n<li>Magneti Marelli Slovakia, s.r.o., Kechnec, <a href=\"https:\/\/www.magnetimarelli.com\/\">https:\/\/www.magnetimarelli.com\/<\/a><\/li>\n<li>ANDRITZ Slovakia s.r.o., Humenn\u00e9, <a href=\"http:\/\/slovakia.andritz.sk\/\">http:\/\/slovakia.andritz.sk\/<\/a><\/li>\n<li>Oerlikon Balzers Coating Slovakia s.r.o, <a href=\"https:\/\/www.oerlikon.com\/balzers\/sk\/sk\/\">https:\/\/www.oerlikon.com\/balzers\/sk\/sk\/<\/a><\/li>\n<\/ul>\n<p>&nbsp;<\/p>\n<p>&nbsp;<\/p>\n<p>&nbsp;<\/p>\n","protected":false},"excerpt":{"rendered":"<p>\u00a0\u00a0\u00a0 Akademick\u00fd sektor Technick\u00e1 univerzita v Ko\u0161iciach, www.tuke.sk Univerzita Pavla Jozefa \u0160af\u00e1rika v Ko\u0161iciach, www.upjs.sk \u00dastav experiment\u00e1lnej fyziky SAV, http:\/\/websrv.saske.sk\/uef\/ \u00dastav materi\u00e1lov a mechaniky strojov&#8230;<\/p>\n","protected":false},"author":1,"featured_media":0,"parent":106,"menu_order":40,"comment_status":"closed","ping_status":"closed","template":"","meta":{"footnotes":""},"class_list":["post-135","page","type-page","status-publish","hentry"],"_links":{"self":[{"href":"https:\/\/websrv.saske.sk\/imr\/wp-json\/wp\/v2\/pages\/135","targetHints":{"allow":["GET"]}}],"collection":[{"href":"https:\/\/websrv.saske.sk\/imr\/wp-json\/wp\/v2\/pages"}],"about":[{"href":"https:\/\/websrv.saske.sk\/imr\/wp-json\/wp\/v2\/types\/page"}],"author":[{"embeddable":true,"href":"https:\/\/websrv.saske.sk\/imr\/wp-json\/wp\/v2\/users\/1"}],"replies":[{"embeddable":true,"href":"https:\/\/websrv.saske.sk\/imr\/wp-json\/wp\/v2\/comments?post=135"}],"version-history":[{"count":3,"href":"https:\/\/websrv.saske.sk\/imr\/wp-json\/wp\/v2\/pages\/135\/revisions"}],"predecessor-version":[{"id":753,"href":"https:\/\/websrv.saske.sk\/imr\/wp-json\/wp\/v2\/pages\/135\/revisions\/753"}],"up":[{"embeddable":true,"href":"https:\/\/websrv.saske.sk\/imr\/wp-json\/wp\/v2\/pages\/106"}],"wp:attachment":[{"href":"https:\/\/websrv.saske.sk\/imr\/wp-json\/wp\/v2\/media?parent=135"}],"curies":[{"name":"wp","href":"https:\/\/api.w.org\/{rel}","templated":true}]}}