{"id":1250,"date":"2019-10-01T14:12:13","date_gmt":"2019-10-01T12:12:13","guid":{"rendered":"http:\/\/websrv.saske.sk\/imr\/?page_id=1250"},"modified":"2024-11-18T11:48:05","modified_gmt":"2024-11-18T10:48:05","slug":"konferencie","status":"publish","type":"page","link":"https:\/\/websrv.saske.sk\/imr\/uzitocne-linky\/konferencie\/","title":{"rendered":"Konferencie"},"content":{"rendered":"<h2><strong><span style=\"color: #ff6600;\">Konferencie organizovan\u00e9, resp. na organiz\u00e1cii ktor\u00fdch sa podie\u013ea<\/span><\/strong><\/h2>\n<h2 style=\"text-align: left;\"><strong><span style=\"color: #ff6600;\">\u00a0\u00a0\u00a0\u00a0\u00a0\u00a0\u00a0\u00a0\u00a0\u00a0\u00a0\u00a0\u00a0\u00a0\u00a0\u00a0\u00a0\u00a0\u00a0\u00a0\u00a0\u00a0 \u00dastav materi\u00e1lov\u00e9ho v\u00fdskumu SAV:<\/span><\/strong><\/h2>\n<p><strong>2024:<\/strong><\/p>\n<p><span style=\"color: #3366ff;\"><strong>Konferencia &#8211; <\/strong><strong>F<\/strong>unk\u010dn\u00e9\u00a0<strong>K<\/strong>ompozitn\u00e9\u00a0<strong>M<\/strong>ateri\u00e1ly 2024<\/span><\/p>\n<p>D\u0148a 24.okt\u00f3bra 2024 sa na na\u0161om \u00dastave materi\u00e1lov\u00e9ho v\u00fdskumu, v. v. i. SAV organizuje VII. ro\u010dn\u00edk konferencie <strong>F<\/strong>unk\u010dn\u00e9\u00a0<strong>K<\/strong>ompozitn\u00e9\u00a0<strong>M<\/strong>ateri\u00e1ly 2024. Hlavn\u00fdm cie\u013eom tejto u\u017e tradi\u010dnej konferencie je poskytnutie priestoru pre prezent\u00e1ciu aktu\u00e1lnych v\u00fdsledkov z oblasti v\u00fdskumu a v\u00fdvoja \u0161irok\u00e9ho spektra funk\u010dn\u00fdch pr\u00e1\u0161kov\u00fdch materi\u00e1lov spracovan\u00fdch fyzik\u00e1lnymi, chemick\u00fdmi a mechanick\u00fdmi met\u00f3dami modifik\u00e1cie. Mechanick\u00e9 a mechano-chemick\u00e9 met\u00f3dy aplikovan\u00e9 na synt\u00e9zu, povlakovanie, homogeniz\u00e1ciu a funkcionaliz\u00e1ciu pr\u00e1\u0161kov\u00fdch \u010dast\u00edc bud\u00fa diskutovan\u00e9 v naj\u0161ir\u0161om kontexte materi\u00e1lov\u00fdch vied a in\u017einierstva.<\/p>\n<p>\u0160pecifick\u00fdm cie\u013eom je vytvori\u0165 platformu pre multidisciplin\u00e1rnu diskusiu na t\u00e9mu modelovania, met\u00f3d pr\u00edpravy a charakteriz\u00e1cie \u0161trukt\u00fary a vlastnost\u00ed funk\u010dn\u00fdch materi\u00e1lov a kompozitov so \u0161pecifick\u00fdmi fyzik\u00e1lnymi, chemick\u00fdmi a biologick\u00fdmi vlastnos\u0165ami. Konferencia sa uskuto\u010dn\u00ed v budove PROMATECH na 6. poschod\u00ed.<\/p>\n<p><a href=\"https:\/\/websrv.saske.sk\/imr\/wp-content\/uploads\/2024\/11\/FKM-2024_proceedings-abstracts.pdf\"><span style=\"color: #0000ff;\"><span style=\"color: #ff6600;\">Funk\u010dn\u00e9 kompozitn\u00e9 materi\u00e1ly 2024 &#8211; Zborn\u00edk abstraktov<\/span><\/span><\/a><\/p>\n<p><strong>2020:<\/strong><\/p>\n<p><a href=\"http:\/\/iiw7.saske.sk\/\">7th International Indentation Workshop, Smolenice, J\u00fan 2020<\/a><\/p>\n<p>Deformation and Fracture in PM Materials 2020, Star\u00e1 Lesn\u00e1, Okt\u00f3ber 2020<\/p>\n<p>&nbsp;<\/p>\n<p>Star\u0161ie konferencie:<\/p>\n<p><a href=\"http:\/\/www.imr.saske.sk\/confer\/fac2019\/index.htm\">Fractography of Advanced Ceramics, Smolenice, Smolenice 2019<\/a><\/p>\n<p><a href=\"http:\/\/www.imr.saske.sk\/confer\/dfpm2017\/dfpm2017.html\">Deformation and Fracture in PM Materials 2017, Star\u00e1 Lesn\u00e1, Okt\u00f3ber 2017<\/a><\/p>\n<p><a href=\"http:\/\/www.imr.saske.sk\/confer\/frac2015\/fracto2015.html\">Fractography 2015, Star\u00e1 Lesn\u00e1, Okt\u00f3ber 2015<\/a><\/p>\n<p><a href=\"http:\/\/web.tuke.sk\/lmp\/\">Local Mechanical Properties, Ko\u0161ice, November 2017<\/a><\/p>\n<p>&nbsp;<\/p>\n","protected":false},"excerpt":{"rendered":"<p>Konferencie organizovan\u00e9, resp. na organiz\u00e1cii ktor\u00fdch sa podie\u013ea \u00a0\u00a0\u00a0\u00a0\u00a0\u00a0\u00a0\u00a0\u00a0\u00a0\u00a0\u00a0\u00a0\u00a0\u00a0\u00a0\u00a0\u00a0\u00a0\u00a0\u00a0\u00a0 \u00dastav materi\u00e1lov\u00e9ho v\u00fdskumu SAV: 2024: Konferencia &#8211; Funk\u010dn\u00e9\u00a0Kompozitn\u00e9\u00a0Materi\u00e1ly 2024 D\u0148a 24.okt\u00f3bra 2024 sa na na\u0161om \u00dastave&#8230;<\/p>\n","protected":false},"author":1,"featured_media":0,"parent":48,"menu_order":10,"comment_status":"closed","ping_status":"closed","template":"","meta":{"footnotes":""},"class_list":["post-1250","page","type-page","status-publish","hentry"],"_links":{"self":[{"href":"https:\/\/websrv.saske.sk\/imr\/wp-json\/wp\/v2\/pages\/1250","targetHints":{"allow":["GET"]}}],"collection":[{"href":"https:\/\/websrv.saske.sk\/imr\/wp-json\/wp\/v2\/pages"}],"about":[{"href":"https:\/\/websrv.saske.sk\/imr\/wp-json\/wp\/v2\/types\/page"}],"author":[{"embeddable":true,"href":"https:\/\/websrv.saske.sk\/imr\/wp-json\/wp\/v2\/users\/1"}],"replies":[{"embeddable":true,"href":"https:\/\/websrv.saske.sk\/imr\/wp-json\/wp\/v2\/comments?post=1250"}],"version-history":[{"count":16,"href":"https:\/\/websrv.saske.sk\/imr\/wp-json\/wp\/v2\/pages\/1250\/revisions"}],"predecessor-version":[{"id":2130,"href":"https:\/\/websrv.saske.sk\/imr\/wp-json\/wp\/v2\/pages\/1250\/revisions\/2130"}],"up":[{"embeddable":true,"href":"https:\/\/websrv.saske.sk\/imr\/wp-json\/wp\/v2\/pages\/48"}],"wp:attachment":[{"href":"https:\/\/websrv.saske.sk\/imr\/wp-json\/wp\/v2\/media?parent=1250"}],"curies":[{"name":"wp","href":"https:\/\/api.w.org\/{rel}","templated":true}]}}