{"id":96,"date":"2019-03-05T09:37:06","date_gmt":"2019-03-05T08:37:06","guid":{"rendered":"http:\/\/websrv.saske.sk\/imr\/en\/?page_id=96"},"modified":"2019-05-15T14:09:51","modified_gmt":"2019-05-15T12:09:51","slug":"staff","status":"publish","type":"page","link":"https:\/\/websrv.saske.sk\/imr\/en\/divisions\/division-of-functional-and-hybrid-systems\/staff\/","title":{"rendered":"Staff"},"content":{"rendered":"<table class='list'>\n<tr class='list_header'>\n<td>Name \/ Position<\/td>\n<td>E-mail<\/td>\n<td>Phone<\/td>\n<\/tr>\n<tr>\n<td width='50%'><a class='bold' href='\/imr\/en\/staff\/basic-info\/?user_no=12533'>Bera, Cyril Ing., PhD.<\/a><br \/><span><\/span><\/td>\n<td width='25%'><a href='mailto:cbera@saske.sk'>cbera@saske.sk<\/a><\/td>\n<td width='25%'>055\/7922462<\/td>\n<\/tr>\n<tr>\n<td width='50%'><a class='bold' href='\/imr\/en\/staff\/basic-info\/?user_no=11532&#038;publication_author_id=0165400'>Bir\u010d\u00e1kov\u00e1, Zuzana RNDr., PhD.<\/a><br \/><span><\/span><\/td>\n<td width='25%'><a href='mailto:zbircakova@saske.sk'>zbircakova@saske.sk<\/a><\/td>\n<td width='25%'>+421\/55\/7922433<\/td>\n<\/tr>\n<tr>\n<td width='50%'><a class='bold' href='\/imr\/en\/staff\/basic-info\/?user_no=1409&#038;publication_author_id=0144990'>Brunckov\u00e1, Helena RNDr., PhD.<\/a><br \/><span><\/span><\/td>\n<td width='25%'><a href='mailto:hbrunckova@saske.sk'>hbrunckova@saske.sk<\/a><\/td>\n<td width='25%'>+421\/55\/7922 455<\/td>\n<\/tr>\n<tr>\n<td width='50%'><a class='bold' href='\/imr\/en\/staff\/basic-info\/?user_no=1410&#038;publication_author_id=0144991'>Bure\u0161, Radovan Ing., CSc.<\/a><br \/><span>senior scientist<\/span><\/td>\n<td width='25%'><a href='mailto:rbures@saske.sk'>rbures@saske.sk<\/a><\/td>\n<td width='25%'>+421\/55\/7922 431<\/td>\n<\/tr>\n<tr>\n<td width='50%'><a class='bold' href='\/imr\/en\/staff\/basic-info\/?user_no=15048'>Denk, Karel Ing., PhD.<\/a><br \/><span><\/span><\/td>\n<td width='25%'><a href='mailto:kdenk@saske.sk'>kdenk@saske.sk<\/a><\/td>\n<td width='25%'><\/td>\n<\/tr>\n<tr>\n<td width='50%'><a class='bold' href='\/imr\/en\/staff\/basic-info\/?user_no=1422&#038;publication_author_id=0145000'>F\u00e1berov\u00e1, M\u00e1ria Ing.<\/a><br \/><span>research worker<\/span><\/td>\n<td width='25%'><a href='mailto:mfaberova@saske.sk'>mfaberova@saske.sk<\/a><\/td>\n<td width='25%'>+421\/55\/7922 431<\/td>\n<\/tr>\n<tr>\n<td width='50%'><a class='bold' href='\/imr\/en\/staff\/basic-info\/?user_no=8985'>Giretov\u00e1, M\u00e1ria MVDr., PhD.<\/a><br \/><span><\/span><\/td>\n<td width='25%'><a href='mailto:mgiretova@saske.sk'>mgiretova@saske.sk<\/a><\/td>\n<td width='25%'>+421\/55\/7922454<\/td>\n<\/tr>\n<tr>\n<td width='50%'><a class='bold' href='\/imr\/en\/staff\/basic-info\/?user_no=14070'>Gub\u00f3ov\u00e1, Alexandra RNDr., PhD.<\/a><br \/><span><\/span><\/td>\n<td width='25%'><a href='mailto:aguboova@saske.sk'>aguboova@saske.sk<\/a><\/td>\n<td width='25%'>+421\/55\/ 7922 462<\/td>\n<\/tr>\n<tr>\n<td width='50%'><a class='bold' href='\/imr\/en\/staff\/basic-info\/?user_no=13635'>Kostiuk, Vladyslav Ing.<\/a><br \/><span><\/span><\/td>\n<td width='25%'><a href='mailto:vkostiuk@saske.sk'>vkostiuk@saske.sk<\/a><\/td>\n<td width='25%'>055\/7922473<\/td>\n<\/tr>\n<tr>\n<td width='50%'><a class='bold' href='\/imr\/en\/staff\/basic-info\/?user_no=1447&#038;publication_author_id=0145008'>Kova\u013e, Vladim\u00edr RNDr., DrSc.<\/a><br \/><span>senior researcher<\/span><\/td>\n<td width='25%'><a href='mailto:vkoval@saske.sk'>vkoval@saske.sk<\/a><\/td>\n<td width='25%'>+421\/55\/7922469<\/td>\n<\/tr>\n<tr>\n<td width='50%'><a class='bold' href='\/imr\/en\/staff\/basic-info\/?user_no=1432&#038;publication_author_id=0101835'>Kupkov\u00e1, Miriam RNDr., CSc.<\/a><br \/><span>senior scientific worker<\/span><\/td>\n<td width='25%'><a href='mailto:mkupkova@saske.sk'>mkupkova@saske.sk<\/a><\/td>\n<td width='25%'>+421\/55\/7922452<\/td>\n<\/tr>\n<tr>\n<td width='50%'><a class='bold' href='\/imr\/en\/staff\/basic-info\/?user_no=14696'>Mal\u00e1t, Filip Ing.<\/a><br \/><span><\/span><\/td>\n<td width='25%'><a href='mailto:fmalat@saske.sk'>fmalat@saske.sk<\/a><\/td>\n<td width='25%'>055\/7922473<\/td>\n<\/tr>\n<tr>\n<td width='50%'><a class='bold' href='\/imr\/en\/staff\/basic-info\/?user_no=1435&#038;publication_author_id=0145011'>Medveck\u00fd, \u013dubom\u00edr Ing., DrSc.<\/a><br \/><span>senior scientific worker, director<\/span><\/td>\n<td width='25%'><a href='mailto:lmedvecky@saske.sk'>lmedvecky@saske.sk<\/a><\/td>\n<td width='25%'>+421\/55\/7922451, +421\/55\/7922460<\/td>\n<\/tr>\n<tr>\n<td width='50%'><a class='bold' href='\/imr\/en\/staff\/basic-info\/?user_no=1436&#038;publication_author_id=0145012'>Mihalik, J\u00e1n RNDr.<\/a><br \/><span><\/span><\/td>\n<td width='25%'><a href='mailto:jmihalik@saske.sk'>jmihalik@saske.sk<\/a><\/td>\n<td width='25%'>+421\/55\/7922403<\/td>\n<\/tr>\n<tr>\n<td width='50%'><a class='bold' href='\/imr\/en\/staff\/basic-info\/?user_no=14795'>Plevov\u00e1, Michaela Ing., PhD.<\/a><br \/><span><\/span><\/td>\n<td width='25%'><a href='mailto:mplevova@saske.sk'>mplevova@saske.sk<\/a><\/td>\n<td width='25%'>055\/7922462<\/td>\n<\/tr>\n<tr>\n<td width='50%'><a class='bold' href='\/imr\/en\/staff\/basic-info\/?user_no=12851'>Ravi, Soundariya Ing., PhD.<\/a><br \/><span><\/span><\/td>\n<td width='25%'><a href='mailto:sravi@saske.sk'>sravi@saske.sk<\/a><\/td>\n<td width='25%'>055\/7922473<\/td>\n<\/tr>\n<tr>\n<td width='50%'><a class='bold' href='\/imr\/en\/staff\/basic-info\/?user_no=10774'>Sop\u010d\u00e1k, Tibor RNDr., PhD.<\/a><br \/><span><\/span><\/td>\n<td width='25%'><a href='mailto:tsopcak@saske.sk'>tsopcak@saske.sk<\/a><\/td>\n<td width='25%'>+421\/55\/7922455<\/td>\n<\/tr>\n<tr>\n<td width='50%'><a class='bold' href='\/imr\/en\/staff\/basic-info\/?user_no=8073&#038;publication_author_id=0161685'>Stre\u010dkov\u00e1, Magdal\u00e9na RNDr., PhD.<\/a><br \/><span>senior researcher<\/span><\/td>\n<td width='25%'><a href='mailto:mstreckova@saske.sk'>mstreckova@saske.sk<\/a><\/td>\n<td width='25%'>+421\/55\/7922455<\/td>\n<\/tr>\n<tr>\n<td width='50%'><a class='bold' href='\/imr\/en\/staff\/basic-info\/?user_no=11181'>Szab\u00f3, Juraj Ing., PhD.<\/a><br \/><span><\/span><\/td>\n<td width='25%'><a href='mailto:jszabo@saske.sk'>jszabo@saske.sk<\/a><\/td>\n<td width='25%'>+421\/55\/7922434<\/td>\n<\/tr>\n<tr>\n<td width='50%'><a class='bold' href='\/imr\/en\/staff\/basic-info\/?user_no=5668&#038;publication_author_id=0145022'>\u0160tulajterov\u00e1, Radoslava Ing., PhD.<\/a><br \/><span>senior scientist<\/span><\/td>\n<td width='25%'><a href='mailto:rstulajterova@saske.sk'>rstulajterova@saske.sk<\/a><\/td>\n<td width='25%'>+421\/55\/7922451<\/td>\n<\/tr>\n<tr>\n<td width='50%'><a class='bold' href='\/imr\/en\/staff\/basic-info\/?user_no=14675'>Tk\u00e1\u010d, Martin RNDr., PhD.<\/a><br \/><span><\/span><\/td>\n<td width='25%'><a href='mailto:mtkac@saske.sk'>mtkac@saske.sk<\/a><\/td>\n<td width='25%'>055\/7922433<\/td>\n<\/tr>\n<\/table>\n","protected":false},"excerpt":{"rendered":"<p>Name \/ Position E-mail Phone Bera, Cyril Ing., PhD. cbera@saske.sk 055\/7922462 Bir\u010d\u00e1kov\u00e1, Zuzana RNDr., PhD. zbircakova@saske.sk +421\/55\/7922433 Brunckov\u00e1, Helena RNDr., PhD. hbrunckova@saske.sk +421\/55\/7922 455 Bure\u0161,&#8230;<\/p>\n","protected":false},"author":1,"featured_media":0,"parent":90,"menu_order":10,"comment_status":"closed","ping_status":"closed","template":"","meta":{"footnotes":""},"class_list":["post-96","page","type-page","status-publish","hentry"],"_links":{"self":[{"href":"https:\/\/websrv.saske.sk\/imr\/en\/wp-json\/wp\/v2\/pages\/96","targetHints":{"allow":["GET"]}}],"collection":[{"href":"https:\/\/websrv.saske.sk\/imr\/en\/wp-json\/wp\/v2\/pages"}],"about":[{"href":"https:\/\/websrv.saske.sk\/imr\/en\/wp-json\/wp\/v2\/types\/page"}],"author":[{"embeddable":true,"href":"https:\/\/websrv.saske.sk\/imr\/en\/wp-json\/wp\/v2\/users\/1"}],"replies":[{"embeddable":true,"href":"https:\/\/websrv.saske.sk\/imr\/en\/wp-json\/wp\/v2\/comments?post=96"}],"version-history":[{"count":5,"href":"https:\/\/websrv.saske.sk\/imr\/en\/wp-json\/wp\/v2\/pages\/96\/revisions"}],"predecessor-version":[{"id":367,"href":"https:\/\/websrv.saske.sk\/imr\/en\/wp-json\/wp\/v2\/pages\/96\/revisions\/367"}],"up":[{"embeddable":true,"href":"https:\/\/websrv.saske.sk\/imr\/en\/wp-json\/wp\/v2\/pages\/90"}],"wp:attachment":[{"href":"https:\/\/websrv.saske.sk\/imr\/en\/wp-json\/wp\/v2\/media?parent=96"}],"curies":[{"name":"wp","href":"https:\/\/api.w.org\/{rel}","templated":true}]}}