{"id":94,"date":"2019-03-05T09:36:52","date_gmt":"2019-03-05T08:36:52","guid":{"rendered":"http:\/\/websrv.saske.sk\/imr\/en\/?page_id=94"},"modified":"2019-05-15T14:09:36","modified_gmt":"2019-05-15T12:09:36","slug":"staff","status":"publish","type":"page","link":"https:\/\/websrv.saske.sk\/imr\/en\/divisions\/division-of-ceramic-and-non-metallic-systems\/staff\/","title":{"rendered":"Staff"},"content":{"rendered":"<table class='list'>\n<tr class='list_header'>\n<td>Name \/ Position<\/td>\n<td>E-mail<\/td>\n<td>Phone<\/td>\n<\/tr>\n<tr>\n<td width='50%'><a class='bold' href='\/imr\/en\/staff\/basic-info\/?user_no=5665&#038;publication_author_id=0157607'>Andrejovsk\u00e1, Jana Ing., PhD.<\/a><br \/><span><\/span><\/td>\n<td width='25%'><a href='mailto:jandrejovska@saske.sk'>jandrejovska@saske.sk<\/a><\/td>\n<td width='25%'>+421\/55\/7922488<\/td>\n<\/tr>\n<tr>\n<td width='50%'><a class='bold' href='\/imr\/en\/staff\/basic-info\/?user_no=11095'>Csan\u00e1di, Tam\u00e1s  M.Sc., PhD.<\/a><br \/><span>independent researcher<\/span><\/td>\n<td width='25%'><a href='mailto:tcsanadi@saske.sk'>tcsanadi@saske.sk<\/a><\/td>\n<td width='25%'>+421\/55\/7922412<\/td>\n<\/tr>\n<tr>\n<td width='50%'><a class='bold' href='\/imr\/en\/staff\/basic-info\/?user_no=14591'>Dankh\u00e1zi, Zolt\u00e1n Gyula M.Sc., PhD.<\/a><br \/><span><\/span><\/td>\n<td width='25%'><a href='mailto:'><\/a><\/td>\n<td width='25%'><\/td>\n<\/tr>\n<tr>\n<td width='50%'><a class='bold' href='\/imr\/en\/staff\/basic-info\/?user_no=2269&#038;publication_author_id=0144958'>Dor\u010d\u00e1kov\u00e1, Franti\u0161ka Ing., PhD.<\/a><br \/><span><\/span><\/td>\n<td width='25%'><a href='mailto:fdorcakova@saske.sk'>fdorcakova@saske.sk<\/a><\/td>\n<td width='25%'>+421\/55\/7922 801<\/td>\n<\/tr>\n<tr>\n<td width='50%'><a class='bold' href='\/imr\/en\/staff\/basic-info\/?user_no=1414&#038;publication_author_id=0001313'>Dusza, J\u00e1n prof. RNDr., DrSc.<\/a><br \/><span><\/span><\/td>\n<td width='25%'><a href='mailto:jdusza@saske.sk'>jdusza@saske.sk<\/a><\/td>\n<td width='25%'>+421\/55\/7922 489<\/td>\n<\/tr>\n<tr>\n<td width='50%'><a class='bold' href='\/imr\/en\/staff\/basic-info\/?user_no=9391'>Girman, Vladim\u00edr Ing., PhD.<\/a><br \/><span><\/span><\/td>\n<td width='25%'><a href='mailto:vladimir.girman@upjs.sk, vgirman@saske.sk'>vladimir.girman@upjs.sk, vgirman@saske.sk<\/a><\/td>\n<td width='25%'><\/td>\n<\/tr>\n<tr>\n<td width='50%'><a class='bold' href='\/imr\/en\/staff\/basic-info\/?user_no=6453'>Hrubov\u010d\u00e1kov\u00e1, Monika RNDr., PhD.<\/a><br \/><span>research worker<\/span><\/td>\n<td width='25%'><a href='mailto:mhrubovcakova@saske.sk'>mhrubovcakova@saske.sk<\/a><\/td>\n<td width='25%'>+42155\/7922452<\/td>\n<\/tr>\n<tr>\n<td width='50%'><a class='bold' href='\/imr\/en\/staff\/basic-info\/?user_no=7478'>Hvi\u0161\u010dov\u00e1, Petra Ing., PhD.<\/a><br \/><span><\/span><\/td>\n<td width='25%'><a href='mailto:phviscova@saske.sk'>phviscova@saske.sk<\/a><\/td>\n<td width='25%'>+421\/55\/7922426<\/td>\n<\/tr>\n<tr>\n<td width='50%'><a class='bold' href='\/imr\/en\/staff\/basic-info\/?user_no=1423&#038;publication_author_id=0002355'>Hvizdo\u0161, Pavol doc. RNDr., DrSc.<\/a><br \/><span>leading scientist<\/span><\/td>\n<td width='25%'><a href='mailto:phvizdos@saske.sk'>phvizdos@saske.sk<\/a><\/td>\n<td width='25%'>055\/ 7922 456<\/td>\n<\/tr>\n<tr>\n<td width='50%'><a class='bold' href='\/imr\/en\/staff\/basic-info\/?user_no=1425&#038;publication_author_id=0161653'>Janovec, Jozef prof. Ing., DrSc.<\/a><br \/><span><\/span><\/td>\n<td width='25%'><a href='mailto:jjanovec@saske.sk'>jjanovec@saske.sk<\/a><\/td>\n<td width='25%'>+421\/55\/7922441<\/td>\n<\/tr>\n<tr>\n<td width='50%'><a class='bold' href='\/imr\/en\/staff\/basic-info\/?user_no=9779'>Kepi\u010d, J\u00e1n Ing., PhD.<\/a><br \/><span><\/span><\/td>\n<td width='25%'><a href='mailto:jkepic@saske.sk'>jkepic@saske.sk<\/a><\/td>\n<td width='25%'>+421\/55\/7922802<\/td>\n<\/tr>\n<tr>\n<td width='50%'><a class='bold' href='\/imr\/en\/staff\/basic-info\/?user_no=14590'>Koltai, J\u00e1nos M.Sc., PhD.<\/a><br \/><span><\/span><\/td>\n<td width='25%'><a href='mailto:'><\/a><\/td>\n<td width='25%'><\/td>\n<\/tr>\n<tr>\n<td width='50%'><a class='bold' href='\/imr\/en\/staff\/basic-info\/?user_no=14593'>Kondrakhova, Daria RNDr., PhD.<\/a><br \/><span><\/span><\/td>\n<td width='25%'><a href='mailto:dkondrakhova@saske.sk'>dkondrakhova@saske.sk<\/a><\/td>\n<td width='25%'><\/td>\n<\/tr>\n<tr>\n<td width='50%'><a class='bold' href='\/imr\/en\/staff\/basic-info\/?user_no=7462&#038;publication_author_id=0145009'>Koval\u010d\u00edkov\u00e1, Alexandra Ing., PhD.<\/a><br \/><span>senior scientist, scientific secretary<\/span><\/td>\n<td width='25%'><a href='mailto:akovalcikova@saske.sk'>akovalcikova@saske.sk<\/a><\/td>\n<td width='25%'>+421\/55\/7922814<\/td>\n<\/tr>\n<tr>\n<td width='50%'><a class='bold' href='\/imr\/en\/staff\/basic-info\/?user_no=8075&#038;publication_author_id=0166685'>Kvetkov\u00e1, Lenka Ing., PhD.<\/a><br \/><span>scientist<\/span><\/td>\n<td width='25%'><a href='mailto:lkvetkova@saske.sk'>lkvetkova@saske.sk<\/a><\/td>\n<td width='25%'>+421\/55\/7922488<\/td>\n<\/tr>\n<tr>\n<td width='50%'><a class='bold' href='\/imr\/en\/staff\/basic-info\/?user_no=12004'>Lisnichuk, Maksym Mgr., PhD.<\/a><br \/><span><\/span><\/td>\n<td width='25%'><a href='mailto:mlisnichuk@saske.sk'>mlisnichuk@saske.sk<\/a><\/td>\n<td width='25%'><\/td>\n<\/tr>\n<tr>\n<td width='50%'><a class='bold' href='\/imr\/en\/staff\/basic-info\/?user_no=1434&#038;publication_author_id=0157618'>Lofaj, Franti\u0161ek doc. RNDr., DrSc.<\/a><br \/><span>leading researcher<\/span><\/td>\n<td width='25%'><a href='mailto:flofaj@saske.sk'>flofaj@saske.sk<\/a><\/td>\n<td width='25%'>+421\/55\/7922407<\/td>\n<\/tr>\n<tr>\n<td width='50%'><a class='bold' href='\/imr\/en\/staff\/basic-info\/?user_no=11172'>Medve\u010f, D\u00e1vid Ing. , PhD.<\/a><br \/><span><\/span><\/td>\n<td width='25%'><a href='mailto:dmedved@saske.sk'>dmedved@saske.sk<\/a><\/td>\n<td width='25%'>+421\/55\/7922430<\/td>\n<\/tr>\n<tr>\n<td width='50%'><a class='bold' href='\/imr\/en\/staff\/basic-info\/?user_no=13549'>Mohammadi Khounsaraki, Gholamreza M.Sc.<\/a><br \/><span><\/span><\/td>\n<td width='25%'><a href='mailto:gmohammadi@saske.sk, ghohamadi.kh@gmail.com'>gmohammadi@saske.sk, ghohamadi.kh@gmail.com<\/a><\/td>\n<td width='25%'>055\/7922473<\/td>\n<\/tr>\n<tr>\n<td width='50%'><a class='bold' href='\/imr\/en\/staff\/basic-info\/?user_no=9876'>M\u00fadra, Erika Ing., PhD.<\/a><br \/><span><\/span><\/td>\n<td width='25%'><a href='mailto:emudra@saske.sk'>emudra@saske.sk<\/a><\/td>\n<td width='25%'>+421\/55\/7922434<\/td>\n<\/tr>\n<tr>\n<td width='50%'><a class='bold' href='\/imr\/en\/staff\/basic-info\/?user_no=12853'>Naughton Duszov\u00e1, Annam\u00e1ria Ing., PhD.<\/a><br \/><span>scientific worker<\/span><\/td>\n<td width='25%'><a href='mailto:aduszova@saske.sk'>aduszova@saske.sk<\/a><\/td>\n<td width='25%'>055\/7922412<\/td>\n<\/tr>\n<tr>\n<td width='50%'><a class='bold' href='\/imr\/en\/staff\/basic-info\/?user_no=13634'>Nemesh, Kateryna Mgr.<\/a><br \/><span><\/span><\/td>\n<td width='25%'><a href='mailto:knemesh@saske.sk'>knemesh@saske.sk<\/a><\/td>\n<td width='25%'><\/td>\n<\/tr>\n<tr>\n<td width='50%'><a class='bold' href='\/imr\/en\/staff\/basic-info\/?user_no=12471'>Petru\u0161, Ondrej RNDr., PhD.<\/a><br \/><span><\/span><\/td>\n<td width='25%'><a href='mailto:opetrus@saske.sk'>opetrus@saske.sk<\/a><\/td>\n<td width='25%'><\/td>\n<\/tr>\n<tr>\n<td width='50%'><a class='bold' href='\/imr\/en\/staff\/basic-info\/?user_no=10300'>Sedl\u00e1k, Richard Ing., PhD.<\/a><br \/><span><\/span><\/td>\n<td width='25%'><a href='mailto:rsedlak@saske.sk'>rsedlak@saske.sk<\/a><\/td>\n<td width='25%'>+421\/55\/7922400<\/td>\n<\/tr>\n<tr>\n<td width='50%'><a class='bold' href='\/imr\/en\/staff\/basic-info\/?user_no=11202'>Shepa, Iv\u00e1n Mgr., PhD.<\/a><br \/><span><\/span><\/td>\n<td width='25%'><a href='mailto:ishepa@saske.sk'>ishepa@saske.sk<\/a><\/td>\n<td width='25%'>+421\/55\/7922434<\/td>\n<\/tr>\n<tr>\n<td width='50%'><a class='bold' href='\/imr\/en\/staff\/basic-info\/?user_no=14481'>\u0160vec, Peter Ing., PhD.<\/a><br \/><span><\/span><\/td>\n<td width='25%'><a href='mailto:peter-svec@savba.sk'>peter-svec@savba.sk<\/a><\/td>\n<td width='25%'><\/td>\n<\/tr>\n<tr>\n<td width='50%'><a class='bold' href='\/imr\/en\/staff\/basic-info\/?user_no=10723'>Vojtko, Marek Ing., PhD.<\/a><br \/><span><\/span><\/td>\n<td width='25%'><a href='mailto:mvojtko@saske.sk'>mvojtko@saske.sk<\/a><\/td>\n<td width='25%'>+421\/55\/7922430<\/td>\n<\/tr>\n<\/table>\n","protected":false},"excerpt":{"rendered":"<p>Name \/ Position E-mail Phone Andrejovsk\u00e1, Jana Ing., PhD. jandrejovska@saske.sk +421\/55\/7922488 Csan\u00e1di, Tam\u00e1s M.Sc., PhD.independent researcher tcsanadi@saske.sk +421\/55\/7922412 Dankh\u00e1zi, Zolt\u00e1n Gyula M.Sc., PhD. Dor\u010d\u00e1kov\u00e1, Franti\u0161ka&#8230;<\/p>\n","protected":false},"author":1,"featured_media":0,"parent":88,"menu_order":10,"comment_status":"closed","ping_status":"closed","template":"","meta":{"footnotes":""},"class_list":["post-94","page","type-page","status-publish","hentry"],"_links":{"self":[{"href":"https:\/\/websrv.saske.sk\/imr\/en\/wp-json\/wp\/v2\/pages\/94","targetHints":{"allow":["GET"]}}],"collection":[{"href":"https:\/\/websrv.saske.sk\/imr\/en\/wp-json\/wp\/v2\/pages"}],"about":[{"href":"https:\/\/websrv.saske.sk\/imr\/en\/wp-json\/wp\/v2\/types\/page"}],"author":[{"embeddable":true,"href":"https:\/\/websrv.saske.sk\/imr\/en\/wp-json\/wp\/v2\/users\/1"}],"replies":[{"embeddable":true,"href":"https:\/\/websrv.saske.sk\/imr\/en\/wp-json\/wp\/v2\/comments?post=94"}],"version-history":[{"count":5,"href":"https:\/\/websrv.saske.sk\/imr\/en\/wp-json\/wp\/v2\/pages\/94\/revisions"}],"predecessor-version":[{"id":366,"href":"https:\/\/websrv.saske.sk\/imr\/en\/wp-json\/wp\/v2\/pages\/94\/revisions\/366"}],"up":[{"embeddable":true,"href":"https:\/\/websrv.saske.sk\/imr\/en\/wp-json\/wp\/v2\/pages\/88"}],"wp:attachment":[{"href":"https:\/\/websrv.saske.sk\/imr\/en\/wp-json\/wp\/v2\/media?parent=94"}],"curies":[{"name":"wp","href":"https:\/\/api.w.org\/{rel}","templated":true}]}}