{"id":92,"date":"2019-03-05T09:36:13","date_gmt":"2019-03-05T08:36:13","guid":{"rendered":"http:\/\/websrv.saske.sk\/imr\/en\/?page_id=92"},"modified":"2019-05-15T14:09:22","modified_gmt":"2019-05-15T12:09:22","slug":"staff","status":"publish","type":"page","link":"https:\/\/websrv.saske.sk\/imr\/en\/divisions\/division-of-metallic-systems\/staff\/","title":{"rendered":"Staff"},"content":{"rendered":"<table class='list'>\n<tr class='list_header'>\n<td>Name \/ Position<\/td>\n<td>E-mail<\/td>\n<td>Phone<\/td>\n<\/tr>\n<tr>\n<td width='50%'><a class='bold' href='\/imr\/en\/staff\/basic-info\/?user_no=1403&#038;publication_author_id=0144986'>Ball\u00f3kov\u00e1, Be\u00e1ta Ing., PhD.<\/a><br \/><span>scientist<\/span><\/td>\n<td width='25%'><a href='mailto:bballokova@saske.sk'>bballokova@saske.sk<\/a><\/td>\n<td width='25%'>+421\/55\/7922 411<\/td>\n<\/tr>\n<tr>\n<td width='50%'><a class='bold' href='\/imr\/en\/staff\/basic-info\/?user_no=14794'>Baranov\u00e1, Gabriela Mgr., PhD.<\/a><br \/><span><\/span><\/td>\n<td width='25%'><a href='mailto:gbaranova@saske.sk'>gbaranova@saske.sk<\/a><\/td>\n<td width='25%'><\/td>\n<\/tr>\n<tr>\n<td width='50%'><a class='bold' href='\/imr\/en\/staff\/basic-info\/?user_no=1011&#038;publication_author_id=0144992'>Ceniga, Ladislav Ing. Mgr., DrSc.<\/a><br \/><span><\/span><\/td>\n<td width='25%'><a href='mailto:lceniga@saske.sk'>lceniga@saske.sk<\/a><\/td>\n<td width='25%'><\/td>\n<\/tr>\n<tr>\n<td width='50%'><a class='bold' href='\/imr\/en\/staff\/basic-info\/?user_no=12532'>Cs\u00edk, D\u00e1vid Ing., PhD.<\/a><br \/><span><\/span><\/td>\n<td width='25%'><a href='mailto:dcsik@saske.sk'>dcsik@saske.sk<\/a><\/td>\n<td width='25%'><\/td>\n<\/tr>\n<tr>\n<td width='50%'><a class='bold' href='\/imr\/en\/staff\/basic-info\/?user_no=5658&#038;publication_author_id=0156512'>\u010ciripov\u00e1, Lucia Ing., PhD.<\/a><br \/><span>researcher<\/span><\/td>\n<td width='25%'><a href='mailto:lciripova@saske.sk'>lciripova@saske.sk<\/a><\/td>\n<td width='25%'>+421\/55\/7922 445<\/td>\n<\/tr>\n<tr>\n<td width='50%'><a class='bold' href='\/imr\/en\/staff\/basic-info\/?user_no=5385&#038;publication_author_id=0149478'>D\u017eunda, R\u00f3bert Ing., PhD.<\/a><br \/><span>research employee<\/span><\/td>\n<td width='25%'><a href='mailto:rdzunda@saske.sk'>rdzunda@saske.sk<\/a><\/td>\n<td width='25%'>+421\/55\/7922 424<\/td>\n<\/tr>\n<tr>\n<td width='50%'><a class='bold' href='\/imr\/en\/staff\/basic-info\/?user_no=5377&#038;publication_author_id=0144999'>D\u017eupon, Miroslav RNDr., PhD.<\/a><br \/><span><\/span><\/td>\n<td width='25%'><a href='mailto:mdzupon@saske.sk'>mdzupon@saske.sk<\/a><\/td>\n<td width='25%'>+421\/55\/ 7922 427, 055\/ 7922491<\/td>\n<\/tr>\n<tr>\n<td width='50%'><a class='bold' href='\/imr\/en\/staff\/basic-info\/?user_no=5659&#038;publication_author_id=0149393'>Falat, Ladislav Ing., PhD.<\/a><br \/><span>senior researcher<\/span><\/td>\n<td width='25%'><a href='mailto:lfalat@saske.sk'>lfalat@saske.sk<\/a><\/td>\n<td width='25%'>+421\/55\/7922 443<\/td>\n<\/tr>\n<tr>\n<td width='50%'><a class='bold' href='\/imr\/en\/staff\/basic-info\/?user_no=14071'>Hodorov\u00e1, Marianna Mgr.<\/a><br \/><span><\/span><\/td>\n<td width='25%'><a href='mailto:mhodorova@saske.sk'>mhodorova@saske.sk<\/a><\/td>\n<td width='25%'><\/td>\n<\/tr>\n<tr>\n<td width='50%'><a class='bold' href='\/imr\/en\/staff\/basic-info\/?user_no=4813&#038;publication_author_id=0161646'>Homolov\u00e1, Viera RNDr., PhD.<\/a><br \/><span><\/span><\/td>\n<td width='25%'><a href='mailto:vhomolova@saske.sk'>vhomolova@saske.sk<\/a><\/td>\n<td width='25%'>+421\/55\/7922 444<\/td>\n<\/tr>\n<tr>\n<td width='50%'><a class='bold' href='\/imr\/en\/staff\/basic-info\/?user_no=13390'>Chabak, Yuliia doc. Ing., DrSc.<\/a><br \/><span><\/span><\/td>\n<td width='25%'><a href='mailto:ychabak@saske.sk'>ychabak@saske.sk<\/a><\/td>\n<td width='25%'>055\/7922433<\/td>\n<\/tr>\n<tr>\n<td width='50%'><a class='bold' href='\/imr\/en\/staff\/basic-info\/?user_no=13389'>Iefremenko, Vasyl Prof. Ing., DrSc.<\/a><br \/><span><\/span><\/td>\n<td width='25%'><a href='mailto:viefremenko@saske.sk'>viefremenko@saske.sk<\/a><\/td>\n<td width='25%'>055\/7922433<\/td>\n<\/tr>\n<tr>\n<td width='50%'><a class='bold' href='\/imr\/en\/staff\/basic-info\/?user_no=11556'>Kromka, Franti\u0161ek Ing., PhD.<\/a><br \/><span><\/span><\/td>\n<td width='25%'><a href='mailto:fkromka@saske.sk'>fkromka@saske.sk<\/a><\/td>\n<td width='25%'>+421\/55\/7922463<\/td>\n<\/tr>\n<tr>\n<td width='50%'><a class='bold' href='\/imr\/en\/staff\/basic-info\/?user_no=11223'>Ku\u0161n\u00edrov\u00e1, Katar\u00edna Mgr. , PhD.<\/a><br \/><span>scientist<\/span><\/td>\n<td width='25%'><a href='mailto:kkusnirova@saske.sk'>kkusnirova@saske.sk<\/a><\/td>\n<td width='25%'>+421\/55\/7922432<\/td>\n<\/tr>\n<tr>\n<td width='50%'><a class='bold' href='\/imr\/en\/staff\/basic-info\/?user_no=10725'>Milkovi\u010d, Ondrej doc. Ing., PhD.<\/a><br \/><span><\/span><\/td>\n<td width='25%'><a href='mailto:omilkovic@saske.sk'>omilkovic@saske.sk<\/a><\/td>\n<td width='25%'>+421\/55\/7922495<\/td>\n<\/tr>\n<tr>\n<td width='50%'><a class='bold' href='\/imr\/en\/staff\/basic-info\/?user_no=11228'>Mol\u010danov\u00e1, Zuzana Ing., PhD.<\/a><br \/><span><\/span><\/td>\n<td width='25%'><a href='mailto:molcanova@saske.sk'>molcanova@saske.sk<\/a><\/td>\n<td width='25%'>+421\/55\/7922464<\/td>\n<\/tr>\n<tr>\n<td width='50%'><a class='bold' href='\/imr\/en\/staff\/basic-info\/?user_no=12003'>Mot\u00fd\u013e, Rastislav <\/a><br \/><span><\/span><\/td>\n<td width='25%'><a href='mailto:rmotyl@saske.sk'>rmotyl@saske.sk<\/a><\/td>\n<td width='25%'><\/td>\n<\/tr>\n<tr>\n<td width='50%'><a class='bold' href='\/imr\/en\/staff\/basic-info\/?user_no=13268'>Mot\u00fd\u013eov\u00e1, Marcela Ing.<\/a><br \/><span><\/span><\/td>\n<td width='25%'><a href='mailto:mmotylova@saske.sk'>mmotylova@saske.sk<\/a><\/td>\n<td width='25%'>055\/7922445<\/td>\n<\/tr>\n<tr>\n<td width='50%'><a class='bold' href='\/imr\/en\/staff\/basic-info\/?user_no=13467'>Nigutov\u00e1, Katar\u00edna RNDr., PhD.<\/a><br \/><span><\/span><\/td>\n<td width='25%'><a href='mailto:nigutova@saske.sk'>nigutova@saske.sk<\/a><\/td>\n<td width='25%'>055\/7922 432<\/td>\n<\/tr>\n<tr>\n<td width='50%'><a class='bold' href='\/imr\/en\/staff\/basic-info\/?user_no=12644'>Oroszov\u00e1, Lenka Mgr., PhD.<\/a><br \/><span><\/span><\/td>\n<td width='25%'><a href='mailto:loroszova@saske.sk'>loroszova@saske.sk<\/a><\/td>\n<td width='25%'>055\/7922 432<\/td>\n<\/tr>\n<tr>\n<td width='50%'><a class='bold' href='\/imr\/en\/staff\/basic-info\/?user_no=5663&#038;publication_author_id=0149376'>Petri\u0161inec, Ivan Mgr., PhD.<\/a><br \/><span>Researcher<\/span><\/td>\n<td width='25%'><a href='mailto:ipetryshynets@saske.sk'>ipetryshynets@saske.sk<\/a><\/td>\n<td width='25%'>+421\/55\/7922442<\/td>\n<\/tr>\n<tr>\n<td width='50%'><a class='bold' href='\/imr\/en\/staff\/basic-info\/?user_no=7463'>Podobov\u00e1, M\u00e1ria Ing., PhD.<\/a><br \/><span>scientific worker<\/span><\/td>\n<td width='25%'><a href='mailto:mpodobova@saske.sk'>mpodobova@saske.sk<\/a><\/td>\n<td width='25%'>+421\/55\/7922448<\/td>\n<\/tr>\n<tr>\n<td width='50%'><a class='bold' href='\/imr\/en\/staff\/basic-info\/?user_no=8532'>Puch\u00fd, Viktor Ing., PhD.<\/a><br \/><span>senior researcher<\/span><\/td>\n<td width='25%'><a href='mailto:vpuchy@saske.sk'>vpuchy@saske.sk<\/a><\/td>\n<td width='25%'>+421\/55\/7922448<\/td>\n<\/tr>\n<tr>\n<td width='50%'><a class='bold' href='\/imr\/en\/staff\/basic-info\/?user_no=1480&#038;publication_author_id=0145015'>Saksl, Karel doc. Ing., DrSc.<\/a><br \/><span>leading scientist<\/span><\/td>\n<td width='25%'><a href='mailto:ksaksl@saske.sk'>ksaksl@saske.sk<\/a><\/td>\n<td width='25%'>+421\/55\/7922457<\/td>\n<\/tr>\n<tr>\n<td width='50%'><a class='bold' href='\/imr\/en\/staff\/basic-info\/?user_no=12025'>Vatra\u013eov\u00e1, Dagmara Ing., PhD.<\/a><br \/><span><\/span><\/td>\n<td width='25%'><a href='mailto:dvarcholova@saske.sk'>dvarcholova@saske.sk<\/a><\/td>\n<td width='25%'><\/td>\n<\/tr>\n<\/table>\n","protected":false},"excerpt":{"rendered":"<p>Name \/ Position E-mail Phone Ball\u00f3kov\u00e1, Be\u00e1ta Ing., PhD.scientist bballokova@saske.sk +421\/55\/7922 411 Baranov\u00e1, Gabriela Mgr., PhD. gbaranova@saske.sk Ceniga, Ladislav Ing. Mgr., DrSc. lceniga@saske.sk Cs\u00edk, D\u00e1vid&#8230;<\/p>\n","protected":false},"author":1,"featured_media":0,"parent":86,"menu_order":10,"comment_status":"closed","ping_status":"closed","template":"","meta":{"footnotes":""},"class_list":["post-92","page","type-page","status-publish","hentry"],"_links":{"self":[{"href":"https:\/\/websrv.saske.sk\/imr\/en\/wp-json\/wp\/v2\/pages\/92","targetHints":{"allow":["GET"]}}],"collection":[{"href":"https:\/\/websrv.saske.sk\/imr\/en\/wp-json\/wp\/v2\/pages"}],"about":[{"href":"https:\/\/websrv.saske.sk\/imr\/en\/wp-json\/wp\/v2\/types\/page"}],"author":[{"embeddable":true,"href":"https:\/\/websrv.saske.sk\/imr\/en\/wp-json\/wp\/v2\/users\/1"}],"replies":[{"embeddable":true,"href":"https:\/\/websrv.saske.sk\/imr\/en\/wp-json\/wp\/v2\/comments?post=92"}],"version-history":[{"count":6,"href":"https:\/\/websrv.saske.sk\/imr\/en\/wp-json\/wp\/v2\/pages\/92\/revisions"}],"predecessor-version":[{"id":365,"href":"https:\/\/websrv.saske.sk\/imr\/en\/wp-json\/wp\/v2\/pages\/92\/revisions\/365"}],"up":[{"embeddable":true,"href":"https:\/\/websrv.saske.sk\/imr\/en\/wp-json\/wp\/v2\/pages\/86"}],"wp:attachment":[{"href":"https:\/\/websrv.saske.sk\/imr\/en\/wp-json\/wp\/v2\/media?parent=92"}],"curies":[{"name":"wp","href":"https:\/\/api.w.org\/{rel}","templated":true}]}}