{"id":911,"date":"2022-02-18T13:17:02","date_gmt":"2022-02-18T12:17:02","guid":{"rendered":"https:\/\/websrv.saske.sk\/imr\/en\/?page_id=911"},"modified":"2022-02-18T13:17:02","modified_gmt":"2022-02-18T12:17:02","slug":"supervisory-board","status":"publish","type":"page","link":"https:\/\/websrv.saske.sk\/imr\/en\/about-us\/structure\/supervisory-board\/","title":{"rendered":"Supervisory Board"},"content":{"rendered":"<p><strong>Ing. Romana Jurkiewiczov\u00e1<\/strong><br \/>\nOffice of Slovak Academy of Sciences<br \/>\nTel: +421 2 57510 194<br \/>\nE-mail: jurkiewiczova(at)up.upsav.sk<\/p>\n<p><strong>Dr. Ing. Franti\u0161ek Siman\u010d\u00edk<\/strong><br \/>\nOffice of Slovak Academy of Sciences<br \/>\nTel: +421 905 336 021<br \/>\nE-mail: simancik(at)up.upsav.sk<\/p>\n<p><strong>prof. RNDr. Pavol Sov\u00e1k, CSc.<\/strong><br \/>\nRector, Pavol Jozef \u0160af\u00e1rik University in Ko\u0161ice<br \/>\nTel: +421 55 6222 608<br \/>\nE-mail: pavol.sovak(at)upjs.sk<\/p>\n","protected":false},"excerpt":{"rendered":"<p>Ing. Romana Jurkiewiczov\u00e1 Office of Slovak Academy of Sciences Tel: +421 2 57510 194 E-mail: jurkiewiczova(at)up.upsav.sk Dr. Ing. Franti\u0161ek Siman\u010d\u00edk Office of Slovak Academy of&#8230;<\/p>\n","protected":false},"author":1,"featured_media":0,"parent":248,"menu_order":0,"comment_status":"closed","ping_status":"closed","template":"","meta":{"footnotes":""},"class_list":["post-911","page","type-page","status-publish","hentry"],"_links":{"self":[{"href":"https:\/\/websrv.saske.sk\/imr\/en\/wp-json\/wp\/v2\/pages\/911","targetHints":{"allow":["GET"]}}],"collection":[{"href":"https:\/\/websrv.saske.sk\/imr\/en\/wp-json\/wp\/v2\/pages"}],"about":[{"href":"https:\/\/websrv.saske.sk\/imr\/en\/wp-json\/wp\/v2\/types\/page"}],"author":[{"embeddable":true,"href":"https:\/\/websrv.saske.sk\/imr\/en\/wp-json\/wp\/v2\/users\/1"}],"replies":[{"embeddable":true,"href":"https:\/\/websrv.saske.sk\/imr\/en\/wp-json\/wp\/v2\/comments?post=911"}],"version-history":[{"count":1,"href":"https:\/\/websrv.saske.sk\/imr\/en\/wp-json\/wp\/v2\/pages\/911\/revisions"}],"predecessor-version":[{"id":912,"href":"https:\/\/websrv.saske.sk\/imr\/en\/wp-json\/wp\/v2\/pages\/911\/revisions\/912"}],"up":[{"embeddable":true,"href":"https:\/\/websrv.saske.sk\/imr\/en\/wp-json\/wp\/v2\/pages\/248"}],"wp:attachment":[{"href":"https:\/\/websrv.saske.sk\/imr\/en\/wp-json\/wp\/v2\/media?parent=911"}],"curies":[{"name":"wp","href":"https:\/\/api.w.org\/{rel}","templated":true}]}}