{"id":41,"date":"2019-03-04T18:19:23","date_gmt":"2019-03-04T17:19:23","guid":{"rendered":"http:\/\/websrv.saske.sk\/imr\/en\/?page_id=41"},"modified":"2019-05-22T11:28:43","modified_gmt":"2019-05-22T09:28:43","slug":"service-offers","status":"publish","type":"page","link":"https:\/\/websrv.saske.sk\/imr\/en\/service-offers\/","title":{"rendered":"Service offers"},"content":{"rendered":"<h2><span style=\"color: #ff6600\">Division of Metallic Systems<\/span><\/h2>\n<p><strong><span style=\"color: #ff6600\">a) Microstructural, chemical and phase analyses<\/span>\u00a0<\/strong><span style=\"color: #ff6600\">(contact individuals: RNDr. M. D\u017eupon, PhD., Mgr. I. Petryshynets, PhD., Ing. O. Milkovi\u010d, PhD., \u00a0 K. Saksl, DrSc.).<\/span><\/p>\n<ul>\n<li>Microstructural analysis of materials from the viewpoint of grain size, crystallographic textures, proportion, distributional characteristics and morphology of secondary phases with the aid of light and electron microscopy and ESBD measuring.<\/li>\n<li>Qualitative and quantitative EDX chemical elements analyses (point, line, area).<\/li>\n<li>Determining phase components, size of grains\/crystals and inner stress of X-ray diffraction analysis of powder and massive samples.<\/li>\n<li>DSC, DTA and TG analyses of metal and non-metal materials.<\/li>\n<\/ul>\n<p><strong><span style=\"color: #ff6600\">b) Mechanically testing materials<\/span>\u00a0<\/strong><span style=\"color: #ff6600\">(contact individuals: RNDr. M. D\u017eupon, PhD., Ing. Lucia \u010ciripov\u00e1, PhD.).<\/span><\/p>\n<ul>\n<li>Realization of mechanical tests of compact metal materials and powder metallurgy materials.<\/li>\n<li>Standardized testing methods containing the following mechanical tests: pulling test, brittleness test, breaking test, bending impact test, creep test in uniaxial pull to 650\u00b0C, pull test at heightened and lowered temperatures, hardness test according to Vickers, Brinell and Rockwell, bending impact test at lowered and heightened temperatures.<\/li>\n<\/ul>\n<p><span style=\"color: #ff6600\"><strong>c) Analyses of material failure\u00a0<\/strong>(contact individuals: RNDr. M. D\u017eupon, PhD., Ing. L. Falat, PhD.).<\/span><\/p>\n<ul>\n<li>Analyses of failures of construction components and parts.<\/li>\n<li>Analyses of the causes of losses in functional properties.<\/li>\n<li>Operative analysis of product quality.<\/li>\n<li>Fractographic analysis of fracture surfaces.<\/li>\n<\/ul>\n<p><span style=\"color: #ff6600\"><strong>d) Heat processing of metal materials<\/strong>(contact individuals: V. Katana, Mgr. I. Petryshynets, PhD., Ing. L. Falat, PhD.).<\/span><\/p>\n<ul>\n<li>Quenching, tempering.<\/li>\n<li>Annealing (soft, normalization, dissolution, etc.).<\/li>\n<li>Non-conventional methods (laser, cryogenic).<\/li>\n<\/ul>\n<p>&nbsp;<\/p>\n","protected":false},"excerpt":{"rendered":"<p>Division of Metallic Systems a) Microstructural, chemical and phase analyses\u00a0(contact individuals: RNDr. M. D\u017eupon, PhD., Mgr. I. Petryshynets, PhD., Ing. O. Milkovi\u010d, PhD., \u00a0 K&#8230;.<\/p>\n","protected":false},"author":1,"featured_media":0,"parent":0,"menu_order":60,"comment_status":"closed","ping_status":"closed","template":"","meta":{"footnotes":""},"class_list":["post-41","page","type-page","status-publish","hentry"],"_links":{"self":[{"href":"https:\/\/websrv.saske.sk\/imr\/en\/wp-json\/wp\/v2\/pages\/41","targetHints":{"allow":["GET"]}}],"collection":[{"href":"https:\/\/websrv.saske.sk\/imr\/en\/wp-json\/wp\/v2\/pages"}],"about":[{"href":"https:\/\/websrv.saske.sk\/imr\/en\/wp-json\/wp\/v2\/types\/page"}],"author":[{"embeddable":true,"href":"https:\/\/websrv.saske.sk\/imr\/en\/wp-json\/wp\/v2\/users\/1"}],"replies":[{"embeddable":true,"href":"https:\/\/websrv.saske.sk\/imr\/en\/wp-json\/wp\/v2\/comments?post=41"}],"version-history":[{"count":6,"href":"https:\/\/websrv.saske.sk\/imr\/en\/wp-json\/wp\/v2\/pages\/41\/revisions"}],"predecessor-version":[{"id":567,"href":"https:\/\/websrv.saske.sk\/imr\/en\/wp-json\/wp\/v2\/pages\/41\/revisions\/567"}],"wp:attachment":[{"href":"https:\/\/websrv.saske.sk\/imr\/en\/wp-json\/wp\/v2\/media?parent=41"}],"curies":[{"name":"wp","href":"https:\/\/api.w.org\/{rel}","templated":true}]}}