{"id":39,"date":"2019-03-04T18:17:40","date_gmt":"2019-03-04T17:17:40","guid":{"rendered":"http:\/\/websrv.saske.sk\/imr\/en\/?page_id=39"},"modified":"2022-02-25T17:43:28","modified_gmt":"2022-02-25T16:43:28","slug":"links","status":"publish","type":"page","link":"https:\/\/websrv.saske.sk\/imr\/en\/links\/","title":{"rendered":"Links"},"content":{"rendered":"<p>&nbsp;<\/p>\n<p style=\"text-align: left; padding-left: 120px;\"><span style=\"color: #0000ff;\"><strong>Grant agencies:<\/strong><\/span><\/p>\n<ul>\n<li><a href=\"https:\/\/www.apvv.sk\/?lang=en\" target=\"_blank\" rel=\"noopener\"><span style=\"color: #ff6600;\">SRDA &#8211; Slovak Research and Development Agency<\/span><\/a><\/li>\n<li><a href=\"http:\/\/www.asfeu.sk\/en\/agency\/\" target=\"_blank\" rel=\"noopener\"><span style=\"color: #ff6600;\">Agency of the Ministry of Education, Science, Research and Sport\u00a0of the Slovak Republic for the Structural Funds of EU (Agency)<\/span><\/a><\/li>\n<li><span style=\"color: #ff6600;\"><a style=\"color: #ff6600;\" href=\"https:\/\/www.scholarships.sk\/en\/\" target=\"_blank\" rel=\"noopener\">National Scholarship Programme of the Slovak Republic<\/a><\/span><\/li>\n<li><a href=\"https:\/\/www.saia.sk\/en\" target=\"_blank\" rel=\"noopener\"><span style=\"color: #ff6600;\">SAIA &#8211; Slovak Academic Information Agency<\/span><\/a><\/li>\n<\/ul>\n<p style=\"padding-left: 120px;\"><span style=\"color: #0000ff;\"><strong>EU agencies and other organizations:<\/strong><\/span><\/p>\n<ul>\n<li><a href=\"https:\/\/oms.sav.sk\/en\/documents\/documents-of-the-department-of-international-projects\/\" target=\"_blank\" rel=\"noopener\"><span style=\"color: #ff6600;\">Department of International Cooperation<\/span><\/a><\/li>\n<li><a href=\"https:\/\/europa.eu\/european-union\/about-eu\/agencies\/echa_en\" target=\"_blank\" rel=\"noopener\"><span style=\"color: #ff6600;\">ECHA &#8211;\u00a0European Chemicals Agency<\/span><\/a><\/li>\n<li><a href=\"https:\/\/ec.europa.eu\/info\/departments\/european-research-council_en\" target=\"_blank\" rel=\"noopener\"><span style=\"color: #ff6600;\">ERCEA &#8211;\u00a0European Research Council Executive Agency<\/span><\/a><\/li>\n<li><a href=\"https:\/\/ec.europa.eu\/info\/departments\/research-executive-agency_en\" target=\"_blank\" rel=\"noopener\"><span style=\"color: #ff6600;\">REA &#8211;\u00a0Research Executive Agency<\/span><\/a><\/li>\n<li><a href=\"https:\/\/europa.eu\/european-union\/about-eu\/agencies\/eit_en\" target=\"_blank\" rel=\"noopener\"><span style=\"color: #ff6600;\">EIT &#8211;\u00a0European Institute of Innovation and Technology<\/span><\/a><\/li>\n<\/ul>\n<p style=\"padding-left: 120px;\"><span style=\"color: #0000ff;\"><strong>Scientific companies:<\/strong><\/span><\/p>\n<ul>\n<li><a href=\"http:\/\/www.zsvts.sk\/about-us\" target=\"_blank\" rel=\"noopener\"><span style=\"color: #ff6600;\">ZSVTS &#8211;\u00a0Association of Slovak Scientific and Technological Societies<\/span><\/a><\/li>\n<\/ul>\n<p style=\"padding-left: 120px;\"><span style=\"color: #0000ff;\"><strong>Universities:<\/strong><\/span><\/p>\n<ul>\n<li><a href=\"http:\/\/www.tuke.sk\/wps\/portal\/tuke\" target=\"_blank\" rel=\"noopener\"><span style=\"color: #ff6600;\">Technical University of Ko\u0161ice<\/span><\/a><\/li>\n<li><a href=\"https:\/\/www.upjs.sk\/en\/?prefferedLang=EN\" target=\"_blank\" rel=\"noopener\"><span style=\"color: #ff6600;\">Pavol Jozef \u0160af\u00e1rik University in Ko\u0161ice<\/span><\/a><\/li>\n<li><a href=\"https:\/\/www.stuba.sk\/english.html?page_id=132\" target=\"_blank\" rel=\"noopener\"><span style=\"color: #ff6600;\">Slovak University of Technology in Bratislava<\/span><\/a><\/li>\n<\/ul>\n<p style=\"padding-left: 120px;\"><span style=\"color: #0000ff;\"><strong>Databases:<\/strong><\/span><\/p>\n<ul>\n<li><a href=\"http:\/\/www.uk.sav.sk\/uk_pre_SAV\/eng\/\" target=\"_blank\" rel=\"noopener\"><span style=\"color: #ff6600;\">The Central Library of Slovak Academy of Sciences<\/span><\/a><\/li>\n<li><a href=\"https:\/\/apps.webofknowledge.com\/WOS_GeneralSearch_input.do?product=WOS&amp;search_mode=GeneralSearch&amp;SID=Q1IbJhqmMT3VATp3Ebk&amp;preferencesSaved=\" target=\"_blank\" rel=\"noopener\"><span style=\"color: #ff6600;\">Web of Knowledge<\/span><\/a><\/li>\n<li><a href=\"https:\/\/www.sciencedirect.com\/\" target=\"_blank\" rel=\"noopener\"><span style=\"color: #ff6600;\">Science Direct<\/span><\/a><\/li>\n<li><a href=\"https:\/\/www.scopus.com\/search\/form.uri?display=basic\" target=\"_blank\" rel=\"noopener\"><span style=\"color: #ff6600;\">Scopus<\/span><\/a><\/li>\n<li><a href=\"https:\/\/link.springer.com\/\" target=\"_blank\" rel=\"noopener\"><span style=\"color: #ff6600;\">Springer Link<\/span><\/a><\/li>\n<\/ul>\n<p style=\"padding-left: 120px;\"><strong><span style=\"color: #0000ff;\">Other:<\/span><\/strong><\/p>\n<ul>\n<li><a href=\"http:\/\/www.nocvyskumnikov.sk\/european-researchers-night.html\" target=\"_blank\" rel=\"noopener\"><span style=\"color: #ff6600;\">European Researchers&#8217; Night<\/span><\/a><\/li>\n<\/ul>\n","protected":false},"excerpt":{"rendered":"<p>&nbsp; Grant agencies: SRDA &#8211; Slovak Research and Development Agency Agency of the Ministry of Education, Science, Research and Sport\u00a0of the Slovak Republic for the&#8230;<\/p>\n","protected":false},"author":1,"featured_media":0,"parent":0,"menu_order":50,"comment_status":"closed","ping_status":"closed","template":"","meta":{"footnotes":""},"class_list":["post-39","page","type-page","status-publish","hentry"],"_links":{"self":[{"href":"https:\/\/websrv.saske.sk\/imr\/en\/wp-json\/wp\/v2\/pages\/39","targetHints":{"allow":["GET"]}}],"collection":[{"href":"https:\/\/websrv.saske.sk\/imr\/en\/wp-json\/wp\/v2\/pages"}],"about":[{"href":"https:\/\/websrv.saske.sk\/imr\/en\/wp-json\/wp\/v2\/types\/page"}],"author":[{"embeddable":true,"href":"https:\/\/websrv.saske.sk\/imr\/en\/wp-json\/wp\/v2\/users\/1"}],"replies":[{"embeddable":true,"href":"https:\/\/websrv.saske.sk\/imr\/en\/wp-json\/wp\/v2\/comments?post=39"}],"version-history":[{"count":38,"href":"https:\/\/websrv.saske.sk\/imr\/en\/wp-json\/wp\/v2\/pages\/39\/revisions"}],"predecessor-version":[{"id":915,"href":"https:\/\/websrv.saske.sk\/imr\/en\/wp-json\/wp\/v2\/pages\/39\/revisions\/915"}],"wp:attachment":[{"href":"https:\/\/websrv.saske.sk\/imr\/en\/wp-json\/wp\/v2\/media?parent=39"}],"curies":[{"name":"wp","href":"https:\/\/api.w.org\/{rel}","templated":true}]}}