{"id":37,"date":"2019-03-04T18:17:27","date_gmt":"2019-03-04T17:17:27","guid":{"rendered":"http:\/\/websrv.saske.sk\/imr\/en\/?page_id=37"},"modified":"2023-05-03T11:47:08","modified_gmt":"2023-05-03T09:47:08","slug":"phd-study","status":"publish","type":"page","link":"https:\/\/websrv.saske.sk\/imr\/en\/phd-study\/","title":{"rendered":"PhD. study"},"content":{"rendered":"<h2><span style=\"color: #ff6600;\">Conditions for acceptance to DS:<\/span><\/h2>\n<p>After the announcement of the admission procedure it is necessary to fill in the application form for PhD. (<strong>form \u0160EVT 493990<\/strong>) at the secretariat of the Institute of Materials Research of the Slovak Academy of Sciences and to bring a CV, a certified copy of the diploma or a certificate of graduation in the case of new graduates. In the application form, interested candidates usually apply for one of the listed thesis to a specific supervisor.<\/p>\n<p>Successful completion of the admissions interview (<strong>held in June<\/strong>); the admissions procedure is closed to the public before a multi-member committee. On the basis of the admission interview, the committee will determine the ranking of successful candidates who have met the required criteria.<\/p>\n<p>After successful examination and admission, doctoral candidates will be <strong>granted preferential financial conditions<\/strong> for doctoral studies.<\/p>\n<p>The start date for doctoral studies is normally <strong>1 September<\/strong>.<\/p>\n<p>Doctoral studies can be taken either full-time, for which no fees have yet been set, or part-time, where all expenses are covered by the employing organisation.<\/p>\n<p>For more detailed information about doctoral studies, please contact Ms. Ter\u00e9zia R\u00e1cov\u00e1, phone: +421 55 792 2404, e-mail: tracova@saske.sk<\/p>\n<p>&nbsp;<\/p>\n<ul>\n<li>\n<h3><strong>Thesis for PhD. studies:<\/strong><\/h3>\n<\/li>\n<li>Academic year: 2023\/2024<\/li>\n<li><strong>List of Doctoral Study Thesis &#8211; Faculty of Materials, Metallurgy and Recycling on Technical University in Ko\u0161ice in the academic year 2023\/2024<\/strong><\/li>\n<li>Application deadline: 16.6.2023<\/li>\n<li>Admission deadline:<\/li>\n<li>Study field: mechanical engineering<\/li>\n<li>Study programme: materials science<\/li>\n<li>External Educational Institution: Institute of Materials Research of the Slovak Academy of Sciences<\/li>\n<\/ul>\n<p>&nbsp;<\/p>\n<ul>\n<li><strong>Thesis: Magnetically soft composites based on surface-modified ferromagnetic powder particles<\/strong><\/li>\n<li><strong>Supervisor : Ing. Radovan Bure\u0161, CSc.<\/strong><\/li>\n<\/ul>\n<p>&nbsp;<\/p>\n<ul>\n<li><strong>Thesis: Development of ultrahigh-temperature carbides with enhanced oxidation resistance<\/strong><\/li>\n<li><strong>Supervisor : Ing. Alexandra Koval\u010d\u00edkov\u00e1, PhD.<\/strong><\/li>\n<\/ul>\n<p>&nbsp;<\/p>\n<ul>\n<li><strong>Thesis: Development of multicomponent thermodynamic database for use in modeling and simulation processes<\/strong><\/li>\n<li><strong>Supervisor: RNDr. Viera Homolov\u00e1, PhD.<\/strong><\/li>\n<\/ul>\n<p>&nbsp;<\/p>\n<ul>\n<li><strong>Thesis: High-ionization plasma sputtering of multicomponent ceramic coatings<\/strong><\/li>\n<li><strong>Supervisor: doc. RNDr. Franti\u0161ek Lofaj, DrSc.<\/strong><\/li>\n<\/ul>\n<p>&nbsp;<\/p>\n<ul>\n<li><strong>Thesis: Characterization of plasma deposition and ceramic coatings using optical and electron spectroscopy<\/strong><\/li>\n<li><strong>Supervisor: doc. RNDr. Franti\u0161ek Lofaj, DrSc.<\/strong><\/li>\n<\/ul>\n<p>&nbsp;<\/p>\n<ul>\n<li><strong>Thesis: FEM modelling of nanoindentation, indentation and friction testing in coating\/substrate systems<\/strong><\/li>\n<li><strong>Supervisor: doc. RNDr. Franti\u0161ek Lofaj, DrSc.<\/strong><\/li>\n<\/ul>\n<p>&nbsp;<\/p>\n<ul>\n<li><strong>Thesis: Thermal embrittlement and possibilities of restoring properties of thermally degraded alloys<\/strong><\/li>\n<li><strong>Supervisor: Ing. Ladislav Falat, PhD.<\/strong><\/li>\n<\/ul>\n<p>&nbsp;<\/p>\n<ul>\n<li><strong>Thesis: Research and development of bioresorbable materials based on Zn and Mg<\/strong><\/li>\n<li><strong>Supervisor: Ing. Be\u00e1ta Ball\u00f3kov\u00e1, PhD.<\/strong><\/li>\n<\/ul>\n<p>&nbsp;<\/p>\n<ul>\n<li><strong>Thesis: Sulfide-based electrocatalysts for water decomposition in electrolysers and fuel cells<\/strong><\/li>\n<li><strong>Supervisor: RNDr. Magdal\u00e9na Stre\u010dkov\u00e1, PhD.<\/strong><\/li>\n<\/ul>\n<p>&nbsp;<\/p>\n<ul>\n<li><strong>Thesis: Development of nano\/microfibrous materials by electrostatic softening method for applications in energy and environmental technologies<\/strong><\/li>\n<li><strong>Supervisor: prof. RNDr. J\u00e1n Dusza, DrSc.<\/strong><\/li>\n<\/ul>\n<p>&nbsp;<\/p>\n<ul>\n<li><strong>Thesis: Mechanical and tribological properties of progressive ceramic composites based on alumina and refractory carbides<\/strong><\/li>\n<li><strong>Supervisor: prof. Prof. RNDr. J\u00e1n Dusza, DrSc.<\/strong><\/li>\n<\/ul>\n<p>&nbsp;<\/p>\n<ul>\n<li><strong>Thesis: Nano-mechanical properties of progressive composite materials<\/strong><\/li>\n<li><strong>Supervisor: prof. RNDr. J\u00e1n Dusza, DrSc.<\/strong><\/li>\n<\/ul>\n<p>&nbsp;<\/p>\n<p>&nbsp;<\/p>\n<ul>\n<li><strong>List of Doctoral Study Thesis &#8211; Faculty of Science Pavol Jozef \u0160af\u00e1rik University in Ko\u0161ice in the academic year 2023\/2024<\/strong><\/li>\n<li>Application deadline: 31.5.2023<\/li>\n<li>Admission deadline:<\/li>\n<li>Field of study: physics<\/li>\n<li>Study programme: progressive materials<\/li>\n<li>External Educational Institution: Institute of Materials Research of the Slovak Academy of Sciences<\/li>\n<\/ul>\n<p>&nbsp;<\/p>\n<ul>\n<li><strong>Thesis: Modelling of phase diagrams and thermodynamic properties of the systems for high temperature applications<\/strong><\/li>\n<li><strong>Supervisor: RNDr. Viera Homolov\u00e1, PhD.<\/strong><\/li>\n<\/ul>\n<p>&nbsp;<\/p>\n<ul>\n<li><strong>Thesis: Highly ionized plasma sputtering of multicomponent ceramic coatings<\/strong><\/li>\n<li><strong>Supervisor: RNDr. Franti\u0161ek Lofaj, DrSc.<\/strong><\/li>\n<\/ul>\n<p>&nbsp;<\/p>\n<ul>\n<li><strong>Thesis: Characterization of plasma deposition of ceramic coatings by optical and electron spectroscopy methods<\/strong><\/li>\n<li><strong>Supervisor: RNDr. Franti\u0161ek Lofaj, DrSc.<\/strong><\/li>\n<\/ul>\n<p>&nbsp;<\/p>\n<ul>\n<li><strong>Thesis: FEM of the processes during nanoindentation, scratch and tribological testing in coating\/substrate systems<\/strong><\/li>\n<li><strong>Supervisor: doc. RNDr. Franti\u0161ek Lofaj, DrSc.<\/strong><\/li>\n<\/ul>\n<p>&nbsp;<\/p>\n<ul>\n<li><strong>Thesis: Electrocatalysts based on sulphides for water splitting for electrolysers and fuel cells<\/strong><\/li>\n<li><strong>Supervisor: RNDr. Magdal\u00e9na Stre\u010dkov\u00e1, PhD.<\/strong><\/li>\n<\/ul>\n<p>&nbsp;<\/p>\n<ul>\n<li><strong>Thesis: Development of high-entropy ceramics: modelling, processing, characterization and testing<\/strong><\/li>\n<li><strong>Supervisor: prof. RNDr. J\u00e1n Dusza, DrSc.<\/strong><\/li>\n<\/ul>\n<p>&nbsp;<\/p>\n<ul>\n<li><strong>Thesis: Nanomechanical properties of advanced composite materials<\/strong><\/li>\n<li><strong>Supervisor: prof. RNDr. J\u00e1n Dusza, DrSc.<\/strong><\/li>\n<\/ul>\n<p>&nbsp;<\/p>\n<ul>\n<li><strong>Thesis: Development of nano\/microfibres by needle-lees for applications in energy and environmental technologies<\/strong><\/li>\n<li><strong>Supervisor: prof. RNDr. J\u00e1n Dusza, DrSc.<\/strong><\/li>\n<\/ul>\n<p>&nbsp;<\/p>\n<p>&nbsp;<\/p>\n<ul>\n<li><strong>List of Doctoral Study Thesis &#8211; Faculty of Mechanical Engineering on Technical University in Ko\u0161ice in the academic year 2023\/2024<\/strong><\/li>\n<li>Application deadline: 31.5.2023<\/li>\n<li>Admission deadline:<\/li>\n<li>Field of study: electrical engineering<\/li>\n<li>Study programme: biomedical engineering<\/li>\n<li>External Educational Institution: Institute of Materials Research of the Slovak Academy of Sciences<\/li>\n<\/ul>\n<p>&nbsp;<\/p>\n<ul>\n<li><strong>Thesis: Development and characterization of multifunctional self-healing hydrogels using molecular dynamic simulation<\/strong><\/li>\n<li><strong>Supervisor: RNDr. Pavol Hvizdo\u0161, DrSc.<\/strong><\/li>\n<\/ul>\n<p>&nbsp;<\/p>\n<p>&nbsp;<\/p>\n<ul>\n<li><strong>List of Doctoral Study Thesis &#8211; Faculty of Mechanical Engineering on Technical University in Ko\u0161ice in the academic year 2023\/2024<\/strong><\/li>\n<li>Application deadline: 31.5.2023<\/li>\n<li>Admission deadline:<\/li>\n<li>Field of study: mechanical engineering<\/li>\n<li>Study programme: mechanical engineering technology and materials<\/li>\n<li>External Educational Institution: Institute of Materials Research of the Slovak Academy of Sciences<\/li>\n<\/ul>\n<p>&nbsp;<\/p>\n<ul>\n<li><strong>Thesis: Influence of mechanical processing on the functional properties of magnetic soft powder materials<\/strong><\/li>\n<li><strong>Supervisor: Ing. Radovan Bure\u0161, CSc.<\/strong><\/li>\n<\/ul>\n<p>&nbsp;<\/p>\n<ul>\n<li><strong>Thesis: Development of special materials for high frequency radio elements<\/strong><\/li>\n<li><strong>Supervisor: Ing. Radovan Bure\u0161, CSc.<\/strong><\/li>\n<\/ul>\n","protected":false},"excerpt":{"rendered":"<p>Conditions for acceptance to DS: After the announcement of the admission procedure it is necessary to fill in the application form for PhD. (form \u0160EVT&#8230;<\/p>\n","protected":false},"author":1,"featured_media":0,"parent":0,"menu_order":40,"comment_status":"closed","ping_status":"closed","template":"","meta":{"footnotes":""},"class_list":["post-37","page","type-page","status-publish","hentry"],"_links":{"self":[{"href":"https:\/\/websrv.saske.sk\/imr\/en\/wp-json\/wp\/v2\/pages\/37","targetHints":{"allow":["GET"]}}],"collection":[{"href":"https:\/\/websrv.saske.sk\/imr\/en\/wp-json\/wp\/v2\/pages"}],"about":[{"href":"https:\/\/websrv.saske.sk\/imr\/en\/wp-json\/wp\/v2\/types\/page"}],"author":[{"embeddable":true,"href":"https:\/\/websrv.saske.sk\/imr\/en\/wp-json\/wp\/v2\/users\/1"}],"replies":[{"embeddable":true,"href":"https:\/\/websrv.saske.sk\/imr\/en\/wp-json\/wp\/v2\/comments?post=37"}],"version-history":[{"count":22,"href":"https:\/\/websrv.saske.sk\/imr\/en\/wp-json\/wp\/v2\/pages\/37\/revisions"}],"predecessor-version":[{"id":963,"href":"https:\/\/websrv.saske.sk\/imr\/en\/wp-json\/wp\/v2\/pages\/37\/revisions\/963"}],"wp:attachment":[{"href":"https:\/\/websrv.saske.sk\/imr\/en\/wp-json\/wp\/v2\/media?parent=37"}],"curies":[{"name":"wp","href":"https:\/\/api.w.org\/{rel}","templated":true}]}}