{"id":335,"date":"2019-05-15T13:50:05","date_gmt":"2019-05-15T11:50:05","guid":{"rendered":"http:\/\/websrv.saske.sk\/imr\/en\/?page_id=335"},"modified":"2019-06-06T13:13:58","modified_gmt":"2019-06-06T11:13:58","slug":"awards","status":"publish","type":"page","link":"https:\/\/websrv.saske.sk\/imr\/en\/divisions\/division-of-ceramic-and-non-metallic-systems\/awards\/","title":{"rendered":"Awards"},"content":{"rendered":"<p><span style=\"color: #ff6600\"><strong>J<\/strong><strong>\u00e1n Dusza<\/strong><\/span><\/p>\n<ul>\n<li>2018 \u2013 Introduction to the Hall of Fame within the Kosican of the Year Award 2017<\/li>\n<li>2017 \u2013 Vice-Chairman of the Hungarian Academic Council in Slovakia<\/li>\n<li>2016 \u2013 Special professor, NWPU, XI\u00b4AN, CHINA<\/li>\n<li>2016 \u2013 Prize of Jedlik Anyos, Slovakia<\/li>\n<li>2015 \u2013 Member of the European Ceramic Society<\/li>\n<li>2014 \u2013 Prize of Dennis Gabor, Budapest, Hungary<\/li>\n<li>2012 \u2013 Academician of the World Academy of Ceramics,<\/li>\n<li>2012 \u2013 SAS Award for Building Infrastructure for Science &#8211; a member of an award-winning team<\/li>\n<li>2008 \u2013 SAS Award for Contribution to Research and Development of Progressive Ceramic Materials &#8211; Collective Member<\/li>\n<li>2008 \u2013 Researcher of the Year 2008 for international cooperation<\/li>\n<li>2009 \u2013 Member of the Slovak valued society, Slovakia<\/li>\n<li>2008 \u2013 Academician of the Hungarian Academy of Sciences, Hungary<\/li>\n<li>1999 \u2013 2000 \u2013 Hertha Filnberg fellowship, Austrian Research Center Seibersdorf, Austria<\/li>\n<li>1998 \u2013 99 \u2013 EC Fellow, Institute for Advanced Materials Petten, JRC, The Netherlands<\/li>\n<li>1994 \u2013 95 \u2013 Lisa Meitner fellowship, University of Vienna, Austria<\/li>\n<li>1989 \u2013 90 \u2013 Alexander von Humboldt Fellowship, Max Planck Institute, Stuttgart, Germany<\/li>\n<\/ul>\n<p>&nbsp;<\/p>\n<p><span style=\"color: #ff6600\"><strong>Pavol Hvizdo\u0161<\/strong><\/span><\/p>\n<ul>\n<li>2018 \u2013 Commemorative Medal of the Science and Research Center \u017deleziarne Podbrezov\u00e1 s.r.o, Slovakia<\/li>\n<li>2017 \u2013 Commemorative Coin of the Faculty of Metallurgy, Materials and Recycling TUKE, Slovakia<\/li>\n<li>2017 &#8211; Platinum medal of Faculty of Mechanical Engineering TU Ko\u0161ice<\/li>\n<li>2017 &#8211; Great Medal of the Faculty of Manufacturing Technologies with headquarters in Pre\u0161ov, TUKE<\/li>\n<li>2012 &#8211; SAS Award for Science Building &#8211; a member of the award-winning team<\/li>\n<li>2008 &#8211; SAS Award &#8211; Researcher of the Year 2008<\/li>\n<li>2003-05 &#8211; Ramon y Cajal Fellowship, Spain<\/li>\n<li>2000-02 &#8211; Marie Curie Fellowship, UK<\/li>\n<li>1998 &#8211; NATO Fellowship, UK<\/li>\n<\/ul>\n<p>&nbsp;<\/p>\n<p><span style=\"color: #ff6600\"><strong>Franti\u0161ek Lofaj<\/strong><\/span><\/p>\n<ul>\n<li>2012 &#8211; SAS Award for Science Building &#8211; a member of the award-winning team<\/li>\n<li>2008 &#8211; SAS Award for Contribution to Research and Development of Progressive Ceramic Materials &#8211; Collective Member<\/li>\n<li>2005 &#8211; JRC Fellowship, The Netherlands<\/li>\n<li>2003 &#8211; Europa Fellowship by A. von Humboldt Foundation, France<\/li>\n<li>2002-03 &#8211; Alexander von Humboldt Fellowship, Germany<\/li>\n<li>2001 &#8211; United Engineering Foundation Fellowship (2001) USA<\/li>\n<li>2000 &#8211; J.W. Fulbright Fellowship USA<\/li>\n<li>1999 &#8211; NIST Visiting Researcher Fellowship, USA<\/li>\n<li>1999 &#8211; Iketani Science Foundation Fellowship, Japan<\/li>\n<li>1998 &#8211; Deutsche Forschungsgemeinschaft Stiftung as part of project SFB 371, Germany<\/li>\n<li>1996-97 &#8211; Japan Fine Ceramic Center, Fellowship, Japan<\/li>\n<li>1994-95 and 1997 &#8211; Science and Technology Agency Fellowship, Japan<\/li>\n<\/ul>\n<p>&nbsp;<\/p>\n<p><span style=\"color: #ff6600\"><strong>Alexandra Koval\u010d\u00edkov\u00e1<\/strong><\/span><\/p>\n<ul>\n<li>2017 &#8211; SAS Award in the category: Young Scientific Team<\/li>\n<li>2012 &#8211; Award of the President of the Slovak Republic to Young Scientists: For Research in the Field of Chemical Composition of Heat Treatment of Modern Ceramic Composite Materials<\/li>\n<li>2012 &#8211; 3rd place in the 1st Department of Science in the competition Young Researcher of the Academy of Sciences up to 35 years<\/li>\n<li>2008 &#8211; Obtaining a scholarship from the Supporting Fund of \u0160tefan Schwarz for the creation of postdoctoral posts in the SAS<\/li>\n<\/ul>\n<p>&nbsp;<\/p>\n<p><span style=\"color: #ff6600\"><strong>Tam\u00e1s Csan\u00e1di<\/strong><\/span><\/p>\n<ul>\n<li>2018 \u2013 Acta Student Award (Columbus, Ohio, USA)<\/li>\n<li>2018 \u2013 Fund of \u0160tefan Schwarz awarded by the Slovak Academy of Sciences (Bratislava, Slovakia)<\/li>\n<li>2017 \u2013 Prize of the Slovak Academy of Sciences for a team of young scientists (Smolenice, Slovakia)<\/li>\n<li>2015 \u2013 3<sup>rd<\/sup> place on ECERS (European Ceramic Society) Student Speech Contest (ECERS, Toledo, Spain)<\/li>\n<li>2015 \u2013 1<sup>st<\/sup> place on Competition of Young Scientists under the age of 35 years (Slovak Academy of Sciences, Bratislava, Slovakia)<\/li>\n<li>2014 \u2013 1<sup>st<\/sup> place on Competition of Seminar of PhD Students (IMR-SAS, Ko\u0161ice, Slovakia)<\/li>\n<li>2007 \u2013 Excellent student of Faculty of Science Award (ELTE, Budapest, Hungary)<\/li>\n<li>2006 \u2013 Scientific Student Society Acknowledgement (ELTE, Budapest, Hungary)<\/li>\n<li>2005 \u2013 2<sup>nd<\/sup> place on Conference of Scientific Student Society (ELTE, Budapest, Hungary)<\/li>\n<\/ul>\n<p>&nbsp;<\/p>\n<p><span style=\"color: #ff6600\"><strong>Richard Sedl\u00e1k<\/strong><\/span><\/p>\n<ul>\n<li>2018 \u2013 2<sup>nd<\/sup> place on Competition of Young Scientists under the age of 35 years (Slovak Academy of Sciences, Bratislava, Slovakia)<\/li>\n<li>2017 \u2013 1<sup>st<\/sup> place on Competition of Seminar of PhD Students (IMR-SAS, Ko\u0161ice, Slovakia)<\/li>\n<\/ul>\n","protected":false},"excerpt":{"rendered":"<p>J\u00e1n Dusza 2018 \u2013 Introduction to the Hall of Fame within the Kosican of the Year Award 2017 2017 \u2013 Vice-Chairman of the Hungarian Academic&#8230;<\/p>\n","protected":false},"author":1,"featured_media":0,"parent":88,"menu_order":60,"comment_status":"closed","ping_status":"closed","template":"","meta":{"footnotes":""},"class_list":["post-335","page","type-page","status-publish","hentry"],"_links":{"self":[{"href":"https:\/\/websrv.saske.sk\/imr\/en\/wp-json\/wp\/v2\/pages\/335","targetHints":{"allow":["GET"]}}],"collection":[{"href":"https:\/\/websrv.saske.sk\/imr\/en\/wp-json\/wp\/v2\/pages"}],"about":[{"href":"https:\/\/websrv.saske.sk\/imr\/en\/wp-json\/wp\/v2\/types\/page"}],"author":[{"embeddable":true,"href":"https:\/\/websrv.saske.sk\/imr\/en\/wp-json\/wp\/v2\/users\/1"}],"replies":[{"embeddable":true,"href":"https:\/\/websrv.saske.sk\/imr\/en\/wp-json\/wp\/v2\/comments?post=335"}],"version-history":[{"count":24,"href":"https:\/\/websrv.saske.sk\/imr\/en\/wp-json\/wp\/v2\/pages\/335\/revisions"}],"predecessor-version":[{"id":793,"href":"https:\/\/websrv.saske.sk\/imr\/en\/wp-json\/wp\/v2\/pages\/335\/revisions\/793"}],"up":[{"embeddable":true,"href":"https:\/\/websrv.saske.sk\/imr\/en\/wp-json\/wp\/v2\/pages\/88"}],"wp:attachment":[{"href":"https:\/\/websrv.saske.sk\/imr\/en\/wp-json\/wp\/v2\/media?parent=335"}],"curies":[{"name":"wp","href":"https:\/\/api.w.org\/{rel}","templated":true}]}}