{"id":325,"date":"2019-05-15T13:48:19","date_gmt":"2019-05-15T11:48:19","guid":{"rendered":"http:\/\/websrv.saske.sk\/imr\/en\/?page_id=325"},"modified":"2019-06-06T12:07:14","modified_gmt":"2019-06-06T10:07:14","slug":"cooperation","status":"publish","type":"page","link":"https:\/\/websrv.saske.sk\/imr\/en\/divisions\/division-of-ceramic-and-non-metallic-systems\/cooperation\/","title":{"rendered":"Cooperation"},"content":{"rendered":"<ul>\n<li><span lang=\"EN-GB\">Queen Mary University, London, UK<\/span><\/li>\n<li><span lang=\"EN-GB\">Hungarian Academy of Sciences Centre for Energy Research (MTA EK), Hungary Fraunhofer IKTS, Germany<\/span><\/li>\n<li><span lang=\"EN-GB\">Northwestern polytechnical university Xi\u2019an, China<\/span><\/li>\n<li><span lang=\"EN-GB\">The Institute of Advanced Manufacturing Technology (IOS), Poland<\/span><\/li>\n<li><span lang=\"EN-GB\">Tallinn University of Technology (TUT), Estonia<\/span><\/li>\n<li><span lang=\"EN-GB\">Institute of Electronic Materials Technology, Poland<\/span><\/li>\n<li><span lang=\"EN-GB\">Institute of Fundamental Technological Research, Polish Academy of Sciences, Poland<\/span><\/li>\n<li><span lang=\"EN-GB\">Warsaw University of Technology, Poland<\/span><\/li>\n<li><span lang=\"EN-GB\">SEFAKO S.A., Poland<\/span><\/li>\n<li><span lang=\"EN-GB\">Missouri University of Science and Technology, Rolla MO, United States<\/span><\/li>\n<li><span lang=\"EN-GB\">Laboratory for Mechanics for Materials and Nanostructures at Empa, Thun, Switzerland<\/span><\/li>\n<li><span lang=\"EN-GB\">E\u00f6tv\u00f6s Lor\u00e1nd University, Budapest, Hungary<\/span><\/li>\n<li><span lang=\"EN-GB\">Centre for Energy Research \u2013 Hungarian Academy of Sciences, Budapest, Hungary<\/span><\/li>\n<li><span lang=\"EN-GB\">Research Center in Industrial Technologies (CRTI), Ch\u00e9raga, Algeria<\/span><\/li>\n<li><span lang=\"EN-GB\">Universitat Polit\u00e9cnica de Catalunya, Barcelona, Spain<\/span><\/li>\n<li><span lang=\"EN-GB\">Institute of Inorganic Chemistry \u2013 Slovak Academy of Sciences, Bratislava, Slovakia<\/span><\/li>\n<\/ul>\n","protected":false},"excerpt":{"rendered":"<p>Queen Mary University, London, UK Hungarian Academy of Sciences Centre for Energy Research (MTA EK), Hungary Fraunhofer IKTS, Germany Northwestern polytechnical university Xi\u2019an, China The&#8230;<\/p>\n","protected":false},"author":1,"featured_media":0,"parent":88,"menu_order":50,"comment_status":"closed","ping_status":"closed","template":"","meta":{"footnotes":""},"class_list":["post-325","page","type-page","status-publish","hentry"],"_links":{"self":[{"href":"https:\/\/websrv.saske.sk\/imr\/en\/wp-json\/wp\/v2\/pages\/325","targetHints":{"allow":["GET"]}}],"collection":[{"href":"https:\/\/websrv.saske.sk\/imr\/en\/wp-json\/wp\/v2\/pages"}],"about":[{"href":"https:\/\/websrv.saske.sk\/imr\/en\/wp-json\/wp\/v2\/types\/page"}],"author":[{"embeddable":true,"href":"https:\/\/websrv.saske.sk\/imr\/en\/wp-json\/wp\/v2\/users\/1"}],"replies":[{"embeddable":true,"href":"https:\/\/websrv.saske.sk\/imr\/en\/wp-json\/wp\/v2\/comments?post=325"}],"version-history":[{"count":2,"href":"https:\/\/websrv.saske.sk\/imr\/en\/wp-json\/wp\/v2\/pages\/325\/revisions"}],"predecessor-version":[{"id":770,"href":"https:\/\/websrv.saske.sk\/imr\/en\/wp-json\/wp\/v2\/pages\/325\/revisions\/770"}],"up":[{"embeddable":true,"href":"https:\/\/websrv.saske.sk\/imr\/en\/wp-json\/wp\/v2\/pages\/88"}],"wp:attachment":[{"href":"https:\/\/websrv.saske.sk\/imr\/en\/wp-json\/wp\/v2\/media?parent=325"}],"curies":[{"name":"wp","href":"https:\/\/api.w.org\/{rel}","templated":true}]}}