{"id":323,"date":"2019-05-15T13:48:07","date_gmt":"2019-05-15T11:48:07","guid":{"rendered":"http:\/\/websrv.saske.sk\/imr\/en\/?page_id=323"},"modified":"2019-05-30T15:16:29","modified_gmt":"2019-05-30T13:16:29","slug":"cooperation","status":"publish","type":"page","link":"https:\/\/websrv.saske.sk\/imr\/en\/divisions\/division-of-metallic-systems\/cooperation\/","title":{"rendered":"Cooperation"},"content":{"rendered":"<p><span style=\"color: #ff6600\"><strong>Academic sector <\/strong><\/span><\/p>\n<ul>\n<li>Technical University of Ko\u0161ice, <a href=\"http:\/\/www.tuke.sk\/wps\/portal\/en\" target=\"_blank\" rel=\"noopener\">http:\/\/www.tuke.sk\/wps\/portal\/en<\/a><\/li>\n<li>Pavol Jozef \u0160af\u00e1rik University in Ko\u0161ice, <a href=\"https:\/\/www.upjs.sk\/en\" target=\"_blank\" rel=\"noopener\">https:\/\/www.upjs.sk\/en<\/a><\/li>\n<li>Institute of Experimental Physics SAS, <a href=\"http:\/\/websrv.saske.sk\/uef\/en\/\" target=\"_blank\" rel=\"noopener\">http:\/\/websrv.saske.sk\/uef\/en\/<\/a><\/li>\n<li>Institute of Materials and Machine Mechanics, <a href=\"http:\/\/www.umms.sav.sk\/\" target=\"_blank\" rel=\"noopener\">http:\/\/www.umms.sav.sk\/<\/a><\/li>\n<li>EMPA, Thun, Switzerland, <a href=\"https:\/\/www.empa.ch\" target=\"_blank\" rel=\"noopener\">https:\/\/www.empa.ch<\/a><\/li>\n<li>TU Braunschweig, Nemecko, <a href=\"https:\/\/www.tu-braunschweig.de\/\" target=\"_blank\" rel=\"noopener\">https:\/\/www.tu-braunschweig.de\/<\/a><\/li>\n<li>Politechnika Warszawska Poland, <a href=\"https:\/\/www.pw.edu.pl\/engpw\" target=\"_blank\" rel=\"noopener\">https:\/\/www.pw.edu.pl\/engpw<\/a><\/li>\n<li>Innovation Center Iceland, Iceland, <a href=\"https:\/\/www.nmi.is\/en\" target=\"_blank\" rel=\"noopener\">https:\/\/www.nmi.is\/en<\/a><\/li>\n<li>DESY Hamburg, Germany, <a href=\"http:\/\/www.desy.de\/index_eng.html\" target=\"_blank\" rel=\"noopener\">http:\/\/www.desy.de\/index_eng.html<\/a><\/li>\n<li>ESRF Grenoble, France, <a href=\"https:\/\/www.esrf.eu\/\" target=\"_blank\" rel=\"noopener\">https:\/\/www.esrf.eu\/<\/a><\/li>\n<li>ILL Grenoble, France, <a href=\"https:\/\/www.ill.eu\/\" target=\"_blank\" rel=\"noopener\">https:\/\/www.ill.eu\/<\/a><\/li>\n<li>IPM ASCR, Brno, Czech Republic, <a href=\"https:\/\/www.ipm.cz\/en\/\" target=\"_blank\" rel=\"noopener\">https:\/\/www.ipm.cz\/en\/<\/a><\/li>\n<li>IPE CAS, Prague, Czech Republic, <a href=\"https:\/\/www.ufe.cz\/en\" target=\"_blank\" rel=\"noopener\">https:\/\/www.ufe.cz\/en<\/a><\/li>\n<li>IMT Ljubljana, Slovenia, <a href=\"https:\/\/www.imt.si\/en\/\" target=\"_blank\" rel=\"noopener\">https:\/\/www.imt.si\/en\/<\/a><\/li>\n<li>IMP NASU, Kyiv, Ukraine, <a href=\"https:\/\/www.imp.kiev.ua\/?lang=eng&amp;a=\" target=\"_blank\" rel=\"noopener\">https:\/\/www.imp.kiev.ua\/?lang=eng&amp;a=<\/a><\/li>\n<li>Technical University in Zvolen, <a href=\"https:\/\/www.tuzvo.sk\/en\" target=\"_blank\" rel=\"noopener\">https:\/\/www.tuzvo.sk\/en<\/a><\/li>\n<li>Slovak University of Agriculture in Nitra, <a href=\"http:\/\/www.uniag.sk\/en\/\" target=\"_blank\" rel=\"noopener\">http:\/\/www.uniag.sk\/en\/<\/a><\/li>\n<li>Technical University of Liberec, Czech Republic, <a href=\"https:\/\/www.tul.cz\/en\" target=\"_blank\" rel=\"noopener\">https:\/\/www.tul.cz\/en<\/a><\/li>\n<li>Tampere University of Technology, Finland, <a href=\"https:\/\/www.tuni.fi\/en\" target=\"_blank\" rel=\"noopener\">https:\/\/www.tuni.fi\/en<\/a><\/li>\n<li>AGH University of Science and Technology, Poland, <a href=\"https:\/\/www.agh.edu.pl\/en\/\" target=\"_blank\" rel=\"noopener\">https:\/\/www.agh.edu.pl\/en\/<\/a><\/li>\n<li>Charles University, Prague, Czech Republic, <a href=\"https:\/\/cuni.cz\/UKEN-1.html\" target=\"_blank\" rel=\"noopener\">https:\/\/cuni.cz\/UKEN-1.html<\/a><\/li>\n<li>Czech Technical University in Prague, Czech Republic, <a href=\"https:\/\/www.cvut.cz\/en\" target=\"_blank\" rel=\"noopener\">https:\/\/www.cvut.cz\/en<\/a><\/li>\n<li>National Taiwan University of Science and Technology, <a href=\"https:\/\/www.ntust.edu.tw\/\">https:\/\/www.ntust.edu.tw\/<\/a><\/li>\n<li>APDIC &#8211; Associated Committee: Associated Phase Diagram and Thermodynamics Committee, <a href=\"http:\/\/www.apdic.info\/\" target=\"_blank\" rel=\"noopener\">http:\/\/www.apdic.info\/<\/a><\/li>\n<li>KMM.VIN &#8211; The European Virtual Institute on Knowledge-based Multifunctional Materials AISBL, <a href=\"http:\/\/www.kmm-vin.eu\" target=\"_blank\" rel=\"noopener\">http:\/\/www.kmm-vin.eu<\/a><\/li>\n<\/ul>\n<p>&nbsp;<\/p>\n<p><span style=\"color: #ff6600\"><strong>Industrial sector<\/strong><\/span><\/p>\n<ul>\n<li>US Steel Ko\u0161ice, s.r.o., <a href=\"https:\/\/www.usske.sk\/en\" target=\"_blank\" rel=\"noopener\">https:\/\/www.usske.sk\/en<\/a><\/li>\n<li>EMBRACO SLOVAKIA, s.r.o., <a href=\"http:\/\/www.embraco.sk\/\" target=\"_blank\" rel=\"noopener\">http:\/\/www.embraco.sk\/<\/a><\/li>\n<li>TRUMPF Slovakia, s.r.o., <a href=\"https:\/\/www.trumpf.com\/sk_SK\/\" target=\"_blank\" rel=\"noopener\">https:\/\/www.trumpf.com\/sk_SK\/<\/a><\/li>\n<li>MASAM s.r.o., Vr\u00e1ble, <a href=\"https:\/\/en.masam.sk\/\" target=\"_blank\" rel=\"noopener\">https:\/\/en.masam.sk\/<\/a><\/li>\n<li>\u017deleziarne Podbrezov\u00e1, a.s., <a href=\"https:\/\/www.zelpo.eu\/\" target=\"_blank\" rel=\"noopener\">https:\/\/www.zelpo.eu\/<\/a><\/li>\n<li>Mops Press s.r.o., Snina, <a href=\"http:\/\/www.mopspress.sk\/en_index.html\" target=\"_blank\" rel=\"noopener\">http:\/\/www.mopspress.sk\/en_index.html<\/a><\/li>\n<li>ZVS holding a.s., Dubnica nad V\u00e1hom, <a href=\"https:\/\/www.msm.sk\/en\/\" target=\"_blank\" rel=\"noopener\">https:\/\/www.msm.sk\/en\/<\/a><\/li>\n<li>ELBA, a.s., Kremnica, <a href=\"http:\/\/www.elba.sk\/en\/\" target=\"_blank\" rel=\"noopener\">http:\/\/www.elba.sk\/en\/<\/a><\/li>\n<li>SPINEA s.r.o., Pre\u0161ov, <a href=\"https:\/\/www.spinea.com\/en\/\" target=\"_blank\" rel=\"noopener\">https:\/\/www.spinea.com\/en\/<\/a><\/li>\n<li>KON\u0160TRUKTA-Defence, a.s., Dubnica nad V\u00e1hom, <a href=\"https:\/\/kotadef.sk\/?lang=en\" target=\"_blank\" rel=\"noopener\">https:\/\/kotadef.sk\/?lang=en<\/a><\/li>\n<li>Magneti Marelli Slovakia, s.r.o., Kechnec, <a href=\"https:\/\/www.magnetimarelli.com\/\" target=\"_blank\" rel=\"noopener\">https:\/\/www.magnetimarelli.com\/<\/a><\/li>\n<li>ANDRITZ Slovakia s.r.o., Humenn\u00e9, <a href=\"http:\/\/slovakia.andritz.sk\/index_en.php\" target=\"_blank\" rel=\"noopener\">http:\/\/slovakia.andritz.sk\/index_en.php<\/a><\/li>\n<li>Oerlikon Balzers Coating Slovakia s.r.o, <a href=\"https:\/\/www.oerlikon.com\/balzers\/sk\/en\/\" target=\"_blank\" rel=\"noopener\">https:\/\/www.oerlikon.com\/balzers\/sk\/en\/<\/a><\/li>\n<\/ul>\n","protected":false},"excerpt":{"rendered":"<p>Academic sector Technical University of Ko\u0161ice, http:\/\/www.tuke.sk\/wps\/portal\/en Pavol Jozef \u0160af\u00e1rik University in Ko\u0161ice, https:\/\/www.upjs.sk\/en Institute of Experimental Physics SAS, http:\/\/websrv.saske.sk\/uef\/en\/ Institute of Materials and Machine&#8230;<\/p>\n","protected":false},"author":1,"featured_media":0,"parent":86,"menu_order":50,"comment_status":"closed","ping_status":"closed","template":"","meta":{"footnotes":""},"class_list":["post-323","page","type-page","status-publish","hentry"],"_links":{"self":[{"href":"https:\/\/websrv.saske.sk\/imr\/en\/wp-json\/wp\/v2\/pages\/323","targetHints":{"allow":["GET"]}}],"collection":[{"href":"https:\/\/websrv.saske.sk\/imr\/en\/wp-json\/wp\/v2\/pages"}],"about":[{"href":"https:\/\/websrv.saske.sk\/imr\/en\/wp-json\/wp\/v2\/types\/page"}],"author":[{"embeddable":true,"href":"https:\/\/websrv.saske.sk\/imr\/en\/wp-json\/wp\/v2\/users\/1"}],"replies":[{"embeddable":true,"href":"https:\/\/websrv.saske.sk\/imr\/en\/wp-json\/wp\/v2\/comments?post=323"}],"version-history":[{"count":5,"href":"https:\/\/websrv.saske.sk\/imr\/en\/wp-json\/wp\/v2\/pages\/323\/revisions"}],"predecessor-version":[{"id":765,"href":"https:\/\/websrv.saske.sk\/imr\/en\/wp-json\/wp\/v2\/pages\/323\/revisions\/765"}],"up":[{"embeddable":true,"href":"https:\/\/websrv.saske.sk\/imr\/en\/wp-json\/wp\/v2\/pages\/86"}],"wp:attachment":[{"href":"https:\/\/websrv.saske.sk\/imr\/en\/wp-json\/wp\/v2\/media?parent=323"}],"curies":[{"name":"wp","href":"https:\/\/api.w.org\/{rel}","templated":true}]}}