{"id":277,"date":"2019-05-15T13:18:27","date_gmt":"2019-05-15T11:18:27","guid":{"rendered":"http:\/\/websrv.saske.sk\/imr\/en\/?page_id=277"},"modified":"2019-05-29T11:19:57","modified_gmt":"2019-05-29T09:19:57","slug":"administrative-support","status":"publish","type":"page","link":"https:\/\/websrv.saske.sk\/imr\/en\/about-us\/structure\/administrative-support\/","title":{"rendered":"Administrative support"},"content":{"rendered":"<table class='list'>\n<tr class='list_header'>\n<td>Name \/ Position<\/td>\n<td>E-mail<\/td>\n<td>Phone<\/td>\n<\/tr>\n<tr>\n<td width='50%'><a class='bold' href='\/imr\/en\/staff\/basic-info\/?user_no=10722'>Ba\u010dov\u00e1, Janette <\/a><br \/><span><\/span><\/td>\n<td width='25%'><a href='mailto:'><\/a><\/td>\n<td width='25%'>+421\/55\/7922803<\/td>\n<\/tr>\n<tr>\n<td width='50%'><a class='bold' href='\/imr\/en\/staff\/basic-info\/?user_no=14174'>Barger, Gabriel <\/a><br \/><span>vodi\u010d motorov\u00e9ho vozidla<\/span><\/td>\n<td width='25%'><a href='mailto:gbarger@saske.sk'>gbarger@saske.sk<\/a><\/td>\n<td width='25%'>+421\/55\/7922414<\/td>\n<\/tr>\n<tr>\n<td width='50%'><a class='bold' href='\/imr\/en\/staff\/basic-info\/?user_no=5386'>Gonc, Marek <\/a><br \/><span><\/span><\/td>\n<td width='25%'><a href='mailto:mgonc@saske.sk'>mgonc@saske.sk<\/a><\/td>\n<td width='25%'>+421\/55\/7922 405<\/td>\n<\/tr>\n<tr>\n<td width='50%'><a class='bold' href='\/imr\/en\/staff\/basic-info\/?user_no=5450'>Hricov\u00e1, Maria Mgr.<\/a><br \/><span><\/span><\/td>\n<td width='25%'><a href='mailto:mhricova@saske.sk'>mhricova@saske.sk<\/a><\/td>\n<td width='25%'>+421\/55\/ 7922 404<\/td>\n<\/tr>\n<tr>\n<td width='50%'><a class='bold' href='\/imr\/en\/staff\/basic-info\/?user_no=11171'>Icsov\u00e1, Jarmila <\/a><br \/><span><\/span><\/td>\n<td width='25%'><a href='mailto:'><\/a><\/td>\n<td width='25%'>+421\/55\/7922115<\/td>\n<\/tr>\n<tr>\n<td width='50%'><a class='bold' href='\/imr\/en\/staff\/basic-info\/?user_no=7471'>Igriniov\u00e1, So\u0148a <\/a><br \/><span><\/span><\/td>\n<td width='25%'><a href='mailto:'><\/a><\/td>\n<td width='25%'>+421\/55\/7922115<\/td>\n<\/tr>\n<tr>\n<td width='50%'><a class='bold' href='\/imr\/en\/staff\/basic-info\/?user_no=15059'>Juh\u00e1rov\u00e1, Michaela <\/a><br \/><span><\/span><\/td>\n<td width='25%'><a href='mailto:mjuharova@saske.sk'>mjuharova@saske.sk<\/a><\/td>\n<td width='25%'><\/td>\n<\/tr>\n<tr>\n<td width='50%'><a class='bold' href='\/imr\/en\/staff\/basic-info\/?user_no=1428&#038;publication_author_id=0150766'>Ko\u010d\u00edk, Marek Ing.<\/a><br \/><span><\/span><\/td>\n<td width='25%'><a href='mailto:mkocik@saske.sk'>mkocik@saske.sk<\/a><\/td>\n<td width='25%'>+421\/55\/7922414<\/td>\n<\/tr>\n<tr>\n<td width='50%'><a class='bold' href='\/imr\/en\/staff\/basic-info\/?user_no=14067'>Kostov\u010dik, Franti\u0161ek Ing.<\/a><br \/><span><\/span><\/td>\n<td width='25%'><a href='mailto:'><\/a><\/td>\n<td width='25%'>+421\/55\/7922115<\/td>\n<\/tr>\n<tr>\n<td width='50%'><a class='bold' href='\/imr\/en\/staff\/basic-info\/?user_no=14009'>Mihalikov\u00e1, Alena <\/a><br \/><span><\/span><\/td>\n<td width='25%'><a href='mailto:amihalikova@saske.sk'>amihalikova@saske.sk<\/a><\/td>\n<td width='25%'>055\/7922803<\/td>\n<\/tr>\n<tr>\n<td width='50%'><a class='bold' href='\/imr\/en\/staff\/basic-info\/?user_no=1438'>Ondrejov\u00e1, Katar\u00edna Mgr.<\/a><br \/><span><\/span><\/td>\n<td width='25%'><a href='mailto:zis@saske.sk'>zis@saske.sk<\/a><\/td>\n<td width='25%'>+421\/55\/7922409<\/td>\n<\/tr>\n<tr>\n<td width='50%'><a class='bold' href='\/imr\/en\/staff\/basic-info\/?user_no=14643'>Rabada, Kamila Ing.<\/a><br \/><span><\/span><\/td>\n<td width='25%'><a href='mailto:krabada@saske.sk'>krabada@saske.sk<\/a><\/td>\n<td width='25%'>055\/7922404<\/td>\n<\/tr>\n<tr>\n<td width='50%'><a class='bold' href='\/imr\/en\/staff\/basic-info\/?user_no=5376'>R\u00e1cov\u00e1, Ter\u00e9zia <\/a><br \/><span><\/span><\/td>\n<td width='25%'><a href='mailto:imrsas@saske.sk'>imrsas@saske.sk<\/a><\/td>\n<td width='25%'>+421\/55\/7922402<\/td>\n<\/tr>\n<tr>\n<td width='50%'><a class='bold' href='\/imr\/en\/staff\/basic-info\/?user_no=10727'>Sabol, Peter <\/a><br \/><span><\/span><\/td>\n<td width='25%'><a href='mailto:'><\/a><\/td>\n<td width='25%'>+421\/55\/7922115<\/td>\n<\/tr>\n<tr>\n<td width='50%'><a class='bold' href='\/imr\/en\/staff\/basic-info\/?user_no=5381'>Sedl\u00e1k, Tom\u00e1\u0161 <\/a><br \/><span><\/span><\/td>\n<td width='25%'><a href='mailto:tsedlak@saske.sk'>tsedlak@saske.sk<\/a><\/td>\n<td width='25%'>+421\/55\/7922405<\/td>\n<\/tr>\n<tr>\n<td width='50%'><a class='bold' href='\/imr\/en\/staff\/basic-info\/?user_no=11569'>Su\u0161inov\u00e1, Anna <\/a><br \/><span><\/span><\/td>\n<td width='25%'><a href='mailto:'><\/a><\/td>\n<td width='25%'>+421\/55\/7922115<\/td>\n<\/tr>\n<\/table>\n","protected":false},"excerpt":{"rendered":"<p>Name \/ Position E-mail Phone Ba\u010dov\u00e1, Janette +421\/55\/7922803 Barger, Gabriel vodi\u010d motorov\u00e9ho vozidla gbarger@saske.sk +421\/55\/7922414 Gonc, Marek mgonc@saske.sk +421\/55\/7922 405 Hricov\u00e1, Maria Mgr. mhricova@saske.sk +421\/55\/&#8230;<\/p>\n","protected":false},"author":1,"featured_media":0,"parent":248,"menu_order":70,"comment_status":"closed","ping_status":"closed","template":"","meta":{"footnotes":""},"class_list":["post-277","page","type-page","status-publish","hentry"],"_links":{"self":[{"href":"https:\/\/websrv.saske.sk\/imr\/en\/wp-json\/wp\/v2\/pages\/277","targetHints":{"allow":["GET"]}}],"collection":[{"href":"https:\/\/websrv.saske.sk\/imr\/en\/wp-json\/wp\/v2\/pages"}],"about":[{"href":"https:\/\/websrv.saske.sk\/imr\/en\/wp-json\/wp\/v2\/types\/page"}],"author":[{"embeddable":true,"href":"https:\/\/websrv.saske.sk\/imr\/en\/wp-json\/wp\/v2\/users\/1"}],"replies":[{"embeddable":true,"href":"https:\/\/websrv.saske.sk\/imr\/en\/wp-json\/wp\/v2\/comments?post=277"}],"version-history":[{"count":7,"href":"https:\/\/websrv.saske.sk\/imr\/en\/wp-json\/wp\/v2\/pages\/277\/revisions"}],"predecessor-version":[{"id":742,"href":"https:\/\/websrv.saske.sk\/imr\/en\/wp-json\/wp\/v2\/pages\/277\/revisions\/742"}],"up":[{"embeddable":true,"href":"https:\/\/websrv.saske.sk\/imr\/en\/wp-json\/wp\/v2\/pages\/248"}],"wp:attachment":[{"href":"https:\/\/websrv.saske.sk\/imr\/en\/wp-json\/wp\/v2\/media?parent=277"}],"curies":[{"name":"wp","href":"https:\/\/api.w.org\/{rel}","templated":true}]}}