{"id":275,"date":"2019-05-15T13:18:06","date_gmt":"2019-05-15T11:18:06","guid":{"rendered":"http:\/\/websrv.saske.sk\/imr\/en\/?page_id=275"},"modified":"2019-05-29T11:19:21","modified_gmt":"2019-05-29T09:19:21","slug":"technical-support","status":"publish","type":"page","link":"https:\/\/websrv.saske.sk\/imr\/en\/about-us\/structure\/technical-support\/","title":{"rendered":"Technical Support"},"content":{"rendered":"<table class='list'>\n<tr class='list_header'>\n<td>Name \/ Position<\/td>\n<td>E-mail<\/td>\n<td>Phone<\/td>\n<\/tr>\n<tr>\n<td width='50%'><a class='bold' href='\/imr\/en\/staff\/basic-info\/?user_no=6926'>\u010cerve\u0148\u00e1kov\u00e1, Helena <\/a><br \/><span><\/span><\/td>\n<td width='25%'><a href='mailto:hcervenakova@saske.sk'>hcervenakova@saske.sk<\/a><\/td>\n<td width='25%'>+421\/55\/7922454<\/td>\n<\/tr>\n<tr>\n<td width='50%'><a class='bold' href='\/imr\/en\/staff\/basic-info\/?user_no=5377&#038;publication_author_id=0144999'>D\u017eupon, Miroslav RNDr., PhD.<\/a><br \/><span><\/span><\/td>\n<td width='25%'><a href='mailto:mdzupon@saske.sk'>mdzupon@saske.sk<\/a><\/td>\n<td width='25%'>+421\/55\/ 7922 427, 055\/ 7922491<\/td>\n<\/tr>\n<tr>\n<td width='50%'><a class='bold' href='\/imr\/en\/staff\/basic-info\/?user_no=5386'>Gonc, Marek <\/a><br \/><span><\/span><\/td>\n<td width='25%'><a href='mailto:mgonc@saske.sk'>mgonc@saske.sk<\/a><\/td>\n<td width='25%'>+421\/55\/7922 405<\/td>\n<\/tr>\n<tr>\n<td width='50%'><a class='bold' href='\/imr\/en\/staff\/basic-info\/?user_no=13007'>Hrehorov\u00e1, Al\u017ebeta <\/a><br \/><span><\/span><\/td>\n<td width='25%'><a href='mailto:ahrehorova@saske.sk'>ahrehorova@saske.sk<\/a><\/td>\n<td width='25%'>055\/7922438<\/td>\n<\/tr>\n<tr>\n<td width='50%'><a class='bold' href='\/imr\/en\/staff\/basic-info\/?user_no=1427&#038;publication_author_id=0145005'>Katana, Vladim\u00edr Ing.<\/a><br \/><span><\/span><\/td>\n<td width='25%'><a href='mailto:vkatana@saske.sk'>vkatana@saske.sk<\/a><\/td>\n<td width='25%'>+421\/55\/7922418, +421\/55\/7922499<\/td>\n<\/tr>\n<tr>\n<td width='50%'><a class='bold' href='\/imr\/en\/staff\/basic-info\/?user_no=5449'>Kova\u013e, Karol Ing., PhD.<\/a><br \/><span><\/span><\/td>\n<td width='25%'><a href='mailto:kkoval@saske.sk'>kkoval@saske.sk<\/a><\/td>\n<td width='25%'>+421\/55\/7922424<\/td>\n<\/tr>\n<tr>\n<td width='50%'><a class='bold' href='\/imr\/en\/staff\/basic-info\/?user_no=7883'>Nov\u00e1k, Jozef <\/a><br \/><span><\/span><\/td>\n<td width='25%'><a href='mailto:'><\/a><\/td>\n<td width='25%'>+421\/55\/7922410, +421\/55\/7922499<\/td>\n<\/tr>\n<tr>\n<td width='50%'><a class='bold' href='\/imr\/en\/staff\/basic-info\/?user_no=12643'>\u0160tof\u010d\u00edk, Martin <\/a><br \/><span><\/span><\/td>\n<td width='25%'><a href='mailto:mstofcik@saske.sk'>mstofcik@saske.sk<\/a><\/td>\n<td width='25%'>055\/7922499<\/td>\n<\/tr>\n<\/table>\n","protected":false},"excerpt":{"rendered":"<p>Name \/ Position E-mail Phone \u010cerve\u0148\u00e1kov\u00e1, Helena hcervenakova@saske.sk +421\/55\/7922454 D\u017eupon, Miroslav RNDr., PhD. mdzupon@saske.sk +421\/55\/ 7922 427, 055\/ 7922491 Gonc, Marek mgonc@saske.sk +421\/55\/7922 405 Hrehorov\u00e1,&#8230;<\/p>\n","protected":false},"author":1,"featured_media":0,"parent":248,"menu_order":60,"comment_status":"closed","ping_status":"closed","template":"","meta":{"footnotes":""},"class_list":["post-275","page","type-page","status-publish","hentry"],"_links":{"self":[{"href":"https:\/\/websrv.saske.sk\/imr\/en\/wp-json\/wp\/v2\/pages\/275","targetHints":{"allow":["GET"]}}],"collection":[{"href":"https:\/\/websrv.saske.sk\/imr\/en\/wp-json\/wp\/v2\/pages"}],"about":[{"href":"https:\/\/websrv.saske.sk\/imr\/en\/wp-json\/wp\/v2\/types\/page"}],"author":[{"embeddable":true,"href":"https:\/\/websrv.saske.sk\/imr\/en\/wp-json\/wp\/v2\/users\/1"}],"replies":[{"embeddable":true,"href":"https:\/\/websrv.saske.sk\/imr\/en\/wp-json\/wp\/v2\/comments?post=275"}],"version-history":[{"count":7,"href":"https:\/\/websrv.saske.sk\/imr\/en\/wp-json\/wp\/v2\/pages\/275\/revisions"}],"predecessor-version":[{"id":741,"href":"https:\/\/websrv.saske.sk\/imr\/en\/wp-json\/wp\/v2\/pages\/275\/revisions\/741"}],"up":[{"embeddable":true,"href":"https:\/\/websrv.saske.sk\/imr\/en\/wp-json\/wp\/v2\/pages\/248"}],"wp:attachment":[{"href":"https:\/\/websrv.saske.sk\/imr\/en\/wp-json\/wp\/v2\/media?parent=275"}],"curies":[{"name":"wp","href":"https:\/\/api.w.org\/{rel}","templated":true}]}}