{"id":273,"date":"2019-05-15T13:17:44","date_gmt":"2019-05-15T11:17:44","guid":{"rendered":"http:\/\/websrv.saske.sk\/imr\/en\/?page_id=273"},"modified":"2025-05-16T10:06:51","modified_gmt":"2025-05-16T08:06:51","slug":"management-board","status":"publish","type":"page","link":"https:\/\/websrv.saske.sk\/imr\/en\/about-us\/structure\/management-board\/","title":{"rendered":"Management Board"},"content":{"rendered":"<h2>doc. RNDr. Pavol Hvizdo\u0161, DrSc. \u2013\u00a0Chairman<\/h2>\n<div>E-mail:\u00a0phvizdos(at)saske.sk<\/div>\n<div>Tel.: +421\/55\/7922 402<\/div>\n<div><\/div>\n<h2>prof. RNDr. J\u00e1n Dusza, DrSc. \u2013 Vice-Chairman<\/h2>\n<div>E-mail:\u00a0jdusza(at)saske.sk<\/div>\n<div>Tel.: +421\/55\/7922 489<\/div>\n<div><\/div>\n<div><\/div>\n<h2>JUDr. Gl\u00f3ria Gajdo\u0161ov\u00e1<\/h2>\n<p>E-mail: gajdos(at)saske.sk<br \/>\nTel: +421\/55\/7922 101<br \/>\nFax: +421\/55\/7922 117<\/p>\n<div><\/div>\n<div>\n<h2>Ing. Radovan\u00a0Bure\u0161, CSc.<\/h2>\n<div>E-mail: rbures(at)saske.sk<\/div>\n<div>Tel.: +421\/55\/7922 431<\/div>\n<div><\/div>\n<\/div>\n<div><\/div>\n<div>\n<h2>Ing. Ladislav\u00a0Falat, PhD.<\/h2>\n<div>E-mail:\u00a0lfalat(at)saske.sk<\/div>\n<div>Tel.: +421\/55\/7922 447<\/div>\n<div><\/div>\n<\/div>\n","protected":false},"excerpt":{"rendered":"<p>doc. RNDr. Pavol Hvizdo\u0161, DrSc. \u2013\u00a0Chairman E-mail:\u00a0phvizdos(at)saske.sk Tel.: +421\/55\/7922 402 prof. RNDr. J\u00e1n Dusza, DrSc. \u2013 Vice-Chairman E-mail:\u00a0jdusza(at)saske.sk Tel.: +421\/55\/7922 489 JUDr. Gl\u00f3ria Gajdo\u0161ov\u00e1 E-mail:&#8230;<\/p>\n","protected":false},"author":1,"featured_media":0,"parent":248,"menu_order":50,"comment_status":"closed","ping_status":"closed","template":"","meta":{"footnotes":""},"class_list":["post-273","page","type-page","status-publish","hentry"],"_links":{"self":[{"href":"https:\/\/websrv.saske.sk\/imr\/en\/wp-json\/wp\/v2\/pages\/273","targetHints":{"allow":["GET"]}}],"collection":[{"href":"https:\/\/websrv.saske.sk\/imr\/en\/wp-json\/wp\/v2\/pages"}],"about":[{"href":"https:\/\/websrv.saske.sk\/imr\/en\/wp-json\/wp\/v2\/types\/page"}],"author":[{"embeddable":true,"href":"https:\/\/websrv.saske.sk\/imr\/en\/wp-json\/wp\/v2\/users\/1"}],"replies":[{"embeddable":true,"href":"https:\/\/websrv.saske.sk\/imr\/en\/wp-json\/wp\/v2\/comments?post=273"}],"version-history":[{"count":6,"href":"https:\/\/websrv.saske.sk\/imr\/en\/wp-json\/wp\/v2\/pages\/273\/revisions"}],"predecessor-version":[{"id":979,"href":"https:\/\/websrv.saske.sk\/imr\/en\/wp-json\/wp\/v2\/pages\/273\/revisions\/979"}],"up":[{"embeddable":true,"href":"https:\/\/websrv.saske.sk\/imr\/en\/wp-json\/wp\/v2\/pages\/248"}],"wp:attachment":[{"href":"https:\/\/websrv.saske.sk\/imr\/en\/wp-json\/wp\/v2\/media?parent=273"}],"curies":[{"name":"wp","href":"https:\/\/api.w.org\/{rel}","templated":true}]}}