{"id":271,"date":"2019-05-15T13:17:24","date_gmt":"2019-05-15T11:17:24","guid":{"rendered":"http:\/\/websrv.saske.sk\/imr\/en\/?page_id=271"},"modified":"2025-07-03T10:06:34","modified_gmt":"2025-07-03T08:06:34","slug":"scientific-council","status":"publish","type":"page","link":"https:\/\/websrv.saske.sk\/imr\/en\/about-us\/structure\/scientific-council\/","title":{"rendered":"Scientific Council"},"content":{"rendered":"<p><span style=\"color: #ff6600;\">Internal members<\/span><\/p>\n<ul>\n<li>Ing. Alexandra Koval\u010d\u00edkov\u00e1, PhD. \u2013 Chairperson<\/li>\n<li>RNDr. Magdal\u00e9na Stre\u010dkov\u00e1, PhD. \u2013 Vice-Chairperson<\/li>\n<li>Mgr. Ivan Petryshynets, PhD. \u2013 Secretary<\/li>\n<li>RNDr. Tibor Sop\u010d\u00e1k, PhD. \u2013 Member<\/li>\n<li>RNDr. Viera Homolov\u00e1, PhD. \u2013 Member<\/li>\n<li>Ing. Erika M\u00fadra, PhD. \u2013 Member<\/li>\n<\/ul>\n<p><span style=\"color: #ff6600;\">External members<\/span><\/p>\n<ul>\n<li>Prof. Ing. M\u00e1ria Hagarov\u00e1, PhD. \u2013 Member , Faculty of Materials, Metallurgy and Recycling Technical \u00a0 University of Ko\u0161ice<\/li>\n<li>Prof. RNDr. Peter Koll\u00e1r, DrSc. \u2013 Member, Pavol Jozef \u0160af\u00e1rik University in Ko\u0161ice Faculty of Science<\/li>\n<li>Ing. J\u00e1n Ba\u010da \u2013\u00a0 Member, U. S. Steel \u00a0Ko\u0161ice<\/li>\n<\/ul>\n","protected":false},"excerpt":{"rendered":"<p>Internal members Ing. Alexandra Koval\u010d\u00edkov\u00e1, PhD. \u2013 Chairperson RNDr. Magdal\u00e9na Stre\u010dkov\u00e1, PhD. \u2013 Vice-Chairperson Mgr. Ivan Petryshynets, PhD. \u2013 Secretary RNDr. Tibor Sop\u010d\u00e1k, PhD. \u2013&#8230;<\/p>\n","protected":false},"author":1,"featured_media":0,"parent":248,"menu_order":40,"comment_status":"closed","ping_status":"closed","template":"","meta":{"footnotes":""},"class_list":["post-271","page","type-page","status-publish","hentry"],"_links":{"self":[{"href":"https:\/\/websrv.saske.sk\/imr\/en\/wp-json\/wp\/v2\/pages\/271","targetHints":{"allow":["GET"]}}],"collection":[{"href":"https:\/\/websrv.saske.sk\/imr\/en\/wp-json\/wp\/v2\/pages"}],"about":[{"href":"https:\/\/websrv.saske.sk\/imr\/en\/wp-json\/wp\/v2\/types\/page"}],"author":[{"embeddable":true,"href":"https:\/\/websrv.saske.sk\/imr\/en\/wp-json\/wp\/v2\/users\/1"}],"replies":[{"embeddable":true,"href":"https:\/\/websrv.saske.sk\/imr\/en\/wp-json\/wp\/v2\/comments?post=271"}],"version-history":[{"count":13,"href":"https:\/\/websrv.saske.sk\/imr\/en\/wp-json\/wp\/v2\/pages\/271\/revisions"}],"predecessor-version":[{"id":983,"href":"https:\/\/websrv.saske.sk\/imr\/en\/wp-json\/wp\/v2\/pages\/271\/revisions\/983"}],"up":[{"embeddable":true,"href":"https:\/\/websrv.saske.sk\/imr\/en\/wp-json\/wp\/v2\/pages\/248"}],"wp:attachment":[{"href":"https:\/\/websrv.saske.sk\/imr\/en\/wp-json\/wp\/v2\/media?parent=271"}],"curies":[{"name":"wp","href":"https:\/\/api.w.org\/{rel}","templated":true}]}}