{"id":252,"date":"2019-05-15T13:12:38","date_gmt":"2019-05-15T11:12:38","guid":{"rendered":"http:\/\/websrv.saske.sk\/imr\/en\/?page_id=252"},"modified":"2025-06-12T11:41:50","modified_gmt":"2025-06-12T09:41:50","slug":"contacts","status":"publish","type":"page","link":"https:\/\/websrv.saske.sk\/imr\/en\/about-us\/contacts\/","title":{"rendered":"Contacts"},"content":{"rendered":"<ul>\n<li><span style=\"color: #ff6600;\">Management of IMR of SAS<\/span><\/li>\n<\/ul>\n<p><span style=\"color: #993300;\">Director:<\/span><\/p>\n<p><strong>Ing. \u013dubom\u00edr Medveck\u00fd, DrSc.<\/strong><br \/>\ntel +421-55-7922 401, +421-55-7922 460<br \/>\nmail lmedvecky(at)saske.sk<\/p>\n<p><span style=\"color: #993300;\">Deputy Director:<\/span><\/p>\n<p><strong>RNDr. J\u00e1n Mihalik<\/strong><br \/>\ntel +421-55-7922 403<br \/>\nmail jmihalik(at)saske.sk<\/p>\n<p><span style=\"color: #993300;\">Scientific Secretary:<\/span><\/p>\n<p><strong>Ing. Alexandra Koval\u010d\u00edkov\u00e1, PhD.<\/strong><\/p>\n<p>tel +421-55-7922 814<br \/>\nmail akovalcikova(at)saske.sk<\/p>\n<p><span style=\"color: #993300;\">Chairman of the Scientific Council:<\/span><\/p>\n<p><strong>Ing. Alexandra Koval\u010d\u00edkov\u00e1, PhD.<\/strong><br \/>\ntel +421-55-7922 814<br \/>\nmail akovalcikova(at)saske.sk<\/p>\n<p><span style=\"color: #993300;\">Vice-Chairman of the Scientific Council:<\/span><\/p>\n<p><strong>RNDr. Magdal\u00e9na Stre\u010dkov\u00e1, PhD.<\/strong><br \/>\ntel +421-55-7922 455<br \/>\nmail mstreckova(at)saske.sk<\/p>\n<p>&nbsp;<\/p>\n<ul>\n<li><span style=\"color: #ff6600;\">Secretariat &#8211; Administrative Support<\/span><\/li>\n<\/ul>\n<p><span style=\"color: #993300;\">Head:<\/span><\/p>\n<p><strong>Ter\u00e9zia R\u00e1cov\u00e1<\/strong><br \/>\ntel +421-55-7922 402<br \/>\nmail imrsas(at)saske.sk<\/p>\n<p><span style=\"color: #993300;\">Deputy:<\/span><\/p>\n<p><strong>Mgr. M\u00e1ria Hricov\u00e1<\/strong><br \/>\ntel +421-55-7922 404<br \/>\nmail mhricova(at)saske.sk<\/p>\n<p>&nbsp;<\/p>\n<p><a href=\"https:\/\/goo.gl\/maps\/p7FYACx45mqZJ78m9\" target=\"_blank\" rel=\"noopener\"><img loading=\"lazy\" decoding=\"async\" class=\"aligncenter wp-image-466 size-medium\" src=\"https:\/\/websrv.saske.sk\/imr\/en\/wp-content\/uploads\/sites\/2\/2019\/05\/maps-1-300x173.png\" alt=\"\" width=\"300\" height=\"173\" srcset=\"https:\/\/websrv.saske.sk\/imr\/en\/wp-content\/uploads\/sites\/2\/2019\/05\/maps-1-300x173.png 300w, https:\/\/websrv.saske.sk\/imr\/en\/wp-content\/uploads\/sites\/2\/2019\/05\/maps-1-768x443.png 768w, https:\/\/websrv.saske.sk\/imr\/en\/wp-content\/uploads\/sites\/2\/2019\/05\/maps-1-1024x590.png 1024w, https:\/\/websrv.saske.sk\/imr\/en\/wp-content\/uploads\/sites\/2\/2019\/05\/maps-1.png 1396w\" sizes=\"auto, (max-width: 300px) 100vw, 300px\" \/><\/a><\/p>\n","protected":false},"excerpt":{"rendered":"<p>Management of IMR of SAS Director: Ing. \u013dubom\u00edr Medveck\u00fd, DrSc. tel +421-55-7922 401, +421-55-7922 460 mail lmedvecky(at)saske.sk Deputy Director: RNDr. J\u00e1n Mihalik tel +421-55-7922 403&#8230;<\/p>\n","protected":false},"author":1,"featured_media":0,"parent":26,"menu_order":50,"comment_status":"closed","ping_status":"closed","template":"","meta":{"footnotes":""},"class_list":["post-252","page","type-page","status-publish","hentry"],"_links":{"self":[{"href":"https:\/\/websrv.saske.sk\/imr\/en\/wp-json\/wp\/v2\/pages\/252","targetHints":{"allow":["GET"]}}],"collection":[{"href":"https:\/\/websrv.saske.sk\/imr\/en\/wp-json\/wp\/v2\/pages"}],"about":[{"href":"https:\/\/websrv.saske.sk\/imr\/en\/wp-json\/wp\/v2\/types\/page"}],"author":[{"embeddable":true,"href":"https:\/\/websrv.saske.sk\/imr\/en\/wp-json\/wp\/v2\/users\/1"}],"replies":[{"embeddable":true,"href":"https:\/\/websrv.saske.sk\/imr\/en\/wp-json\/wp\/v2\/comments?post=252"}],"version-history":[{"count":19,"href":"https:\/\/websrv.saske.sk\/imr\/en\/wp-json\/wp\/v2\/pages\/252\/revisions"}],"predecessor-version":[{"id":981,"href":"https:\/\/websrv.saske.sk\/imr\/en\/wp-json\/wp\/v2\/pages\/252\/revisions\/981"}],"up":[{"embeddable":true,"href":"https:\/\/websrv.saske.sk\/imr\/en\/wp-json\/wp\/v2\/pages\/26"}],"wp:attachment":[{"href":"https:\/\/websrv.saske.sk\/imr\/en\/wp-json\/wp\/v2\/media?parent=252"}],"curies":[{"name":"wp","href":"https:\/\/api.w.org\/{rel}","templated":true}]}}