{"id":162,"date":"2019-03-15T06:56:20","date_gmt":"2019-03-15T05:56:20","guid":{"rendered":"http:\/\/websrv.saske.sk\/imr\/en\/?page_id=162"},"modified":"2019-03-15T07:00:02","modified_gmt":"2019-03-15T06:00:02","slug":"actual-projects","status":"publish","type":"page","link":"https:\/\/websrv.saske.sk\/imr\/en\/divisions\/division-of-functional-and-hybrid-systems\/actual-projects\/","title":{"rendered":"Actual projects"},"content":{"rendered":"<p><script type=\"text\/javascript\">\/\/ <![CDATA[\nfunction toggle(element){document.getElementById(element).style.display=(document.getElementById(element).style.display==\"none\")?\"\":\"none\";}\n\/\/ ]]><\/script><\/p>\n<h2>International<\/h2>\n<table class='project_list'>\n<tr>\n<td colspan='2'>HiEnFe &#8211; Research and development of high-entropy ferroelectric materials for energy storage<\/td>\n<\/tr>\n<tr>\n<td colspan='2'>V\u00fdskum a v\u00fdvoj vysokoentropick\u00fdch feroelektrick\u00fdch materi\u00e1lov pre uskladnenie elektrickej energie<\/td>\n<\/tr>\n<tr>\n<td>Program:<\/td>\n<td>Bilateral &#8211; other<\/td>\n<\/tr>\n<tr>\n<td>Project leader:<\/td>\n<td>RNDr. Kova\u013e Vladim\u00edr, DrSc.<\/td>\n<\/tr>\n<tr>\n<td><a href=\"javascript:toggle('show1')\">Annotation:<\/a><\/td>\n<td><span id=\"show1\" style=\"display: none;\">The main goal of the proposed project is to establish and develop a scientific cooperation between Slovakia and China in the field of ferroelectric materials for energy storage applications. Joining of the research teams from both countries is motivated not only because of great technological potential of the ferroelectrics but also due to the fascinating physics behind their energy storage properties. Dielectrics play an important role in high-power energy storage applications, such as electromagnetic devices and hybrid electric vehicles, due to their fast charge-discharge capability. However, dielectric capacitors, although presenting faster charging\/discharging rates and better stability compared with supercapacitors or Li-ion batteries, are limited in applications due to their relatively low energy density. To date, the best materials for dielectric capacitors are ferroelectrics based on lead-containing oxides. Toxicity of lead and environmental concerns, however, have prompted the search for lead-free alternatives. In the proposed collaborative research, we will employ the high entropy concept to develop novel lead-free ferroelectrics for effective energy storage in next generation dielectric capacitors. Recently, we have demonstrated that the energy density and efficiency of high-entropy ferroelectrics can be substantially improved by texturing their microstructure and optimizing the field-induced phase transitions. However, the origin of reversible phase transitions and enhanced energy storage performance in these modern high-entropy functional materials still needs a proper interpretation and confirmation from detailed experimental studies. Our aim is to combine research on relaxor ferroelectrics in Slovakia with activities in China focused on innovative technique of templated grain growth of electroceramics and develop lead-free highly textured ferroelectric ceramics with excellent properties for high-power energy storage applications.<\/span><\/td>\n<\/tr>\n<tr>\n<td>Duration:<\/td>\n<td>1.7.2024 &#8211; 30.6.2026<\/td>\n<\/tr>\n<\/table>\n<h2>National<\/h2>\n<table class='project_list'>\n<tr>\n<td colspan='2'>MERCURY &#8211; Mechanochemical research of chalcogenides for utilization in renewable energy<\/td>\n<\/tr>\n<tr>\n<td colspan='2'>Mechanochemick\u00fd v\u00fdskum chalkogenidov pre vyu\u017eitie v obnovite\u013enej energii<\/td>\n<\/tr>\n<tr>\n<td>Program:<\/td>\n<td>SRDA<\/td>\n<\/tr>\n<tr>\n<td>Project leader:<\/td>\n<td>Ing. Bure\u0161 Radovan, CSc.<\/td>\n<\/tr>\n<tr>\n<td><a href=\"javascript:toggle('show2')\">Annotation:<\/a><\/td>\n<td><span id=\"show2\" style=\"display: none;\">This project aims to advance the field of materials science through the mechanochemical synthesis of metal chalcogenides, focusing on innovative methodologies and devices to enhance the efficiency and understanding of mechanically induced self-propagating reactions (MSRs). The first objective involves the mechanical activation of metals and chalcogens to produce fine, flaky, or delaminated precursors, which are crucial for optimizing the surface area and reactivity of starting materials. To complement this, we will develop a transferable device capable of monitoring pressure and temperature during planetary milling with subsecond resolution, providing valuable insights into the milling process and allowing for precise control over reaction conditions. Our investigation will also explore how the properties of selected reagents and milling conditions influence the ignition time of MSRs, aiming to elucidate the conditions that favor the formation of binary and ternary metal chalcogenides (MxCy, where M = Ag, Cu, Co, In, Ni and C = S, Se). Furthermore, we seek to identify the primary driving forces behind ball-free MSRs for selected metal chalcogenides, which will be critical for predicting reaction outcomes and improving synthesis strategies. Finally, we will explore the application potential of the synthesized products in electrocatalysis, particularly for hydrogen evolution reactions (HER). Through these interconnected objectives, this project aspires not only to produce novel materials but also to contribute to a deeper understanding of mechanochemical<\/span><\/td>\n<\/tr>\n<tr>\n<td>Duration:<\/td>\n<td>1.9.2025 &#8211; 31.8.2029<\/td>\n<\/tr>\n<\/table>\n<table class='project_list'>\n<tr>\n<td colspan='2'>AMA3DEUS &#8211; Advanced Ceramic Coatings for 3D Printed Titanium Implants<\/td>\n<\/tr>\n<tr>\n<td colspan='2'>Pokro\u010dil\u00e9 keramick\u00e9 povlaky pre 3D tla\u010den\u00e9 tit\u00e1nov\u00e9 implant\u00e1ty<\/td>\n<\/tr>\n<tr>\n<td>Program:<\/td>\n<td>SRDA<\/td>\n<\/tr>\n<tr>\n<td>Project leader:<\/td>\n<td>RNDr. Stre\u010dkov\u00e1 Magdal\u00e9na, PhD.<\/td>\n<\/tr>\n<tr>\n<td><a href=\"javascript:toggle('show3')\">Annotation:<\/a><\/td>\n<td><span id=\"show3\" style=\"display: none;\">A patient\\&#8217;s body\\&#8217;s effective acceptance of biomaterial is greatly influenced by the interaction between the material\\&#8217;s surface and the host environment. Direct structural and functional connection is created between a bone and the surface of a load-bearing implant after implantation without interfering with soft tissue. Therefore, successful osseointegration is crucial for implants\\&#8217; long-term stability and functionality. In the case of orthopedic scaffolds, surface treatment may improve their osseointegration. Ceramics, particularly bioactive ones (hydroxyapatite, e.g.) can be engineered with specific surface morphologies and porosities that enhance cell attachment and proliferation. Moreover, the unique 3D design of the implant affects load distribution and its mechanical stability. Mimicking the natural anatomy of the bone can also improve biomaterial integration and the healing process. However, in some cases, the body may recognize the implant as a foreign object, triggering an immune response that can lead to chronic inflammation and discomfort. Thus, incorporating drug delivery systems within the implant coating design can provide localized delivery of osteogenic or antimicrobial agents, enhancing bone healing and reducing infection risk. In the opening stage of the project, a novel titanium (Ti6Al4V) alloy implant design will be proposed and the scaffolds will be produced by additive manufacturing using the selective laser melting (SLM) method. Then, different types of ceramic coatings (hydroxyapatite, bredigit, calcium-doped silicates e.g.) will be applied to the material surface using different methods including electrochemical deposition and sol-gel technique. Lastly, ceramics will be enhanced with antibacterial agents (antibiotics, silver, e.g.) to improve its antibacterial effect. Surface morphology, chemical composition, degradation properties, and biological properties of the prepared specimens will be tested and evaluated.<\/span><\/td>\n<\/tr>\n<tr>\n<td>Duration:<\/td>\n<td>1.9.2025 &#8211; 31.12.2028<\/td>\n<\/tr>\n<\/table>\n<table class='project_list'>\n<tr>\n<td colspan='2'>Biocomposite cement with vitamin K for bone regeneration<\/td>\n<\/tr>\n<tr>\n<td colspan='2'>Biokompozitn\u00fd cement s vitam\u00ednom K pre regener\u00e1ciu kost\u00ed<\/td>\n<\/tr>\n<tr>\n<td>Program:<\/td>\n<td>VEGA<\/td>\n<\/tr>\n<tr>\n<td>Project leader:<\/td>\n<td>Ing. \u0160tulajterov\u00e1 Radoslava, PhD.<\/td>\n<\/tr>\n<tr>\n<td><a href=\"javascript:toggle('show4')\">Annotation:<\/a><\/td>\n<td><span id=\"show4\" style=\"display: none;\">The project focuses on the research and development of calcium phosphate cement\/starch\/vitamin K composites with optimized composition. The aim is to achieve higher mechanical strength that remains stable even after soaking in body fluids. At the same time, the release of vitamin K should significantly contribute to the mineralization and regeneration of bone tissue. The project will study the release of vitamin K from phospholipid vesicles embedded in a composite cement paste based on tetracalcium phosphate\/starch. It will also analyze the relationship between particle character and the final properties of biocements, which are crucial for their use in regenerative and reconstructive medicine.<\/span><\/td>\n<\/tr>\n<tr>\n<td>Duration:<\/td>\n<td>1.1.2025 &#8211; 31.12.2027<\/td>\n<\/tr>\n<\/table>\n<table class='project_list'>\n<tr>\n<td colspan='2'>Unconventional methods of increasing the energy efficiency of soft magnetic composites<\/td>\n<\/tr>\n<tr>\n<td colspan='2'>Nekonven\u010dn\u00e9 met\u00f3dy zvy\u0161ovania energetickej efektivity magneticky m\u00e4kk\u00fdch kompozitov<\/td>\n<\/tr>\n<tr>\n<td>Program:<\/td>\n<td>VEGA<\/td>\n<\/tr>\n<tr>\n<td>Project leader:<\/td>\n<td>RNDr. Bir\u010d\u00e1kov\u00e1 Zuzana, PhD.<\/td>\n<\/tr>\n<tr>\n<td><a href=\"javascript:toggle('show5')\">Annotation:<\/a><\/td>\n<td><span id=\"show5\" style=\"display: none;\">The project is focused on the preparation of soft magnetic composites, on the investigation of structure and themagnetic properties of the prepared materials. The unconventional methods will include the use of ferrite as anelectrically insulating matrix with a suitable base ferromagnetic material and optimized heat treatment and highpressure compacting parameters. The research will focus on the explanation of the magnetic interaction betweenthe ferromagnetic and ferrimagnetic parts, which affects the resulting electro-magnetic properties. The study ofthese properties will also take place at the temperatures to which these materials are exposed in practice. Thegoal is to find a suitable composition of the composite and the preparation parameters, to establish relationsbetween magnetic parameters, composition and to prepare a hybrid composite material with very good magneticproperties. The research results aim to expand the application potential of composite materials for electricalengineering.<\/span><\/td>\n<\/tr>\n<tr>\n<td>Duration:<\/td>\n<td>1.1.2024 &#8211; 31.12.2027<\/td>\n<\/tr>\n<\/table>\n<table class='project_list'>\n<tr>\n<td colspan='2'>Development of highly efficient catalysts for the electrochemical production of hydrogen<\/td>\n<\/tr>\n<tr>\n<td colspan='2'>V\u00fdvoj vysoko\u00fa\u010dinn\u00fdch katalyz\u00e1torov pre elektrochemick\u00fa v\u00fdrobu vod\u00edka<\/td>\n<\/tr>\n<tr>\n<td>Program:<\/td>\n<td>VEGA<\/td>\n<\/tr>\n<tr>\n<td>Project leader:<\/td>\n<td>RNDr. Gub\u00f3ov\u00e1 Alexandra, PhD.<\/td>\n<\/tr>\n<tr>\n<td><a href=\"javascript:toggle('show6')\">Annotation:<\/a><\/td>\n<td><span id=\"show6\" style=\"display: none;\">The goal of the presented project is the development of highly efficient catalysts based on transition metals,primarily in the form of high-entropy alloys and phosphides for the electrochemical production of hydrogen. Thecatalyst development process will be made more efficient with the help of computer simulations, which will enablethe calculation of theoretical parameters, the identification of active sites and the analysis of the mechanisms ofhydrogen evolution and oxygen evolution reactions for the rational design of electrocatalysts. The fulfillment of the set goals of the project will contribute to the expansion of important knowledge in the field of hydrogentechnologies, but above all it will lead to the efficient production of hydrogen as a potential fuel of the future.Efficient hydrogen production will help to successfully integrate hydrogen infrastructure according to theEuropean &quot;Smart cities&quot; model, which will support the overall improvement of the environment globally.<\/span><\/td>\n<\/tr>\n<tr>\n<td>Duration:<\/td>\n<td>1.1.2025 &#8211; 31.12.2027<\/td>\n<\/tr>\n<\/table>\n<table class='project_list'>\n<tr>\n<td colspan='2'>HoneyChit &#8211; Innovative biopolymer materials with natural additives for the treatment of burns and chronic wounds<\/td>\n<\/tr>\n<tr>\n<td colspan='2'>Inovat\u00edvne biopolym\u00e9rne materi\u00e1ly s pr\u00edrodn\u00fdmi adit\u00edvami pre lie\u010dbu pop\u00e1len\u00edn a chronick\u00fdch r\u00e1n<\/td>\n<\/tr>\n<tr>\n<td>Program:<\/td>\n<td>SRDA<\/td>\n<\/tr>\n<tr>\n<td>Project leader:<\/td>\n<td>Ing. Medveck\u00fd \u013dubom\u00edr, DrSc.<\/td>\n<\/tr>\n<tr>\n<td><a href=\"javascript:toggle('show7')\">Annotation:<\/a><\/td>\n<td><span id=\"show7\" style=\"display: none;\">The project is focused on research and testing of new types of biopolymer materials with natural additives, aimed at the regeneration of soft tissues (primarily skin). The main intention is to design, prepare and test materials that will be characterized by their high bioactivity and biocompatibility with the skin, simplicity of preparation, cheap final form, as well as the possibility of adding a cellular and acellular components, corresponding to the requirements of reconstructive and burn surgery.<\/span><\/td>\n<\/tr>\n<tr>\n<td>Duration:<\/td>\n<td>1.7.2024 &#8211; 30.6.2027<\/td>\n<\/tr>\n<\/table>\n<table class='project_list'>\n<tr>\n<td colspan='2'>Surface engineering of powder ferromagnetic particles and structure of soft magnetic composites<\/td>\n<\/tr>\n<tr>\n<td colspan='2'>Povrchov\u00e9 in\u017einierstvo pr\u00e1\u0161kov\u00fdch feromagnetick\u00fdch \u010dast\u00edc a \u0161trukt\u00fara magneticky m\u00e4kk\u00fdch kompozitov<\/td>\n<\/tr>\n<tr>\n<td>Program:<\/td>\n<td>VEGA<\/td>\n<\/tr>\n<tr>\n<td>Project leader:<\/td>\n<td>Ing. Bure\u0161 Radovan, CSc.<\/td>\n<\/tr>\n<tr>\n<td><a href=\"javascript:toggle('show8')\">Annotation:<\/a><\/td>\n<td><span id=\"show8\" style=\"display: none;\">The project deals with SMC based on powdered ferromagnetics and electro-insulating ceramics in the form of a continuous network. The research of such materials applied in the field of energy conversion is motivated by increasing performance and efficiency, which is achieved by increasing the working frequency of magnetization. The project aims to investigate the structure of ferromagnetic and dielectric particle interfaces, their influence on the formation of microstructure and the functional properties of compacted SMC materials with a focus on the frequency stability of electromagnetic properties. The high variability of the geometrical characteristics of ferromagnetic microparticles and modifications in the distribution of ceramic nanoparticles provide a large scope for increasing the frequency stability of the functional properties of the composite. The analysis of interphases, structural discontinuities and compaction mechanisms will contribute to clarifying the evolution of electromagnetic properties.<\/span><\/td>\n<\/tr>\n<tr>\n<td>Duration:<\/td>\n<td>1.1.2024 &#8211; 31.12.2026<\/td>\n<\/tr>\n<\/table>\n<table class='project_list'>\n<tr>\n<td colspan='2'>Effect of terpene essential oils addition on the properties of biocomposites used for hard tissue recovery<\/td>\n<\/tr>\n<tr>\n<td colspan='2'>Vplyv pr\u00eddavku terp\u00e9nov\u00fdch sil\u00edc na vlastnosti biokompozitov ur\u010den\u00fdch na regener\u00e1ciu tvrd\u00fdch tkan\u00edv<\/td>\n<\/tr>\n<tr>\n<td>Program:<\/td>\n<td>VEGA<\/td>\n<\/tr>\n<tr>\n<td>Project leader:<\/td>\n<td>Ing. Medveck\u00fd \u013dubom\u00edr, DrSc.<\/td>\n<\/tr>\n<tr>\n<td><a href=\"javascript:toggle('show9')\">Annotation:<\/a><\/td>\n<td><span id=\"show9\" style=\"display: none;\">Development of biomaterials with antimicrobial properties is a highly topical issue to prevent the risk of infections after surgery. Terpenes are natural bioactive compounds present in essential oils with a significant therapeutic effects. They exhibit excellent antibacterial, antifungal and anti-inflammatory properties. However, disadvantages are high volatility, hydrophobicity and intense odor which hampers their direct application. Incorporation of essential oils into polymers is an effective method to increase hydrophilicity and stability of system with the simultaneous reducing of volatility. The aim of the project will be the stabilization of terpenes through a polymeric elastomer encapsulation, preparation and characterization of biocomposites consisting of matrix (biocement, bioceramic) modified with polymer coatings. The main task will be the production of biomaterial with better physico-chemical properties compared to individual components with potential application as hard tissue replacements. <\/span><\/td>\n<\/tr>\n<tr>\n<td>Duration:<\/td>\n<td>1.1.2024 &#8211; 31.12.2026<\/td>\n<\/tr>\n<\/table>\n<table class='project_list'>\n<tr>\n<td colspan='2'>CASOPUR &#8211; Calcium phosphate cements incorporating essential oils through thermosetting polyesters used for hard tissue regeneration <\/td>\n<\/tr>\n<tr>\n<td colspan='2'>Kalcium fosf\u00e1tov\u00e9 cementy s pr\u00eddavkom esenci\u00e1lnych olejov prostredn\u00edctvom termosetov\u00fdch polyesterov ur\u010den\u00fdch na regener\u00e1ciu tvrd\u00fdch tkan\u00edv <\/td>\n<\/tr>\n<tr>\n<td>Program:<\/td>\n<td>Pl\u00e1n obnovy E\u00da<\/td>\n<\/tr>\n<tr>\n<td>Project leader:<\/td>\n<td>RNDr. Sop\u010d\u00e1k Tibor, PhD.<\/td>\n<\/tr>\n<tr>\n<td><a href=\"javascript:toggle('show10')\">Annotation:<\/a><\/td>\n<td><span id=\"show10\" style=\"display: none;\">Over the past few years, the interest in bone regenerative materials with antimicrobial properties has increased, since prosthesis infection is one of the most usual complications in implant surgery. Despite the increasing number of synthetic drugs with antibiotic and anti-inflammatory effects, research interest in natural substances, such as essential oils (EOs), remains still high. The terpenes and terpenoids found in essential oils represent a potential alternatives to synthetic drugs used for bone and joint healing, thanks to high inflammatory effect and the ability to inhibit  bone resorption, subsequently leading to an increase of the bone mineral density. Hence the incorporation of terpene EOs into frequently used bone substitute materials, such as calcium phosphate cements, represent a significant challenge addressed by the proposed CASOPUR project. The novelty and main contribution of the project will concern on the stabilization of EOs through citrate-based polyesters synthesis via esterification reactions, followed by deposition onto the CPC matrix using a solution infiltration technique. This approach offers an effective strategy for creating homogeneous polymer coatings on the cement matrix and developing polymer\/CPC systems functionalized with natural EOs. The resulting biocomposites will exhibit not only improved physicochemical properties but will also support the healing and regeneration of bone tissue. The project aims to provide calcium phosphate bone cement with antimicrobial activity without harming its bone regenerative capability. Overall, the successful outcome of this project holds the potential to provide a bone-filling material for use in bone tissue engineering and regenerative medicine. An important aspect of such biomaterials is their potential to significantly reduce the risk of post-operative infections in patients undergoing orthopedic surgeries, thus enhancing the patients comfort and safety during these procedures. <\/span><\/td>\n<\/tr>\n<tr>\n<td>Duration:<\/td>\n<td>1.9.2024 &#8211; 31.8.2026<\/td>\n<\/tr>\n<\/table>\n<table class='project_list'>\n<tr>\n<td colspan='2'>NOEL &#8211; Non-Noble Electrocatalysts for Efficient Water Splitting in Advanced Electrolyzers<\/td>\n<\/tr>\n<tr>\n<td colspan='2'>Neu\u0161\u013eachtil\u00e9 katalyz\u00e1tory pre efekt\u00edvne \u0161tiepenie vody v pokro\u010dil\u00fdch elektrolyz\u00e9roch<\/td>\n<\/tr>\n<tr>\n<td>Program:<\/td>\n<td>Pl\u00e1n obnovy E\u00da<\/td>\n<\/tr>\n<tr>\n<td>Project leader:<\/td>\n<td>RNDr. Stre\u010dkov\u00e1 Magdal\u00e9na, PhD.<\/td>\n<\/tr>\n<tr>\n<td><a href=\"javascript:toggle('show11')\">Annotation:<\/a><\/td>\n<td><span id=\"show11\" style=\"display: none;\">Human society is facing today significant challenges related to the climate changes induced by an intensive industrialization of economy and high carbon dioxide release to the atmosphere. In order to minimize important negative consequences of this phenomenon developed societies call for decarbonization of our economy and searching for alternative sources of energy, as well as raw materials for the industry. Here, hydrogen (H2) as the simplest and most abundant element in the universe can play an important role in a transition to a low-carbon economy. Green H2 \u2013 also referred to as \u201cclean H2\u201d is produced by using clean energy from surplus renewable energy sources, such as solar or wind power through a process called electrolysis. During electrolysis, water is broken down into hydrogen and oxygen molecules, and the hydrogen thus prepared can be consumed immediately or stored and used when needed. The main goal of this project is to contribute to economic viability of the green hydrogen production by reducing costs of electrocatalysts in future electrolyzes and fuel cells. This target will be achieved by the synthesis of the innovative non-noble metal electrocatalysts based on transition metal phosphides as the main components to proton exchange membrane electrolyzers. The key task will be devoted to the development of bifunctional electrode materials for hydrogen evolution reaction and oxygen evolution reaction with emphasis on maintaining low costs and high efficiency suitable for commercial applications. Completion of this target will help maintaining competitiveness in energetic industry in the starting period of economy decarbonization.   <\/span><\/td>\n<\/tr>\n<tr>\n<td>Duration:<\/td>\n<td>1.9.2024 &#8211; 31.8.2026<\/td>\n<\/tr>\n<\/table>\n<table class='project_list'>\n<tr>\n<td colspan='2'>DEMADES &#8211; Development of Advanced Nano-structured Materials for Electrocatalysis using an Eco-friendly Deep Eutectic Solvents: A Sustainable Approach to Decarbonisation (DEMADES)<\/td>\n<\/tr>\n<tr>\n<td colspan='2'>V\u00fdvoj pokro\u010dil\u00fdch nano\u0161trukt\u00farovan\u00fdch materi\u00e1lov pre elektrokatal\u00fdzu s vyu\u017eit\u00edm environment\u00e1lne priazniv\u00fdch eutektick\u00fdch rozp\u00fa\u0161\u0165adiel: udr\u017eate\u013en\u00fd pr\u00edstup k dekarboniz\u00e1cii (DEMADES)<\/td>\n<\/tr>\n<tr>\n<td>Program:<\/td>\n<td>Pl\u00e1n obnovy E\u00da<\/td>\n<\/tr>\n<tr>\n<td>Project leader:<\/td>\n<td>RNDr. Stre\u010dkov\u00e1 Magdal\u00e9na, PhD.<\/td>\n<\/tr>\n<tr>\n<td><a href=\"javascript:toggle('show12')\">Annotation:<\/a><\/td>\n<td><span id=\"show12\" style=\"display: none;\">The project \u201cDevelopment of Advanced Nano-structured Materials for Electrocatalysis Using Eco-friendly Deep Eutectic Solvents (DEMADES)\u201d is focused on addressing one of the most critical global challenges\u2014the decarbonisation of the energy sector. The main objective of the project is the development, characterization, and application of highly efficient electrocatalysts for the hydrogen evolution reaction during water electrolysis, which represents a key technology for the production of \u201cgreen\u201d hydrogen. The project is fully aligned with the European Union\u2019s decarbonisation objectives and the European Hydrogen Strategy, with a strong emphasis on the production of clean hydrogen from renewable energy sources. The innovativeness of the project lies primarily in the use of environmentally friendly deep eutectic solvents for electrocatalyst synthesis, enabling improved control over their composition, morphology, and stability, as well as in the utilization of metal and carbon foam substrates. The project adopts a multidisciplinary approach, bridging theoretical research with practical applications, including sustainability and life cycle assessments of the developed materials, thereby establishing a solid foundation for their future industrial implementation and further international collaboration.<\/span><\/td>\n<\/tr>\n<tr>\n<td>Duration:<\/td>\n<td>1.1.2025 &#8211; 31.8.2026<\/td>\n<\/tr>\n<\/table>\n<table class='project_list'>\n<tr>\n<td colspan='2'>&#8211;<\/td>\n<\/tr>\n<tr>\n<td colspan='2'>\u0160tipendi\u00e1 pre excelentn\u00fdch PhD. \u0161tudentov a \u0161tudentky (R1) <\/td>\n<\/tr>\n<tr>\n<td>Program:<\/td>\n<td>Pl\u00e1n obnovy E\u00da<\/td>\n<\/tr>\n<tr>\n<td>Project leader:<\/td>\n<td>Ing. Medveck\u00fd \u013dubom\u00edr, DrSc.<\/td>\n<\/tr>\n<tr>\n<td>Duration:<\/td>\n<td>1.9.2023 &#8211; 30.6.2026<\/td>\n<\/tr>\n<\/table>\n","protected":false},"excerpt":{"rendered":"<p>International HiEnFe &#8211; Research and development of high-entropy ferroelectric materials for energy storage V\u00fdskum a v\u00fdvoj vysokoentropick\u00fdch feroelektrick\u00fdch materi\u00e1lov pre uskladnenie elektrickej energie Program: Bilateral&#8230;<\/p>\n","protected":false},"author":1,"featured_media":0,"parent":90,"menu_order":20,"comment_status":"closed","ping_status":"closed","template":"","meta":{"footnotes":""},"class_list":["post-162","page","type-page","status-publish","hentry"],"_links":{"self":[{"href":"https:\/\/websrv.saske.sk\/imr\/en\/wp-json\/wp\/v2\/pages\/162","targetHints":{"allow":["GET"]}}],"collection":[{"href":"https:\/\/websrv.saske.sk\/imr\/en\/wp-json\/wp\/v2\/pages"}],"about":[{"href":"https:\/\/websrv.saske.sk\/imr\/en\/wp-json\/wp\/v2\/types\/page"}],"author":[{"embeddable":true,"href":"https:\/\/websrv.saske.sk\/imr\/en\/wp-json\/wp\/v2\/users\/1"}],"replies":[{"embeddable":true,"href":"https:\/\/websrv.saske.sk\/imr\/en\/wp-json\/wp\/v2\/comments?post=162"}],"version-history":[{"count":3,"href":"https:\/\/websrv.saske.sk\/imr\/en\/wp-json\/wp\/v2\/pages\/162\/revisions"}],"predecessor-version":[{"id":179,"href":"https:\/\/websrv.saske.sk\/imr\/en\/wp-json\/wp\/v2\/pages\/162\/revisions\/179"}],"up":[{"embeddable":true,"href":"https:\/\/websrv.saske.sk\/imr\/en\/wp-json\/wp\/v2\/pages\/90"}],"wp:attachment":[{"href":"https:\/\/websrv.saske.sk\/imr\/en\/wp-json\/wp\/v2\/media?parent=162"}],"curies":[{"name":"wp","href":"https:\/\/api.w.org\/{rel}","templated":true}]}}