{"id":158,"date":"2019-03-15T06:55:36","date_gmt":"2019-03-15T05:55:36","guid":{"rendered":"http:\/\/websrv.saske.sk\/imr\/en\/?page_id=158"},"modified":"2019-03-15T07:01:17","modified_gmt":"2019-03-15T06:01:17","slug":"actual-projects","status":"publish","type":"page","link":"https:\/\/websrv.saske.sk\/imr\/en\/divisions\/division-of-ceramic-and-non-metallic-systems\/actual-projects\/","title":{"rendered":"Actual projects"},"content":{"rendered":"<p><script type=\"text\/javascript\">\/\/ <![CDATA[\nfunction toggle(element){document.getElementById(element).style.display=(document.getElementById(element).style.display==\"none\")?\"\":\"none\";}\n\/\/ ]]><\/script><\/p>\n<h2>International<\/h2>\n<table class='project_list'>\n<tr>\n<td colspan='2'>Development of New High-entropy Carbides  With Improved Mechanical Properties<\/td>\n<\/tr>\n<tr>\n<td colspan='2'>V\u00fdvoj nov\u00fdch vysokoentropick\u00fdch karbidov so zplep\u0161en\u00fdmi mechanick\u00fdmi vlastnos\u0165ami<\/td>\n<\/tr>\n<tr>\n<td>Program:<\/td>\n<td>Mobility<\/td>\n<\/tr>\n<tr>\n<td>Project leader:<\/td>\n<td>M.Sc. Csan\u00e1di Tam\u00e1s , PhD.<\/td>\n<\/tr>\n<tr>\n<td>Duration:<\/td>\n<td>1.1.2025 &#8211; 31.12.2026<\/td>\n<\/tr>\n<\/table>\n<h2>National<\/h2>\n<table class='project_list'>\n<tr>\n<td colspan='2'>Study of the mechanical properties of human  enamel after biomimetic mineralization<\/td>\n<\/tr>\n<tr>\n<td colspan='2'>\u0160t\u00fadium mechanick\u00fdch vlastnost\u00ed \u013eudskej zubnej skloviny po biomimetickej mineraliz\u00e1cii<\/td>\n<\/tr>\n<tr>\n<td>Program:<\/td>\n<td>Other projects<\/td>\n<\/tr>\n<tr>\n<td>Project leader:<\/td>\n<td>Ing. Andrejovsk\u00e1 Jana, PhD.<\/td>\n<\/tr>\n<tr>\n<td>Duration:<\/td>\n<td> &#8211; <\/td>\n<\/tr>\n<\/table>\n<table class='project_list'>\n<tr>\n<td colspan='2'>GREEN-POT &#8211; Green Energy innovation: Entropy-Engineered Perovskite Oxides for Thermoelectric Applications<\/td>\n<\/tr>\n<tr>\n<td colspan='2'>Zelen\u00e1 energetick\u00e1 inov\u00e1cia: Entropicky in\u017einierovan\u00e9 perovskitov\u00e9 oxidy pre termoelektrick\u00e9 aplik\u00e1cie<\/td>\n<\/tr>\n<tr>\n<td>Program:<\/td>\n<td>SRDA<\/td>\n<\/tr>\n<tr>\n<td>Project leader:<\/td>\n<td>Ing. Koval\u010d\u00edkov\u00e1 Alexandra, PhD.<\/td>\n<\/tr>\n<tr>\n<td>Duration:<\/td>\n<td>1.9.2025 &#8211; 31.8.2029<\/td>\n<\/tr>\n<\/table>\n<table class='project_list'>\n<tr>\n<td colspan='2'>MOSAIC &#8211; Atomic-scale controlled strengthening and plasticity of high-entropy ceramics<\/td>\n<\/tr>\n<tr>\n<td colspan='2'>Spevnenie a plasticita vysokoentropickej keramiky na at\u00f3movej \u00farovni<\/td>\n<\/tr>\n<tr>\n<td>Program:<\/td>\n<td>IMPULZ<\/td>\n<\/tr>\n<tr>\n<td>Project leader:<\/td>\n<td>M.Sc. Csan\u00e1di Tam\u00e1s , PhD.<\/td>\n<\/tr>\n<tr>\n<td>Duration:<\/td>\n<td>1.9.2023 &#8211; 31.8.2028<\/td>\n<\/tr>\n<\/table>\n<table class='project_list'>\n<tr>\n<td colspan='2'>NewGenCoat &#8211; New-generation hard coatings with enhanced fracture toughness and oxidation resistance<\/td>\n<\/tr>\n<tr>\n<td colspan='2'>Tvrd\u00e9 vrstvy novej gener\u00e1cie so zlep\u0161enou lomovou h\u00fa\u017eevnatos\u0165ou a oxida\u010dnou odolnos\u0165ou<\/td>\n<\/tr>\n<tr>\n<td>Program:<\/td>\n<td>SRDA<\/td>\n<\/tr>\n<tr>\n<td>Project leader:<\/td>\n<td>doc. RNDr. Lofaj Franti\u0161ek, DrSc.<\/td>\n<\/tr>\n<tr>\n<td>Duration:<\/td>\n<td>1.9.2025 &#8211; 31.8.2028<\/td>\n<\/tr>\n<\/table>\n<table class='project_list'>\n<tr>\n<td colspan='2'>&#8211;<\/td>\n<\/tr>\n<tr>\n<td colspan='2'>\u0160t\u00fadium pevnostn\u00fdch charakterist\u00edk z\u0155n a hran\u00edc z\u0155n tetragon\u00e1lne stabilizovan\u00e9ho oxidu zirkoni\u010dit\u00e9ho. Vplyv stabiliz\u00e1tora.<\/td>\n<\/tr>\n<tr>\n<td>Program:<\/td>\n<td>VEGA<\/td>\n<\/tr>\n<tr>\n<td>Project leader:<\/td>\n<td>Ing. Vojtko Marek, PhD.<\/td>\n<\/tr>\n<tr>\n<td>Duration:<\/td>\n<td>1.1.2025 &#8211; 31.12.2027<\/td>\n<\/tr>\n<\/table>\n<table class='project_list'>\n<tr>\n<td colspan='2'>NEOCAR &#8211; Novel enhanced oxidation-resistant ultra-high temperature carbides<\/td>\n<\/tr>\n<tr>\n<td colspan='2'>Ultra-vysokoteplotn\u00e9 karbidy so zv\u00fd\u0161enou oxida\u010dnou odolnos\u0165ou<\/td>\n<\/tr>\n<tr>\n<td>Program:<\/td>\n<td>SRDA<\/td>\n<\/tr>\n<tr>\n<td>Project leader:<\/td>\n<td>Ing. Koval\u010d\u00edkov\u00e1 Alexandra, PhD.<\/td>\n<\/tr>\n<tr>\n<td>Duration:<\/td>\n<td>1.7.2023 &#8211; 30.6.2027<\/td>\n<\/tr>\n<\/table>\n<table class='project_list'>\n<tr>\n<td colspan='2'>Development of innovative ceramic composites with corundum matrix and enhanced wear resistance for technical applications<\/td>\n<\/tr>\n<tr>\n<td colspan='2'>V\u00fdvoj inovat\u00edvnych keramick\u00fdch kompozitov s korundovou matricou so zv\u00fd\u0161enou odolnos\u0165ou vo\u010di opotrebeniu pre technick\u00e9 aplik\u00e1cie.<\/td>\n<\/tr>\n<tr>\n<td>Program:<\/td>\n<td>VEGA<\/td>\n<\/tr>\n<tr>\n<td>Project leader:<\/td>\n<td>Ing. Andrejovsk\u00e1 Jana, PhD.<\/td>\n<\/tr>\n<tr>\n<td><a href=\"javascript:toggle('show1')\">Annotation:<\/a><\/td>\n<td><span id=\"show1\" style=\"display: none;\">The submitted project focuses on the problem of material wear, which we often encounter in technical applications, and addresses it through the use of composite ceramic materials with a reduced content of critical raw materials such as tungsten and cobalt, which are currently most commonly used for cutting inserts, bearings, and components in the automotive industry, where high wear resistance is required. These materials will be based on an affordable corundum or corundum\u2013zirconia matrix. Within the project, the tribological properties of various ceramic systems will be tested, such as monolithic Al\u2082O\u2083, sintered carbides (WC\u2013Co), and composites based on a corundum matrix, modified by the addition of up to 50 vol.% refractory carbides (e.g., ZrC, TiC, WC). The proposed experimental ceramic systems should exhibit improved properties, primarily increased wear resistance, higher hardness and oxidation resistance at elevated temperatures, a better performance-to-cost ratio, and reduced consumption of critical raw materials.<\/span><\/td>\n<\/tr>\n<tr>\n<td>Duration:<\/td>\n<td>1.1.2024 &#8211; 31.12.2026<\/td>\n<\/tr>\n<\/table>\n<table class='project_list'>\n<tr>\n<td colspan='2'>Development of Multicomponent Carbide Ceramics with a Single-Phase Structure for High-Temperature Applications<\/td>\n<\/tr>\n<tr>\n<td colspan='2'>V\u00fdvoj multikomponentnej karbidickej keramiky s jednof\u00e1zovou \u0161trukt\u00farou pre vysokoteplotn\u00e9 aplik\u00e1cie<\/td>\n<\/tr>\n<tr>\n<td>Program:<\/td>\n<td>VEGA<\/td>\n<\/tr>\n<tr>\n<td>Project leader:<\/td>\n<td>RNDr. Hrubov\u010d\u00e1kov\u00e1 Monika, PhD.<\/td>\n<\/tr>\n<tr>\n<td>Duration:<\/td>\n<td>1.1.2024 &#8211; 31.12.2026<\/td>\n<\/tr>\n<\/table>\n<table class='project_list'>\n<tr>\n<td colspan='2'>DeBCco &#8211; Dvojf\u00e1zne boridovo\/karbidick\u00e9 viackomponentn\u00e9 povlaky na b\u00e1ze kovov prechodov\u00fdch prvkov pripravenDual-phase multi-TM-boride\/carbide coatings by High Target Utilization Sputtering<\/td>\n<\/tr>\n<tr>\n<td colspan='2'>Dvojf\u00e1zne boridovo\/karbidick\u00e9 viackomponentn\u00e9 povlaky na b\u00e1ze kovov prechodov\u00fdch prvkov pripraven\u00e9 napra\u0161ovan\u00edm s vysokou vyu\u017eite\u013enos\u0165ou ter\u010da (HiTUS) <\/td>\n<\/tr>\n<tr>\n<td>Program:<\/td>\n<td>Pl\u00e1n obnovy E\u00da<\/td>\n<\/tr>\n<tr>\n<td>Project leader:<\/td>\n<td>doc. RNDr. Lofaj Franti\u0161ek, DrSc.<\/td>\n<\/tr>\n<tr>\n<td><a href=\"javascript:toggle('show2')\">Annotation:<\/a><\/td>\n<td><span id=\"show2\" style=\"display: none;\">After introducing the high entropy stabilized alloys and ceramics, research focused on bulk multicomponent borides and carbides of the transition metals (TM) forming single-phase compounds. Since 2014, these activities expanded also in bulk two-phase fcc+hexagonal\/bcc (e.g. TM boride +TM carbide) or even multi-phase ceramics with improved properties.  However, analogous two-phase boride-carbide coatings have been produced up to now neither by conventional DC magnetron sputtering nor by more advanced methods, including High Target Utilization Sputtering (HiTUS). Therefore, the aim of the current project is the investigation of of the formation of two\/multi-phase boride-carbide structures stabilized by high entropy in the multielement ceramic coatings based on transition metals using reactive HiTUS.  At first, the depositions of single-phase TM borides and carbides will be investigated during rHiTUS. In the second stage, both processes will occur within one step. It allows us to consider the peculiarities of oech process and find out corresponding ways to control the formation of structure of the dual\/multi-phase ceramic coatings.  The novelty of the project is that it widens the existing bulk two-phase ceramic materials into the field of PVD coatings and brings new ways to control their design and properties via the application of a novel HiTUS technology.<\/span><\/td>\n<\/tr>\n<tr>\n<td>Duration:<\/td>\n<td>1.9.2024 &#8211; 31.8.2026<\/td>\n<\/tr>\n<\/table>\n<table class='project_list'>\n<tr>\n<td colspan='2'>CROSSBEAM &#8211; Novel reactive approach towards the sysnthesis of UHTC microfibers reinforced ceramic matrix composites<\/td>\n<\/tr>\n<tr>\n<td colspan='2'>Nov\u00fd reakt\u00edvny pr\u00edstup k synt\u00e9ze kompozitov s keramickou matricou vystu\u017een\u00fdch mikrovl\u00e1knami UHTC<\/td>\n<\/tr>\n<tr>\n<td>Program:<\/td>\n<td>Pl\u00e1n obnovy E\u00da<\/td>\n<\/tr>\n<tr>\n<td>Project leader:<\/td>\n<td>Ing. Sedl\u00e1k Richard, PhD.<\/td>\n<\/tr>\n<tr>\n<td>Duration:<\/td>\n<td>1.9.2024 &#8211; 31.8.2026<\/td>\n<\/tr>\n<\/table>\n<table class='project_list'>\n<tr>\n<td colspan='2'>ADAMANT &#8211; Advanced nanafibrous materials based on high entropy ceramics for application in photocatalysis<\/td>\n<\/tr>\n<tr>\n<td colspan='2'>Pokro\u010dil\u00e9 nanovlakenn\u00e9 materi\u00e1ly na b\u00e1ze vysokoentropickej keramiky pre pou\u017eitie vo fotokatal\u00fdze<\/td>\n<\/tr>\n<tr>\n<td>Program:<\/td>\n<td>Pl\u00e1n obnovy E\u00da<\/td>\n<\/tr>\n<tr>\n<td>Project leader:<\/td>\n<td>Mgr. Shepa Iv\u00e1n, PhD.<\/td>\n<\/tr>\n<tr>\n<td>Duration:<\/td>\n<td>1.9.2024 &#8211; 31.8.2026<\/td>\n<\/tr>\n<\/table>\n<table class='project_list'>\n<tr>\n<td colspan='2'>GreenCER &#8211; Development of New Cobalt-Free Ceramics for Cutting Tools<\/td>\n<\/tr>\n<tr>\n<td colspan='2'>V\u00fdvoj novej bezkobaltovej keramiky pre rezn\u00e9 n\u00e1stroje <\/td>\n<\/tr>\n<tr>\n<td>Program:<\/td>\n<td>Pl\u00e1n obnovy E\u00da<\/td>\n<\/tr>\n<tr>\n<td>Project leader:<\/td>\n<td>Ing.  Medve\u010f D\u00e1vid, PhD.<\/td>\n<\/tr>\n<tr>\n<td>Duration:<\/td>\n<td>1.9.2024 &#8211; 31.8.2026<\/td>\n<\/tr>\n<\/table>\n<table class='project_list'>\n<tr>\n<td colspan='2'>CAFIHEC &#8211; Carbon fibers reinforced dual-phase high-entropy ceramics<\/td>\n<\/tr>\n<tr>\n<td colspan='2'>Dvojf\u00e1zov\u00e1 vysokoentropick\u00e1 keramika vystu\u017een\u00e1 uhl\u00edkov\u00fdmi vl\u00e1knami <\/td>\n<\/tr>\n<tr>\n<td>Program:<\/td>\n<td>Pl\u00e1n obnovy E\u00da<\/td>\n<\/tr>\n<tr>\n<td>Project leader:<\/td>\n<td>Ing. Naughton Duszov\u00e1 Annam\u00e1ria, PhD.<\/td>\n<\/tr>\n<tr>\n<td><a href=\"javascript:toggle('show3')\">Annotation:<\/a><\/td>\n<td><span id=\"show3\" style=\"display: none;\">Thematically, the main objective of the proposed project \u201cCAFIHEC\u201d is focusing on the development &#8211; processing, characterization, and testing \u2013 of new dual-phase high-entropy ultra-high temperature ceramic-based composites reinforced by carbon fibers with an overall aim to develop extremely hard and significantly improved, damage tolerant composites. This new dual-phase HECs provide an excellent platform for controlling physical, thermal, fracture\u2013mechanical, tribological, oxidation, and other properties of the system via microstructural engineering, e.g., by changing the volume fraction, size, and shape of each phase, in addition to tailoring the interfaces. These characteristics allow the materials to withstand extreme environments for potential applications in leading-edge industries such as hypersonic vehicles, and nuclear reactors. This research follows up on the latest world trends, in which Dr. Naughton-Duszova et al. have been published, as described in the State-of-the-Art in chapter 1.2. Intensive investigations on HE-UHTC\\&#8217;s in the past five years focused mainly on the modeling, processing, and characterization of their microstructure and mainly the basic mechanical properties such as hardness, modulus, and indentation fracture resistance using indentation methods have been studied. A very promising group of these advanced materials developed as potential systems for ultra-high temperature applications is the so-called dual-phase high-entropy ultra-high temperature ceramics (DPHE-UHTCs).<\/span><\/td>\n<\/tr>\n<tr>\n<td>Duration:<\/td>\n<td>1.10.2024 &#8211; 30.6.2026<\/td>\n<\/tr>\n<\/table>\n<table class='project_list'>\n<tr>\n<td colspan='2'>Com-Cer &#8211; Development of new compositionally-complex ceramics for extreme applications<\/td>\n<\/tr>\n<tr>\n<td colspan='2'>V\u00fdvoj nov\u00fdch keramick\u00fdch materi\u00e1lov komplexn\u00e9ho zlo\u017eenia pre extr\u00e9mne aplik\u00e1cie<\/td>\n<\/tr>\n<tr>\n<td>Program:<\/td>\n<td>SRDA<\/td>\n<\/tr>\n<tr>\n<td>Project leader:<\/td>\n<td>Ing. Koval\u010d\u00edkov\u00e1 Alexandra, PhD.<\/td>\n<\/tr>\n<tr>\n<td>Duration:<\/td>\n<td>1.7.2022 &#8211; 30.6.2026<\/td>\n<\/tr>\n<\/table>\n","protected":false},"excerpt":{"rendered":"<p>International Development of New High-entropy Carbides With Improved Mechanical Properties V\u00fdvoj nov\u00fdch vysokoentropick\u00fdch karbidov so zplep\u0161en\u00fdmi mechanick\u00fdmi vlastnos\u0165ami Program: Mobility Project leader: M.Sc. Csan\u00e1di Tam\u00e1s&#8230;<\/p>\n","protected":false},"author":1,"featured_media":0,"parent":88,"menu_order":20,"comment_status":"closed","ping_status":"closed","template":"","meta":{"footnotes":""},"class_list":["post-158","page","type-page","status-publish","hentry"],"_links":{"self":[{"href":"https:\/\/websrv.saske.sk\/imr\/en\/wp-json\/wp\/v2\/pages\/158","targetHints":{"allow":["GET"]}}],"collection":[{"href":"https:\/\/websrv.saske.sk\/imr\/en\/wp-json\/wp\/v2\/pages"}],"about":[{"href":"https:\/\/websrv.saske.sk\/imr\/en\/wp-json\/wp\/v2\/types\/page"}],"author":[{"embeddable":true,"href":"https:\/\/websrv.saske.sk\/imr\/en\/wp-json\/wp\/v2\/users\/1"}],"replies":[{"embeddable":true,"href":"https:\/\/websrv.saske.sk\/imr\/en\/wp-json\/wp\/v2\/comments?post=158"}],"version-history":[{"count":4,"href":"https:\/\/websrv.saske.sk\/imr\/en\/wp-json\/wp\/v2\/pages\/158\/revisions"}],"predecessor-version":[{"id":183,"href":"https:\/\/websrv.saske.sk\/imr\/en\/wp-json\/wp\/v2\/pages\/158\/revisions\/183"}],"up":[{"embeddable":true,"href":"https:\/\/websrv.saske.sk\/imr\/en\/wp-json\/wp\/v2\/pages\/88"}],"wp:attachment":[{"href":"https:\/\/websrv.saske.sk\/imr\/en\/wp-json\/wp\/v2\/media?parent=158"}],"curies":[{"name":"wp","href":"https:\/\/api.w.org\/{rel}","templated":true}]}}