{"id":171,"date":"2025-02-09T20:53:37","date_gmt":"2025-02-09T19:53:37","guid":{"rendered":"https:\/\/websrv.saske.sk\/cltp\/?page_id=171"},"modified":"2025-07-14T10:21:49","modified_gmt":"2025-07-14T08:21:49","slug":"grants","status":"publish","type":"page","link":"https:\/\/websrv.saske.sk\/cltp\/grants\/","title":{"rendered":"Grants"},"content":{"rendered":"\t\t<div data-elementor-type=\"wp-page\" data-elementor-id=\"171\" class=\"elementor elementor-171\">\n\t\t\t\t<div class=\"elementor-element elementor-element-638b1f0 e-flex e-con-boxed e-con e-parent\" data-id=\"638b1f0\" data-element_type=\"container\" data-settings=\"{&quot;background_background&quot;:&quot;classic&quot;}\">\n\t\t\t\t\t<div class=\"e-con-inner\">\n\t\t\t\t<div class=\"elementor-element elementor-element-922fb04 elementor-widget elementor-widget-spacer\" data-id=\"922fb04\" data-element_type=\"widget\" data-widget_type=\"spacer.default\">\n\t\t\t\t<div class=\"elementor-widget-container\">\n\t\t\t\t\t\t\t<div class=\"elementor-spacer\">\n\t\t\t<div class=\"elementor-spacer-inner\"><\/div>\n\t\t<\/div>\n\t\t\t\t\t\t<\/div>\n\t\t\t\t<\/div>\n\t\t\t\t\t<\/div>\n\t\t\t\t<\/div>\n\t\t\t\t<section class=\"elementor-section elementor-top-section elementor-element elementor-element-592c690 elementor-section-stretched elementor-section-boxed elementor-section-height-default elementor-section-height-default\" data-id=\"592c690\" data-element_type=\"section\" data-settings=\"{&quot;background_background&quot;:&quot;gradient&quot;,&quot;stretch_section&quot;:&quot;section-stretched&quot;}\">\n\t\t\t\t\t\t\t<div class=\"elementor-background-overlay\"><\/div>\n\t\t\t\t\t\t\t<div class=\"elementor-container elementor-column-gap-default\">\n\t\t\t\t\t<div class=\"elementor-column elementor-col-100 elementor-top-column elementor-element elementor-element-1d4702c\" data-id=\"1d4702c\" data-element_type=\"column\">\n\t\t\t<div class=\"elementor-widget-wrap elementor-element-populated\">\n\t\t\t\t\t\t<div class=\"elementor-element elementor-element-3f5f7fa elementor-invisible elementor-widget elementor-widget-heading\" data-id=\"3f5f7fa\" data-element_type=\"widget\" data-settings=\"{&quot;_animation&quot;:&quot;fadeIn&quot;}\" data-widget_type=\"heading.default\">\n\t\t\t\t<div class=\"elementor-widget-container\">\n\t\t\t\t\t<h1 class=\"elementor-heading-title elementor-size-default\">Grants<\/h1>\t\t\t\t<\/div>\n\t\t\t\t<\/div>\n\t\t\t\t\t<\/div>\n\t\t<\/div>\n\t\t\t\t\t<\/div>\n\t\t<\/section>\n\t\t\t\t<section class=\"elementor-section elementor-top-section elementor-element elementor-element-5b360c62 elementor-section-boxed elementor-section-height-default elementor-section-height-default\" data-id=\"5b360c62\" data-element_type=\"section\">\n\t\t\t\t\t\t<div class=\"elementor-container elementor-column-gap-default\">\n\t\t\t\t\t<div class=\"elementor-column elementor-col-100 elementor-top-column elementor-element elementor-element-108a5c3b\" data-id=\"108a5c3b\" data-element_type=\"column\">\n\t\t\t<div class=\"elementor-widget-wrap elementor-element-populated\">\n\t\t\t\t\t\t<div class=\"elementor-element elementor-element-41676323 elementor-widget elementor-widget-spacer\" data-id=\"41676323\" data-element_type=\"widget\" data-widget_type=\"spacer.default\">\n\t\t\t\t<div class=\"elementor-widget-container\">\n\t\t\t\t\t\t\t<div class=\"elementor-spacer\">\n\t\t\t<div class=\"elementor-spacer-inner\"><\/div>\n\t\t<\/div>\n\t\t\t\t\t\t<\/div>\n\t\t\t\t<\/div>\n\t\t\t\t<div class=\"elementor-element elementor-element-7590390d elementor-widget elementor-widget-shortcode\" data-id=\"7590390d\" data-element_type=\"widget\" data-widget_type=\"shortcode.default\">\n\t\t\t\t<div class=\"elementor-widget-container\">\n\t\t\t\t\t\t\t<div class=\"elementor-shortcode\">\n<table id=\"tablepress-1\" class=\"tablepress tablepress-id-1\">\n<thead>\n<tr class=\"row-1\">\n\t<th class=\"column-1\">Grant Number<\/th><th class=\"column-2\">Principal Investigator<\/th><th class=\"column-3\">Grant Title<\/th><th class=\"column-4\">Duration<\/th>\n<\/tr>\n<\/thead>\n<tbody class=\"row-striping row-hover\">\n<tr class=\"row-2\">\n\t<td class=\"column-1\">skQCI<\/td><td class=\"column-2\">Peter Skyba <\/td><td class=\"column-3\">Slovak Quantum Communication Infrastructure<\/td><td class=\"column-4\">2023-2025<\/td>\n<\/tr>\n<tr class=\"row-3\">\n\t<td class=\"column-1\">FAKOFYS<br \/>\n<\/td><td class=\"column-2\">Peter Skyba<\/td><td class=\"column-3\">F\u00e1zovo koherentn\u00e9 fyzik\u00e1lne syst\u00e9my<\/td><td class=\"column-4\"><\/td>\n<\/tr>\n<tr class=\"row-4\">\n\t<td class=\"column-1\">IMPULZ IM-2021-42<\/td><td class=\"column-2\">Martin Gmitra<\/td><td class=\"column-3\">Topological superconductivity in quantum 2D devices \/ TOPOSQ2D<\/td><td class=\"column-4\">2022-2027<br \/>\n<\/td>\n<\/tr>\n<tr class=\"row-5\">\n\t<td class=\"column-1\">IMPULZ IM-2024-121<\/td><td class=\"column-2\">Gufei Zhang <\/td><td class=\"column-3\">SPin INjection into DIamond for Quantum MagnetoElectronics \/ SPIN-DIME<\/td><td class=\"column-4\">2026-2031<\/td>\n<\/tr>\n<tr class=\"row-6\">\n\t<td class=\"column-1\">Pl\u00e1n obnovy a odolnosti SR<\/td><td class=\"column-2\">Mat\u00fa\u0161 Orend\u00e1\u010d<\/td><td class=\"column-3\">2D magnetizmus: sk\u00famanie a riadenie magnetick\u00fdch stavov v 2D vrstven\u00fdch materi\u00e1loch<\/td><td class=\"column-4\"><\/td>\n<\/tr>\n<tr class=\"row-7\">\n\t<td class=\"column-1\">APVV-23-0226<\/td><td class=\"column-2\">Slavom\u00edr Gab\u00e1ni\t<\/td><td class=\"column-3\">Influence of dynamic charge stripes on quantum magnets and superconductors in extreme conditions<\/td><td class=\"column-4\">2024-2028<\/td>\n<\/tr>\n<tr class=\"row-8\">\n\t<td class=\"column-1\">APVV-23-0564<br \/>\n<\/td><td class=\"column-2\">Hulman\/Samuely<\/td><td class=\"column-3\">Optimised growth and the transport and optical properties of thin<br \/>\nlayers of selected topological semimetals<\/td><td class=\"column-4\">2024-2027<\/td>\n<\/tr>\n<tr class=\"row-9\">\n\t<td class=\"column-1\">APVV-23-0624<\/td><td class=\"column-2\">Pavol Szab\u00f3<\/td><td class=\"column-3\">Low-dimensional Superconducting Devices<\/td><td class=\"column-4\">2024-2027<\/td>\n<\/tr>\n<tr class=\"row-10\">\n\t<td class=\"column-1\">VEGA 2\/0091\/24<\/td><td class=\"column-2\">Gabriel Prist\u00e1\u0161<\/td><td class=\"column-3\">Enhancement of superconducting parameters in high-entropy alloy thin films<\/td><td class=\"column-4\">2024-2027<\/td>\n<\/tr>\n<tr class=\"row-11\">\n\t<td class=\"column-1\">VEGA 2\/0073\/24<\/td><td class=\"column-2\">Jozef Ka\u010dmar\u010d\u00edk<\/td><td class=\"column-3\">Non-centrosymmetric superconductors<\/td><td class=\"column-4\">2024-2027<\/td>\n<\/tr>\n<tr class=\"row-12\">\n\t<td class=\"column-1\">VEGA 2\/0034\/24<\/td><td class=\"column-2\">Slavom\u00edr Gab\u00e1ni<br \/>\n<\/td><td class=\"column-3\">Magnetic frustration and quantum oscillations in quasi 2D and 3D borides<\/td><td class=\"column-4\">2024-2027<\/td>\n<\/tr>\n<tr class=\"row-13\">\n\t<td class=\"column-1\">COST Action CA21144 <\/td><td class=\"column-2\">H. Suderow \/ <br \/>\nP. Samuely<\/td><td class=\"column-3\">Superconducting Nanodevices and Quantum Materials for Coherent Manipulation (SUPERQUMAP)<\/td><td class=\"column-4\">2022-2026<\/td>\n<\/tr>\n<\/tbody>\n<\/table>\n<!-- #tablepress-1 from cache -->\n\n<\/div>\n\t\t\t\t\t\t<\/div>\n\t\t\t\t<\/div>\n\t\t\t\t<div class=\"elementor-element elementor-element-12c2963b elementor-widget elementor-widget-spacer\" data-id=\"12c2963b\" data-element_type=\"widget\" data-widget_type=\"spacer.default\">\n\t\t\t\t<div class=\"elementor-widget-container\">\n\t\t\t\t\t\t\t<div class=\"elementor-spacer\">\n\t\t\t<div class=\"elementor-spacer-inner\"><\/div>\n\t\t<\/div>\n\t\t\t\t\t\t<\/div>\n\t\t\t\t<\/div>\n\t\t\t\t<div class=\"elementor-element elementor-element-3b025c72 elementor-widget elementor-widget-spacer\" data-id=\"3b025c72\" data-element_type=\"widget\" data-widget_type=\"spacer.default\">\n\t\t\t\t<div class=\"elementor-widget-container\">\n\t\t\t\t\t\t\t<div class=\"elementor-spacer\">\n\t\t\t<div class=\"elementor-spacer-inner\"><\/div>\n\t\t<\/div>\n\t\t\t\t\t\t<\/div>\n\t\t\t\t<\/div>\n\t\t\t\t\t<\/div>\n\t\t<\/div>\n\t\t\t\t\t<\/div>\n\t\t<\/section>\n\t\t\t\t<\/div>\n\t\t","protected":false},"excerpt":{"rendered":"<p>Grants<\/p>\n","protected":false},"author":1,"featured_media":0,"parent":0,"menu_order":0,"comment_status":"closed","ping_status":"closed","template":"","meta":{"site-sidebar-layout":"no-sidebar","site-content-layout":"","ast-site-content-layout":"full-width-container","site-content-style":"default","site-sidebar-style":"default","ast-global-header-display":"","ast-banner-title-visibility":"","ast-main-header-display":"","ast-hfb-above-header-display":"","ast-hfb-below-header-display":"","ast-hfb-mobile-header-display":"","site-post-title":"disabled","ast-breadcrumbs-content":"","ast-featured-img":"disabled","footer-sml-layout":"","theme-transparent-header-meta":"default","adv-header-id-meta":"","stick-header-meta":"","header-above-stick-meta":"","header-main-stick-meta":"","header-below-stick-meta":"","astra-migrate-meta-layouts":"set","ast-page-background-enabled":"default","ast-page-background-meta":{"desktop":{"background-color":"var(--ast-global-color-4)","background-image":"","background-repeat":"repeat","background-position":"center center","background-size":"auto","background-attachment":"scroll","background-type":"","background-media":"","overlay-type":"","overlay-color":"","overlay-opacity":"","overlay-gradient":""},"tablet":{"background-color":"","background-image":"","background-repeat":"repeat","background-position":"center center","background-size":"auto","background-attachment":"scroll","background-type":"","background-media":"","overlay-type":"","overlay-color":"","overlay-opacity":"","overlay-gradient":""},"mobile":{"background-color":"","background-image":"","background-repeat":"repeat","background-position":"center center","background-size":"auto","background-attachment":"scroll","background-type":"","background-media":"","overlay-type":"","overlay-color":"","overlay-opacity":"","overlay-gradient":""}},"ast-content-background-meta":{"desktop":{"background-color":"var(--ast-global-color-5)","background-image":"","background-repeat":"repeat","background-position":"center center","background-size":"auto","background-attachment":"scroll","background-type":"","background-media":"","overlay-type":"","overlay-color":"","overlay-opacity":"","overlay-gradient":""},"tablet":{"background-color":"var(--ast-global-color-5)","background-image":"","background-repeat":"repeat","background-position":"center center","background-size":"auto","background-attachment":"scroll","background-type":"","background-media":"","overlay-type":"","overlay-color":"","overlay-opacity":"","overlay-gradient":""},"mobile":{"background-color":"var(--ast-global-color-5)","background-image":"","background-repeat":"repeat","background-position":"center center","background-size":"auto","background-attachment":"scroll","background-type":"","background-media":"","overlay-type":"","overlay-color":"","overlay-opacity":"","overlay-gradient":""}},"footnotes":""},"class_list":["post-171","page","type-page","status-publish","hentry"],"_links":{"self":[{"href":"https:\/\/websrv.saske.sk\/cltp\/wp-json\/wp\/v2\/pages\/171","targetHints":{"allow":["GET"]}}],"collection":[{"href":"https:\/\/websrv.saske.sk\/cltp\/wp-json\/wp\/v2\/pages"}],"about":[{"href":"https:\/\/websrv.saske.sk\/cltp\/wp-json\/wp\/v2\/types\/page"}],"author":[{"embeddable":true,"href":"https:\/\/websrv.saske.sk\/cltp\/wp-json\/wp\/v2\/users\/1"}],"replies":[{"embeddable":true,"href":"https:\/\/websrv.saske.sk\/cltp\/wp-json\/wp\/v2\/comments?post=171"}],"version-history":[{"count":13,"href":"https:\/\/websrv.saske.sk\/cltp\/wp-json\/wp\/v2\/pages\/171\/revisions"}],"predecessor-version":[{"id":418,"href":"https:\/\/websrv.saske.sk\/cltp\/wp-json\/wp\/v2\/pages\/171\/revisions\/418"}],"wp:attachment":[{"href":"https:\/\/websrv.saske.sk\/cltp\/wp-json\/wp\/v2\/media?parent=171"}],"curies":[{"name":"wp","href":"https:\/\/api.w.org\/{rel}","templated":true}]}}