{"id":1232,"date":"2022-06-13T10:28:00","date_gmt":"2022-06-13T08:28:00","guid":{"rendered":"https:\/\/websrv.saske.sk\/EMP-UserMeeting2022\/?page_id=1232"},"modified":"2022-08-08T11:04:42","modified_gmt":"2022-08-08T09:04:42","slug":"venue","status":"publish","type":"page","link":"https:\/\/websrv.saske.sk\/EMP-UserMeeting2022\/venue\/","title":{"rendered":"Venue"},"content":{"rendered":"\t\t<div data-elementor-type=\"wp-page\" data-elementor-id=\"1232\" class=\"elementor elementor-1232\">\n\t\t\t\t\t\t\t\t\t<section class=\"elementor-section elementor-top-section elementor-element elementor-element-7c84f5f elementor-section-boxed elementor-section-height-default elementor-section-height-default\" data-id=\"7c84f5f\" data-element_type=\"section\" data-settings=\"{&quot;background_background&quot;:&quot;classic&quot;}\">\n\t\t\t\t\t\t<div class=\"elementor-container elementor-column-gap-default\">\n\t\t\t\t\t<div class=\"elementor-column elementor-col-100 elementor-top-column elementor-element elementor-element-ee08de2\" data-id=\"ee08de2\" data-element_type=\"column\">\n\t\t\t<div class=\"elementor-widget-wrap elementor-element-populated\">\n\t\t\t\t\t\t\t\t<div class=\"elementor-element elementor-element-98b851e elementor-widget elementor-widget-heading\" data-id=\"98b851e\" data-element_type=\"widget\" data-widget_type=\"heading.default\">\n\t\t\t\t<div class=\"elementor-widget-container\">\n\t\t\t<style>\/*! elementor - v3.6.6 - 08-06-2022 *\/\n.elementor-heading-title{padding:0;margin:0;line-height:1}.elementor-widget-heading .elementor-heading-title[class*=elementor-size-]>a{color:inherit;font-size:inherit;line-height:inherit}.elementor-widget-heading .elementor-heading-title.elementor-size-small{font-size:15px}.elementor-widget-heading .elementor-heading-title.elementor-size-medium{font-size:19px}.elementor-widget-heading .elementor-heading-title.elementor-size-large{font-size:29px}.elementor-widget-heading .elementor-heading-title.elementor-size-xl{font-size:39px}.elementor-widget-heading .elementor-heading-title.elementor-size-xxl{font-size:59px}<\/style><h1 class=\"elementor-heading-title elementor-size-default\">Venue<\/h1>\t\t<\/div>\n\t\t\t\t<\/div>\n\t\t\t\t\t<\/div>\n\t\t<\/div>\n\t\t\t\t\t\t\t<\/div>\n\t\t<\/section>\n\t\t\t\t<section class=\"elementor-section elementor-top-section elementor-element elementor-element-73ca3e9d elementor-section-boxed elementor-section-height-default elementor-section-height-default\" data-id=\"73ca3e9d\" data-element_type=\"section\">\n\t\t\t\t\t\t<div class=\"elementor-container elementor-column-gap-no\">\n\t\t\t\t\t<div class=\"elementor-column elementor-col-100 elementor-top-column elementor-element elementor-element-46c21552\" data-id=\"46c21552\" data-element_type=\"column\">\n\t\t\t<div class=\"elementor-widget-wrap elementor-element-populated\">\n\t\t\t\t\t\t\t\t<div class=\"elementor-element elementor-element-7f16c364 elementor-pagination-position-inside elementor-widget elementor-widget-image-carousel\" data-id=\"7f16c364\" data-element_type=\"widget\" data-settings=\"{&quot;slides_to_show&quot;:&quot;1&quot;,&quot;navigation&quot;:&quot;dots&quot;,&quot;autoplay&quot;:&quot;yes&quot;,&quot;pause_on_hover&quot;:&quot;yes&quot;,&quot;pause_on_interaction&quot;:&quot;yes&quot;,&quot;autoplay_speed&quot;:5000,&quot;infinite&quot;:&quot;yes&quot;,&quot;effect&quot;:&quot;slide&quot;,&quot;speed&quot;:500}\" data-widget_type=\"image-carousel.default\">\n\t\t\t\t<div class=\"elementor-widget-container\">\n\t\t\t<style>\/*! elementor - v3.6.6 - 08-06-2022 *\/\n.elementor-widget-image-carousel .swiper-container{position:static}.elementor-widget-image-carousel .swiper-container .swiper-slide figure{line-height:inherit}.elementor-widget-image-carousel .swiper-slide{text-align:center}.elementor-image-carousel-wrapper:not(.swiper-container-initialized) .swiper-slide{max-width:calc(100% \/ var(--e-image-carousel-slides-to-show, 3))}<\/style>\t\t<div class=\"elementor-image-carousel-wrapper swiper-container\" dir=\"ltr\">\n\t\t\t<div class=\"elementor-image-carousel swiper-wrapper\">\n\t\t\t\t\t\t\t\t<div class=\"swiper-slide\"><figure class=\"swiper-slide-inner\"><img decoding=\"async\" class=\"swiper-slide-image\" src=\"https:\/\/websrv.saske.sk\/EMP-UserMeeting2022\/wp-content\/uploads\/elementor\/thumbs\/patria_1-Cropped-pqcrchc1huu6gijzcnicopjmgr59gcakglmyp65y04.jpg\" alt=\"patria_1 Cropped\" \/><\/figure><\/div><div class=\"swiper-slide\"><figure class=\"swiper-slide-inner\"><img decoding=\"async\" class=\"swiper-slide-image\" src=\"https:\/\/websrv.saske.sk\/EMP-UserMeeting2022\/wp-content\/uploads\/elementor\/thumbs\/patria_2-Cropped-pqcrchc1huu6gijzcnicopjmgr59gcakglmyp65y04.jpg\" alt=\"patria_2 Cropped\" \/><\/figure><\/div><div class=\"swiper-slide\"><figure class=\"swiper-slide-inner\"><img decoding=\"async\" class=\"swiper-slide-image\" src=\"https:\/\/websrv.saske.sk\/EMP-UserMeeting2022\/wp-content\/uploads\/elementor\/thumbs\/patria_3-Cropped-pqcrci9voovgs4im75wz97b3250mo1easqag6g4jtw.jpg\" alt=\"patria_3 Cropped\" \/><\/figure><\/div><div class=\"swiper-slide\"><figure class=\"swiper-slide-inner\"><img decoding=\"async\" class=\"swiper-slide-image\" src=\"https:\/\/websrv.saske.sk\/EMP-UserMeeting2022\/wp-content\/uploads\/elementor\/thumbs\/patria_4-Cropped-pqcrcj7pviwr3qh91obltp2jnivzvqi14uxxnq35no.jpg\" alt=\"patria_4 Cropped\" \/><\/figure><\/div><div class=\"swiper-slide\"><figure class=\"swiper-slide-inner\"><img decoding=\"async\" class=\"swiper-slide-image\" src=\"https:\/\/websrv.saske.sk\/EMP-UserMeeting2022\/wp-content\/uploads\/elementor\/thumbs\/patria_5-Cropped-pqcrck5k2cy1fcfvw6q8e6u08wrd3flrgzlf501rhg.jpg\" alt=\"patria_5 Cropped\" \/><\/figure><\/div><div class=\"swiper-slide\"><figure class=\"swiper-slide-inner\"><img decoding=\"async\" class=\"swiper-slide-image\" src=\"https:\/\/websrv.saske.sk\/EMP-UserMeeting2022\/wp-content\/uploads\/elementor\/thumbs\/patria_6-Cropped-pqcrcl3e96zbqyeiqp4uyolguamqb4pht48wma0db8.jpg\" alt=\"patria_6 Cropped\" \/><\/figure><\/div><div class=\"swiper-slide\"><figure class=\"swiper-slide-inner\"><img decoding=\"async\" class=\"swiper-slide-image\" src=\"https:\/\/websrv.saske.sk\/EMP-UserMeeting2022\/wp-content\/uploads\/elementor\/thumbs\/patria_7-Cropped-pqcrcm18g10m2kd5l7jhj6cxfoi3itt858we3jyz50.jpg\" alt=\"patria_7 Cropped\" \/><\/figure><\/div><div class=\"swiper-slide\"><figure class=\"swiper-slide-inner\"><img decoding=\"async\" class=\"swiper-slide-image\" src=\"https:\/\/websrv.saske.sk\/EMP-UserMeeting2022\/wp-content\/uploads\/elementor\/thumbs\/patria_8-Cropped-pqcrcmz2mv1we6bsfpy43o4e12dgqiwyhdjvktxkys.jpg\" alt=\"patria_8 Cropped\" \/><\/figure><\/div><div class=\"swiper-slide\"><figure class=\"swiper-slide-inner\"><img decoding=\"async\" class=\"swiper-slide-image\" src=\"https:\/\/websrv.saske.sk\/EMP-UserMeeting2022\/wp-content\/uploads\/elementor\/thumbs\/patria_9-Cropped-pqcrcmz2mv1we6bsfpy43o4e12dgqiwyhdjvktxkys.jpg\" alt=\"patria_9 Cropped\" \/><\/figure><\/div>\t\t\t<\/div>\n\t\t\t\t\t\t\t\t\t\t\t\t<div class=\"swiper-pagination\"><\/div>\n\t\t\t\t\t\t\t\t\t\t\t\t\t<\/div>\n\t\t\t\t<\/div>\n\t\t\t\t<\/div>\n\t\t\t\t\t<\/div>\n\t\t<\/div>\n\t\t\t\t\t\t\t<\/div>\n\t\t<\/section>\n\t\t\t\t<section class=\"elementor-section elementor-top-section elementor-element elementor-element-46fdd8b3 elementor-section-boxed elementor-section-height-default elementor-section-height-default\" data-id=\"46fdd8b3\" data-element_type=\"section\">\n\t\t\t\t\t\t<div class=\"elementor-container elementor-column-gap-default\">\n\t\t\t\t\t<div class=\"elementor-column elementor-col-100 elementor-top-column elementor-element elementor-element-1f01cfde\" data-id=\"1f01cfde\" data-element_type=\"column\">\n\t\t\t<div class=\"elementor-widget-wrap elementor-element-populated\">\n\t\t\t\t\t\t\t\t<div class=\"elementor-element elementor-element-27495405 elementor-widget elementor-widget-text-editor\" data-id=\"27495405\" data-element_type=\"widget\" data-widget_type=\"text-editor.default\">\n\t\t\t\t<div class=\"elementor-widget-container\">\n\t\t\t<style>\/*! elementor - v3.6.6 - 08-06-2022 *\/\n.elementor-widget-text-editor.elementor-drop-cap-view-stacked .elementor-drop-cap{background-color:#818a91;color:#fff}.elementor-widget-text-editor.elementor-drop-cap-view-framed .elementor-drop-cap{color:#818a91;border:3px solid;background-color:transparent}.elementor-widget-text-editor:not(.elementor-drop-cap-view-default) .elementor-drop-cap{margin-top:8px}.elementor-widget-text-editor:not(.elementor-drop-cap-view-default) .elementor-drop-cap-letter{width:1em;height:1em}.elementor-widget-text-editor .elementor-drop-cap{float:left;text-align:center;line-height:1;font-size:50px}.elementor-widget-text-editor .elementor-drop-cap-letter{display:inline-block}<\/style>\t\t\t\tThe meeting venue is going to be provided by the <a href=\"https:\/\/www.hotelpatria.sk\/en\/front\" target=\"_blank\" rel=\"noopener\"><strong>Hotel Patria<\/strong><\/a> located in one of the most wonderful places of Slovakia \u2013 <a href=\"https:\/\/www.10adventures.com\/high-tatras-mountains-slovakia\/\" target=\"_blank\" rel=\"noopener\">High Tatras mountains<\/a>. The hotel stays near by the most sought-after alpine lake \u2013 <a href=\"https:\/\/www.strbskepleso.sk\/en\/\" target=\"_blank\" rel=\"noopener\">\u0160trbsk\u00e9 pleso<\/a>, surrounded by majestic peaks of Hight Tatras. Hotel Patria offers all facilities needed for organization of the conferences, meetings, workshops, etc. &#8211; lecture halls and rooms for discussions, excellent accommodation with exclusive views, perfect gastronomy, a space for relaxation, etc. Friendly and professional hotel-staff has a lot of experience with providing conference services and their organizations.\t\t\t\t\t\t<\/div>\n\t\t\t\t<\/div>\n\t\t\t\t\t<\/div>\n\t\t<\/div>\n\t\t\t\t\t\t\t<\/div>\n\t\t<\/section>\n\t\t\t\t<section class=\"elementor-section elementor-top-section elementor-element elementor-element-56eab87 elementor-section-boxed elementor-section-height-default elementor-section-height-default\" data-id=\"56eab87\" data-element_type=\"section\">\n\t\t\t\t\t\t<div class=\"elementor-container elementor-column-gap-default\">\n\t\t\t\t\t<div class=\"elementor-column elementor-col-100 elementor-top-column elementor-element elementor-element-03633e7\" data-id=\"03633e7\" data-element_type=\"column\">\n\t\t\t<div class=\"elementor-widget-wrap elementor-element-populated\">\n\t\t\t\t\t\t\t\t<div class=\"elementor-element elementor-element-25f8896 elementor-widget elementor-widget-heading\" data-id=\"25f8896\" data-element_type=\"widget\" data-widget_type=\"heading.default\">\n\t\t\t\t<div class=\"elementor-widget-container\">\n\t\t\t<h2 class=\"elementor-heading-title elementor-size-large\">Travel information<\/h2>\t\t<\/div>\n\t\t\t\t<\/div>\n\t\t\t\t\t<\/div>\n\t\t<\/div>\n\t\t\t\t\t\t\t<\/div>\n\t\t<\/section>\n\t\t\t\t<section class=\"elementor-section elementor-top-section elementor-element elementor-element-096f7e3 elementor-section-boxed elementor-section-height-default elementor-section-height-default\" data-id=\"096f7e3\" data-element_type=\"section\">\n\t\t\t\t\t\t<div class=\"elementor-container elementor-column-gap-default\">\n\t\t\t\t\t<div class=\"elementor-column elementor-col-100 elementor-top-column elementor-element elementor-element-983ebda\" data-id=\"983ebda\" data-element_type=\"column\">\n\t\t\t<div class=\"elementor-widget-wrap elementor-element-populated\">\n\t\t\t\t\t\t\t\t<div class=\"elementor-element elementor-element-16d1daa elementor-widget-divider--view-line elementor-widget elementor-widget-divider\" data-id=\"16d1daa\" data-element_type=\"widget\" data-widget_type=\"divider.default\">\n\t\t\t\t<div class=\"elementor-widget-container\">\n\t\t\t<style>\/*! elementor - v3.6.6 - 08-06-2022 *\/\n.elementor-widget-divider{--divider-border-style:none;--divider-border-width:1px;--divider-color:#2c2c2c;--divider-icon-size:20px;--divider-element-spacing:10px;--divider-pattern-height:24px;--divider-pattern-size:20px;--divider-pattern-url:none;--divider-pattern-repeat:repeat-x}.elementor-widget-divider .elementor-divider{display:-webkit-box;display:-ms-flexbox;display:flex}.elementor-widget-divider .elementor-divider__text{font-size:15px;line-height:1;max-width:95%}.elementor-widget-divider .elementor-divider__element{margin:0 var(--divider-element-spacing);-ms-flex-negative:0;flex-shrink:0}.elementor-widget-divider .elementor-icon{font-size:var(--divider-icon-size)}.elementor-widget-divider .elementor-divider-separator{display:-webkit-box;display:-ms-flexbox;display:flex;margin:0;direction:ltr}.elementor-widget-divider--view-line_icon .elementor-divider-separator,.elementor-widget-divider--view-line_text .elementor-divider-separator{-webkit-box-align:center;-ms-flex-align:center;align-items:center}.elementor-widget-divider--view-line_icon .elementor-divider-separator:after,.elementor-widget-divider--view-line_icon .elementor-divider-separator:before,.elementor-widget-divider--view-line_text .elementor-divider-separator:after,.elementor-widget-divider--view-line_text .elementor-divider-separator:before{display:block;content:\"\";border-bottom:0;-webkit-box-flex:1;-ms-flex-positive:1;flex-grow:1;border-top:var(--divider-border-width) var(--divider-border-style) var(--divider-color)}.elementor-widget-divider--element-align-left .elementor-divider .elementor-divider-separator>.elementor-divider__svg:first-of-type{-webkit-box-flex:0;-ms-flex-positive:0;flex-grow:0;-ms-flex-negative:100;flex-shrink:100}.elementor-widget-divider--element-align-left .elementor-divider-separator:before{content:none}.elementor-widget-divider--element-align-left .elementor-divider__element{margin-left:0}.elementor-widget-divider--element-align-right .elementor-divider .elementor-divider-separator>.elementor-divider__svg:last-of-type{-webkit-box-flex:0;-ms-flex-positive:0;flex-grow:0;-ms-flex-negative:100;flex-shrink:100}.elementor-widget-divider--element-align-right .elementor-divider-separator:after{content:none}.elementor-widget-divider--element-align-right .elementor-divider__element{margin-right:0}.elementor-widget-divider:not(.elementor-widget-divider--view-line_text):not(.elementor-widget-divider--view-line_icon) .elementor-divider-separator{border-top:var(--divider-border-width) var(--divider-border-style) var(--divider-color)}.elementor-widget-divider--separator-type-pattern{--divider-border-style:none}.elementor-widget-divider--separator-type-pattern.elementor-widget-divider--view-line .elementor-divider-separator,.elementor-widget-divider--separator-type-pattern:not(.elementor-widget-divider--view-line) .elementor-divider-separator:after,.elementor-widget-divider--separator-type-pattern:not(.elementor-widget-divider--view-line) .elementor-divider-separator:before,.elementor-widget-divider--separator-type-pattern:not([class*=elementor-widget-divider--view]) .elementor-divider-separator{width:100%;min-height:var(--divider-pattern-height);-webkit-mask-size:var(--divider-pattern-size) 100%;mask-size:var(--divider-pattern-size) 100%;-webkit-mask-repeat:var(--divider-pattern-repeat);mask-repeat:var(--divider-pattern-repeat);background-color:var(--divider-color);-webkit-mask-image:var(--divider-pattern-url);mask-image:var(--divider-pattern-url)}.elementor-widget-divider--no-spacing{--divider-pattern-size:auto}.elementor-widget-divider--bg-round{--divider-pattern-repeat:round}.rtl .elementor-widget-divider .elementor-divider__text{direction:rtl}<\/style>\t\t<div class=\"elementor-divider\">\n\t\t\t<span class=\"elementor-divider-separator\">\n\t\t\t\t\t\t<\/span>\n\t\t<\/div>\n\t\t\t\t<\/div>\n\t\t\t\t<\/div>\n\t\t\t\t<div class=\"elementor-element elementor-element-82f666d elementor-widget elementor-widget-text-editor\" data-id=\"82f666d\" data-element_type=\"widget\" data-widget_type=\"text-editor.default\">\n\t\t\t\t<div class=\"elementor-widget-container\">\n\t\t\t\t\t\t\t<p>In order to travel to the EMP User meeting 2022 there are a few options:<\/p><ol><li>you fly\/travel from your home airport\/place <strong>to Ko\u0161ice airport<\/strong> on September 18th, 2022, and then take a taxi from Ko\u0161ice airport to our meeting point. The meeting point is the <strong>Centre of Low Temperature Physics, Park Angelinum 9, Ko\u0161ice<\/strong>. From the meeting point, between 16:00-17:00 we plan to organize the transport to the place of the conference &#8211; hotel Patria, \u0160trbsk\u00e9 pleso, High Tatras mountains. A journey from Ko\u0161ice to \u0160trbsk\u00e9 pleso by the bus takes two hours maximum.<\/li><li>you may fly\/travel from your home airport\/place <strong>to the Budapest airport<\/strong>. Then you have to order in advance and take an airport shuttle between Budapest and Ko\u0161ice. There are a few companies providing this service:<br \/>&#8211; <a href=\"https:\/\/www.cassoviaexpres.sk\/en\/\" target=\"_blank\" rel=\"noopener\">Cassovia express<\/a> (https:\/\/www.cassoviaexpres.sk\/en\/),<br \/>&#8211; <a href=\"https:\/\/www.cassoviatransfer.sk\/?lang=en\" target=\"_blank\" rel=\"noopener\">Cassovia transfer<\/a> (https:\/\/www.cassoviatransfer.sk\/?lang=en\/)<br \/>&#8211; <a href=\"https:\/\/izijet.sk\/en\" target=\"_blank\" rel=\"noopener\">Izijet transfer<\/a> (https:\/\/izijet.sk\/en),<br \/>&#8211; <a href=\"https:\/\/connectotransfers.com\/en\" target=\"_blank\" rel=\"noopener\">Connecto<\/a> (https:\/\/connectotransfers.com\/en), etc.<br \/>Journey between Budapest airport and Ko\u0161ice takes 3 hours maximum. By arriving to Ko\u0161ice ((on September 18th, 2022), you continue to the meeting point (the Centre of Low Temperature Physics, Park Angelinum 9, Ko\u0161ice) by taking a taxi, or just by walk &#8211; 20 minutes walk from any shuttle station in Ko\u0161ice city.<\/li><li>you may fly\/travel from your home airport\/place <strong>to the Krakow airport<\/strong>. Then you have to order in advance and take a bus between Krakow and Ko\u0161ice\/Poprad. There are a few companies providing this service:<br \/>&#8211; <a href=\"https:\/\/tigairtaxi.sk\/\" target=\"_blank\" rel=\"noopener\">Tigair Taxi<\/a> (https:\/\/tigairtaxi.sk\/)<br \/>&#8211; <a href=\"https:\/\/shop.flixbus.co.uk\" target=\"_blank\" rel=\"noopener\">Flix bus<\/a> (https:\/\/shop.flixbus.co.uk), etc.<br \/>Journey between Krakow airport and Ko\u0161ice (Poprad) takes 3,5-5 (2,5-4) hours depending on taxi service. By arriving to Ko\u0161ice (Poprad) (on September 18th, 2022), you continue to the meeting point (the Centre of Low Temperature Physics, Park Angelinum 9, Ko\u0161ice) by taking a taxi, or just by walk &#8211; 20 minutes walk from any shuttle station in Ko\u0161ice. By arriving to Poprad, you may take an electric train from Poprad &#8211; railway station to \u0160trbsk\u00e9 pleso, and then walk to hotel Patria.<\/li><li>you may fly\/travel from your home airport\/place <strong>to the Vienna\/Bratislava\/Prague airport<\/strong>. Then you have continue to main railway station and use an Intercity train operating between Vienna\/Bratislava\/Prague and Ko\u0161ice\/Poprad. By arriving to Poprad city railway station, you may take an electric train from Poprad &#8211; railway station to \u0160trbsk\u00e9 pleso, and then walk to hotel Patria.<\/li><li>travelling by using <strong>your own car<\/strong> to the EMP User meeting place, you should keep in mind the Slovak rules of using the roads and motorways.<\/li><\/ol><p>In principle, you may arrive to Ko\u0161ice one day before, on September 17th, 2022. Then we shall arrange an accommodation for you in Ko\u0161ice city. Kosice city is worth to see.<\/p><p>In any case, let us know\/consult with us your travel schedule in order to be able to prepare the logistic and organize the travel plan.<\/p>\t\t\t\t\t\t<\/div>\n\t\t\t\t<\/div>\n\t\t\t\t\t<\/div>\n\t\t<\/div>\n\t\t\t\t\t\t\t<\/div>\n\t\t<\/section>\n\t\t\t\t<section class=\"elementor-section elementor-top-section elementor-element elementor-element-670bec02 elementor-section-content-middle elementor-section-boxed elementor-section-height-default elementor-section-height-default\" data-id=\"670bec02\" data-element_type=\"section\">\n\t\t\t\t\t\t<div class=\"elementor-container elementor-column-gap-default\">\n\t\t\t\t\t<div class=\"elementor-column elementor-col-50 elementor-top-column elementor-element elementor-element-4ba744dc\" data-id=\"4ba744dc\" data-element_type=\"column\">\n\t\t\t<div class=\"elementor-widget-wrap elementor-element-populated\">\n\t\t\t\t\t\t\t\t<div class=\"elementor-element elementor-element-3165472a elementor-widget elementor-widget-heading\" data-id=\"3165472a\" data-element_type=\"widget\" data-widget_type=\"heading.default\">\n\t\t\t\t<div class=\"elementor-widget-container\">\n\t\t\t<h1 class=\"elementor-heading-title elementor-size-medium\">Hotel Patria<\/h1>\t\t<\/div>\n\t\t\t\t<\/div>\n\t\t\t\t<div class=\"elementor-element elementor-element-649813a8 elementor-widget-divider--view-line elementor-widget elementor-widget-divider\" data-id=\"649813a8\" data-element_type=\"widget\" data-widget_type=\"divider.default\">\n\t\t\t\t<div class=\"elementor-widget-container\">\n\t\t\t\t\t<div class=\"elementor-divider\">\n\t\t\t<span class=\"elementor-divider-separator\">\n\t\t\t\t\t\t<\/span>\n\t\t<\/div>\n\t\t\t\t<\/div>\n\t\t\t\t<\/div>\n\t\t\t\t<div class=\"elementor-element elementor-element-6b393800 elementor-icon-list--layout-traditional elementor-list-item-link-full_width elementor-widget elementor-widget-icon-list\" data-id=\"6b393800\" data-element_type=\"widget\" data-widget_type=\"icon-list.default\">\n\t\t\t\t<div class=\"elementor-widget-container\">\n\t\t\t<link rel=\"stylesheet\" href=\"https:\/\/websrv.saske.sk\/EMP-UserMeeting2022\/wp-content\/plugins\/elementor\/assets\/css\/widget-icon-list.min.css\">\t\t<ul class=\"elementor-icon-list-items\">\n\t\t\t\t\t\t\t<li class=\"elementor-icon-list-item\">\n\t\t\t\t\t\t\t\t\t\t\t<span class=\"elementor-icon-list-icon\">\n\t\t\t\t\t\t\t<i aria-hidden=\"true\" class=\"fas fa-map-marker-alt\"><\/i>\t\t\t\t\t\t<\/span>\n\t\t\t\t\t\t\t\t\t\t<span class=\"elementor-icon-list-text\">\u0160trbsk\u00e9 Pleso 33, 059 85 Vysok\u00e9 Tatry - \u0160trbsk\u00e9 Pleso<\/span>\n\t\t\t\t\t\t\t\t\t<\/li>\n\t\t\t\t\t\t\t\t<li class=\"elementor-icon-list-item\">\n\t\t\t\t\t\t\t\t\t\t\t<span class=\"elementor-icon-list-icon\">\n\t\t\t\t\t\t\t<i aria-hidden=\"true\" class=\"fas fa-envelope-square\"><\/i>\t\t\t\t\t\t<\/span>\n\t\t\t\t\t\t\t\t\t\t<span class=\"elementor-icon-list-text\">recepcia@hotelpatria.sk<\/span>\n\t\t\t\t\t\t\t\t\t<\/li>\n\t\t\t\t\t\t\t\t<li class=\"elementor-icon-list-item\">\n\t\t\t\t\t\t\t\t\t\t\t<span class=\"elementor-icon-list-icon\">\n\t\t\t\t\t\t\t<i aria-hidden=\"true\" class=\"fas fa-phone-square\"><\/i>\t\t\t\t\t\t<\/span>\n\t\t\t\t\t\t\t\t\t\t<span class=\"elementor-icon-list-text\">+421 52 784 89 99<\/span>\n\t\t\t\t\t\t\t\t\t<\/li>\n\t\t\t\t\t\t<\/ul>\n\t\t\t\t<\/div>\n\t\t\t\t<\/div>\n\t\t\t\t\t<\/div>\n\t\t<\/div>\n\t\t\t\t<div class=\"elementor-column elementor-col-50 elementor-top-column elementor-element elementor-element-441aabe9\" data-id=\"441aabe9\" data-element_type=\"column\">\n\t\t\t<div class=\"elementor-widget-wrap elementor-element-populated\">\n\t\t\t\t\t\t\t\t<div class=\"elementor-element elementor-element-707a45a4 elementor-widget elementor-widget-google_maps\" data-id=\"707a45a4\" data-element_type=\"widget\" data-widget_type=\"google_maps.default\">\n\t\t\t\t<div class=\"elementor-widget-container\">\n\t\t\t<style>\/*! elementor - v3.6.6 - 08-06-2022 *\/\n.elementor-widget-google_maps .elementor-widget-container{overflow:hidden}.elementor-widget-google_maps iframe{height:300px}<\/style>\t\t<div class=\"elementor-custom-embed\">\n\t\t\t<iframe frameborder=\"0\" scrolling=\"no\" marginheight=\"0\" marginwidth=\"0\"\n\t\t\t\t\tsrc=\"https:\/\/maps.google.com\/maps?q=hotel%20Patria%2C%20vysok%C3%A9%20tatry&#038;t=m&#038;z=11&#038;output=embed&#038;iwloc=near\"\n\t\t\t\t\ttitle=\"hotel Patria, vysok\u00e9 tatry\"\n\t\t\t\t\taria-label=\"hotel Patria, vysok\u00e9 tatry\"\n\t\t\t><\/iframe>\n\t\t<\/div>\n\t\t\t\t<\/div>\n\t\t\t\t<\/div>\n\t\t\t\t\t<\/div>\n\t\t<\/div>\n\t\t\t\t\t\t\t<\/div>\n\t\t<\/section>\n\t\t\t\t\t\t\t<\/div>\n\t\t","protected":false},"excerpt":{"rendered":"<p>Venue The meeting venue is going to be provided by the Hotel Patria located in one of the most wonderful places of Slovakia \u2013 High Tatras mountains. The hotel stays near by the most sought-after alpine lake \u2013 \u0160trbsk\u00e9 pleso, surrounded by majestic peaks of Hight Tatras. Hotel Patria offers all facilities needed for organization &hellip;<\/p>\n<p class=\"read-more\"> <a class=\"\" href=\"https:\/\/websrv.saske.sk\/EMP-UserMeeting2022\/venue\/\"> <span class=\"screen-reader-text\">Venue<\/span> Read More &raquo;<\/a><\/p>\n","protected":false},"author":1,"featured_media":0,"parent":0,"menu_order":0,"comment_status":"closed","ping_status":"closed","template":"","meta":{"site-sidebar-layout":"no-sidebar","site-content-layout":"page-builder","ast-global-header-display":"","ast-main-header-display":"","ast-hfb-above-header-display":"","ast-hfb-below-header-display":"","ast-hfb-mobile-header-display":"","site-post-title":"disabled","ast-breadcrumbs-content":"","ast-featured-img":"disabled","footer-sml-layout":"","theme-transparent-header-meta":"enabled","adv-header-id-meta":"","stick-header-meta":"","header-above-stick-meta":"","header-main-stick-meta":"","header-below-stick-meta":"","footnotes":""},"class_list":["post-1232","page","type-page","status-publish","hentry"],"_links":{"self":[{"href":"https:\/\/websrv.saske.sk\/EMP-UserMeeting2022\/wp-json\/wp\/v2\/pages\/1232"}],"collection":[{"href":"https:\/\/websrv.saske.sk\/EMP-UserMeeting2022\/wp-json\/wp\/v2\/pages"}],"about":[{"href":"https:\/\/websrv.saske.sk\/EMP-UserMeeting2022\/wp-json\/wp\/v2\/types\/page"}],"author":[{"embeddable":true,"href":"https:\/\/websrv.saske.sk\/EMP-UserMeeting2022\/wp-json\/wp\/v2\/users\/1"}],"replies":[{"embeddable":true,"href":"https:\/\/websrv.saske.sk\/EMP-UserMeeting2022\/wp-json\/wp\/v2\/comments?post=1232"}],"version-history":[{"count":47,"href":"https:\/\/websrv.saske.sk\/EMP-UserMeeting2022\/wp-json\/wp\/v2\/pages\/1232\/revisions"}],"predecessor-version":[{"id":1818,"href":"https:\/\/websrv.saske.sk\/EMP-UserMeeting2022\/wp-json\/wp\/v2\/pages\/1232\/revisions\/1818"}],"wp:attachment":[{"href":"https:\/\/websrv.saske.sk\/EMP-UserMeeting2022\/wp-json\/wp\/v2\/media?parent=1232"}],"curies":[{"name":"wp","href":"https:\/\/api.w.org\/{rel}","templated":true}]}}